{"id":785452,"date":"2026-04-03T03:40:53","date_gmt":"2026-04-03T00:40:53","guid":{"rendered":"https:\/\/roveyayinevi.com.tr\/index.php\/urun\/ilahi-cevaplar-ve-sekanslar\/"},"modified":"2026-04-15T03:48:53","modified_gmt":"2026-04-15T00:48:53","slug":"ilahi-cevaplar-ve-sekanslar","status":"publish","type":"product","link":"https:\/\/roveyayinevi.com.tr\/index.php\/urun\/ilahi-cevaplar-ve-sekanslar\/","title":{"rendered":"\u0130lahi Cevaplar ve Sekanslar"},"content":{"rendered":"<p>Hayatta bazen bir cevap arar\u0131z. Bazen minik bir i\u015faret\u2026 Bazen kalbimizi rahatlatacak k\u00fc\u00e7\u00fcc\u00fck bir c\u00fcmle\u2026 Y\u00f6ns\u00fcz kald\u0131\u011f\u0131m\u0131zda bir harita\u2026\u0130lahi Cevaplar ve Sekanslar rasgele a\u00e7\u0131larak kullan\u0131lan bir ruhsal mesaj kitab\u0131d\u0131r. Her sayfada k\u0131sa bir i\u00e7sel rehberlik mesaj\u0131 ve bu mesaj\u0131n enerjisini destekleyen bir say\u0131 frekans\u0131 yer al\u0131r.\u015eimdi;G\u00f6zlerini kapat.Bir niyet tut.Ve kitab\u0131 rasgele a\u00e7.Belki de arad\u0131\u011f\u0131n mesaj tam o sayfada seni bekliyordur.Kimbilir, belki de bu kitab\u0131 eline alman bir tesad\u00fcf de\u011fildir. Ruhsal rehberinle kavu\u015fma \u00e2n\u0131nd\u0131r!<\/p>\n","protected":false},"excerpt":{"rendered":"<p>Hayatta bazen bir cevap arar\u0131z. Bazen minik bir i\u015faret\u2026 Bazen kalbimizi rahatlatacak k\u00fc\u00e7\u00fcc\u00fck bir c\u00fcmle\u2026 Y\u00f6ns\u00fcz kald\u0131\u011f\u0131m\u0131zda bir harita\u2026\u0130lahi Cevaplar ve Sekanslar rasgele a\u00e7\u0131larak kullan\u0131lan bir<span class=\"excerpt-hellip\"> [\u2026]<\/span><\/p>\n","protected":false},"featured_media":0,"template":"","meta":{"_monsterinsights_skip_tracking":false,"_monsterinsights_sitenote_active":false,"_monsterinsights_sitenote_note":"","_monsterinsights_sitenote_category":0},"product_brand":[],"product_cat":[20502,12357],"product_tag":[],"class_list":{"0":"post-785452","1":"product","2":"type-product","3":"status-publish","5":"product_cat-basvuru-kitaplari-psikoloji","6":"product_cat-psikoloji","7":"pa_cilt-ciltli","8":"pa_tur-kitap","9":"pa_yayinevi-muptela-yayinevi","10":"pa_yazar-kevser-demet","12":"first","13":"instock","14":"sale","15":"shipping-taxable","16":"purchasable","17":"product-type-simple"},"_links":{"self":[{"href":"https:\/\/roveyayinevi.com.tr\/index.php\/wp-json\/wp\/v2\/product\/785452","targetHints":{"allow":["GET"]}}],"collection":[{"href":"https:\/\/roveyayinevi.com.tr\/index.php\/wp-json\/wp\/v2\/product"}],"about":[{"href":"https:\/\/roveyayinevi.com.tr\/index.php\/wp-json\/wp\/v2\/types\/product"}],"wp:attachment":[{"href":"https:\/\/roveyayinevi.com.tr\/index.php\/wp-json\/wp\/v2\/media?parent=785452"}],"wp:term":[{"taxonomy":"product_brand","embeddable":true,"href":"https:\/\/roveyayinevi.com.tr\/index.php\/wp-json\/wp\/v2\/product_brand?post=785452"},{"taxonomy":"product_cat","embeddable":true,"href":"https:\/\/roveyayinevi.com.tr\/index.php\/wp-json\/wp\/v2\/product_cat?post=785452"},{"taxonomy":"product_tag","embeddable":true,"href":"https:\/\/roveyayinevi.com.tr\/index.php\/wp-json\/wp\/v2\/product_tag?post=785452"}],"curies":[{"name":"wp","href":"https:\/\/api.w.org\/{rel}","templated":true}]}}