{"id":785451,"date":"2026-04-03T03:40:51","date_gmt":"2026-04-03T00:40:51","guid":{"rendered":"https:\/\/roveyayinevi.com.tr\/index.php\/urun\/bocek-izciler-kampta-cizgi-romanla-doga-kesfi\/"},"modified":"2026-04-15T03:48:53","modified_gmt":"2026-04-15T00:48:53","slug":"bocek-izciler-kampta-cizgi-romanla-doga-kesfi","status":"publish","type":"product","link":"https:\/\/roveyayinevi.com.tr\/index.php\/urun\/bocek-izciler-kampta-cizgi-romanla-doga-kesfi\/","title":{"rendered":"B\u00f6cek \u0130zciler Kampta! \u00c7izgi Romanla Do\u011fa Ke\u015ffi"},"content":{"rendered":"<p>zciler, yine yeni rozetler pe\u015finde! Bu kez kamp yapmaya gidiyorlar ve orman\u0131n derinliklerinde bir canavar onlar\u0131 bekliyor\u2026 Yoksa bu canavar o kadar da korkutucu de\u011fil mi? \u0130zciler kamp yapmay\u0131 ba\u015farabilecek mi? Canavar\u0131n derdini ne \u00e7\u00f6zecek?Peki ya yeni izci rozeti ne olacak?Kitaplar\u0131n kapa\u011f\u0131n\u0131 a\u00e7maya \u00fc\u015fenen \u00e7ocuklara okumay\u0131 sevdirecek, \u201creluctant reader\u201d sorununa ila\u00e7 gibi gelecek bir kitap!Okumaya yeni ba\u015flayan \u00e7ocuklar i\u00e7in b\u00fcy\u00fck resimli, KOLAY OKUNUR bir tasar\u0131m.K\u0131sa b\u00f6l\u00fcmlerle ad\u0131m ad\u0131m ilerleyen, \u00c7\u0130ZG\u0130 ROMAN format\u0131nda e\u011flenceli metinler sunan ve KOM\u0130K karakterlerle DO\u011eA SEVG\u0130S\u0130 a\u015f\u0131layan bir macera.<\/p>\n","protected":false},"excerpt":{"rendered":"<p>zciler, yine yeni rozetler pe\u015finde! Bu kez kamp yapmaya gidiyorlar ve orman\u0131n derinliklerinde bir canavar onlar\u0131 bekliyor\u2026 Yoksa bu canavar o kadar da korkutucu de\u011fil mi?<span class=\"excerpt-hellip\"> [\u2026]<\/span><\/p>\n","protected":false},"featured_media":0,"template":"","meta":{"_monsterinsights_skip_tracking":false,"_monsterinsights_sitenote_active":false,"_monsterinsights_sitenote_note":"","_monsterinsights_sitenote_category":0},"product_brand":[],"product_cat":[141304],"product_tag":[],"class_list":{"0":"post-785451","1":"product","2":"type-product","3":"status-publish","5":"product_cat-yeni-cikanlar","6":"pa_cilt-ciltsiz","7":"pa_tur-kitap","8":"pa_yayinevi-ithaki-yayinlari","9":"pa_yazar-mike-lowery","11":"first","12":"instock","13":"sale","14":"shipping-taxable","15":"purchasable","16":"product-type-simple"},"_links":{"self":[{"href":"https:\/\/roveyayinevi.com.tr\/index.php\/wp-json\/wp\/v2\/product\/785451","targetHints":{"allow":["GET"]}}],"collection":[{"href":"https:\/\/roveyayinevi.com.tr\/index.php\/wp-json\/wp\/v2\/product"}],"about":[{"href":"https:\/\/roveyayinevi.com.tr\/index.php\/wp-json\/wp\/v2\/types\/product"}],"wp:attachment":[{"href":"https:\/\/roveyayinevi.com.tr\/index.php\/wp-json\/wp\/v2\/media?parent=785451"}],"wp:term":[{"taxonomy":"product_brand","embeddable":true,"href":"https:\/\/roveyayinevi.com.tr\/index.php\/wp-json\/wp\/v2\/product_brand?post=785451"},{"taxonomy":"product_cat","embeddable":true,"href":"https:\/\/roveyayinevi.com.tr\/index.php\/wp-json\/wp\/v2\/product_cat?post=785451"},{"taxonomy":"product_tag","embeddable":true,"href":"https:\/\/roveyayinevi.com.tr\/index.php\/wp-json\/wp\/v2\/product_tag?post=785451"}],"curies":[{"name":"wp","href":"https:\/\/api.w.org\/{rel}","templated":true}]}}