{"id":785448,"date":"2026-04-03T03:40:44","date_gmt":"2026-04-03T00:40:44","guid":{"rendered":"https:\/\/roveyayinevi.com.tr\/index.php\/urun\/20-yuzyil-hayaletleri\/"},"modified":"2026-04-15T03:48:53","modified_gmt":"2026-04-15T00:48:53","slug":"20-yuzyil-hayaletleri","status":"publish","type":"product","link":"https:\/\/roveyayinevi.com.tr\/index.php\/urun\/20-yuzyil-hayaletleri\/","title":{"rendered":"20.Y\u00fczy\u0131l Hayaletleri"},"content":{"rendered":"<p>\u201cBaz\u0131 kap\u0131lar kapand\u0131\u011f\u0131nda, i\u00e7eride ne kadar ba\u011f\u0131r\u0131rsan\u0131z ba\u011f\u0131r\u0131n, sizi kimse duyamaz.\u201dJoe Hill, t\u00fcr\u00fcn s\u0131n\u0131rlar\u0131n\u0131 zorlad\u0131\u011f\u0131 bu k\u00fclt \u00f6yk\u00fc derlemesinde, korkunun sadece karanl\u0131k k\u00f6\u015felerde de\u011fil; bir bodrum kat\u0131n\u0131n yal\u0131t\u0131lm\u0131\u015f sessizli\u011finde, bir sinema salonunun tozlu koltuklar\u0131nda ve insan ruhunun en mahrem dehlizlerinde sakland\u0131\u011f\u0131n\u0131 g\u00f6steriyor.Imogene, 1945\u2019ten beri bir sinema salonunun tozlu koltuklar\u0131nda g\u00fcn sayan gen\u00e7 ve g\u00fczel bir \u00f6l\u00fc. Francis bir zamanlar insand\u0131, \u015fimdiyse h\u00fcz\u00fcnl\u00fc \u015fark\u0131s\u0131yla d\u00fcnyay\u0131 sarsan dev bir b\u00f6cek. John, yar\u0131m d\u00fczine \u00e7ocu\u011fun kan\u0131yla lekelenmi\u015f bir bodrumda tutsak. Hatt\u0131 \u00e7oktan kesilmi\u015f antika bir telefonla, geceleri \u00f6l\u00fclerden gelen aramalar\u0131 bekliyor. Nolan ise karde\u015finin in\u015fa etti\u011fi devasa karton kalenin ard\u0131nda pusuya yatm\u0131\u015f tekinsiz d\u00fcnyalar\u0131 ke\u015ffediyor.Hill, her sayfada ger\u00e7ekli\u011fin zeminini aya\u011f\u0131n\u0131z\u0131n alt\u0131ndan kayd\u0131r\u0131rken sizi kurbanla cellad\u0131n birbirine kar\u0131\u015ft\u0131\u011f\u0131 o dar koridorlara hapsediyor. G\u00f6zkapaklar\u0131na dikilen g\u00fclen y\u00fcz d\u00fc\u011fmeleri, geri d\u00f6n\u00fc\u015f\u00fc olmayan o karanl\u0131k ormanlar ve sessizli\u011fin i\u00e7inden gelen f\u0131s\u0131lt\u0131lar, okuru ka\u00e7\u0131\u015f\u0131 olmayan bir deh\u015fetin i\u00e7ine \u00e7ekiyor. Kitab\u0131 kapatt\u0131\u011f\u0131n\u0131zda bile bu hayaletler sizinle kalmaya devam edecek.\u201cJoe Hill sinsi bir herif. Dev bir b\u00f6ce\u011fe d\u00f6n\u00fc\u015fen \u00e7ocu\u011fu anlatt\u0131\u011f\u0131 hik\u00e2yesi bile incelikli ve itiraf edelim, bu s\u0131k rastlanan bir \u015fey de\u011fildir.\u201d\u2014Christopher Golde<\/p>\n","protected":false},"excerpt":{"rendered":"<p>\u201cBaz\u0131 kap\u0131lar kapand\u0131\u011f\u0131nda, i\u00e7eride ne kadar ba\u011f\u0131r\u0131rsan\u0131z ba\u011f\u0131r\u0131n, sizi kimse duyamaz.\u201dJoe Hill, t\u00fcr\u00fcn s\u0131n\u0131rlar\u0131n\u0131 zorlad\u0131\u011f\u0131 bu k\u00fclt \u00f6yk\u00fc derlemesinde, korkunun sadece karanl\u0131k k\u00f6\u015felerde de\u011fil; bir bodrum<span class=\"excerpt-hellip\"> [\u2026]<\/span><\/p>\n","protected":false},"featured_media":0,"template":"","meta":{"_monsterinsights_skip_tracking":false,"_monsterinsights_sitenote_active":false,"_monsterinsights_sitenote_note":"","_monsterinsights_sitenote_category":0},"product_brand":[],"product_cat":[12803,12291],"product_tag":[],"class_list":{"0":"post-785448","1":"product","2":"type-product","3":"status-publish","5":"product_cat-aksiyon-macera","6":"product_cat-edebiyat","7":"pa_cilt-ciltsiz","8":"pa_tur-kitap","9":"pa_yayinevi-ithaki-yayinlari","10":"pa_yazar-joe-hill","12":"first","13":"instock","14":"sale","15":"shipping-taxable","16":"purchasable","17":"product-type-simple"},"_links":{"self":[{"href":"https:\/\/roveyayinevi.com.tr\/index.php\/wp-json\/wp\/v2\/product\/785448","targetHints":{"allow":["GET"]}}],"collection":[{"href":"https:\/\/roveyayinevi.com.tr\/index.php\/wp-json\/wp\/v2\/product"}],"about":[{"href":"https:\/\/roveyayinevi.com.tr\/index.php\/wp-json\/wp\/v2\/types\/product"}],"wp:attachment":[{"href":"https:\/\/roveyayinevi.com.tr\/index.php\/wp-json\/wp\/v2\/media?parent=785448"}],"wp:term":[{"taxonomy":"product_brand","embeddable":true,"href":"https:\/\/roveyayinevi.com.tr\/index.php\/wp-json\/wp\/v2\/product_brand?post=785448"},{"taxonomy":"product_cat","embeddable":true,"href":"https:\/\/roveyayinevi.com.tr\/index.php\/wp-json\/wp\/v2\/product_cat?post=785448"},{"taxonomy":"product_tag","embeddable":true,"href":"https:\/\/roveyayinevi.com.tr\/index.php\/wp-json\/wp\/v2\/product_tag?post=785448"}],"curies":[{"name":"wp","href":"https:\/\/api.w.org\/{rel}","templated":true}]}}