{"id":785446,"date":"2026-04-03T03:40:41","date_gmt":"2026-04-03T00:40:41","guid":{"rendered":"https:\/\/roveyayinevi.com.tr\/index.php\/urun\/balinayla-tanisan-cocuk-2\/"},"modified":"2026-04-15T03:48:53","modified_gmt":"2026-04-15T00:48:53","slug":"balinayla-tanisan-cocuk-2","status":"publish","type":"product","link":"https:\/\/roveyayinevi.com.tr\/index.php\/urun\/balinayla-tanisan-cocuk-2\/","title":{"rendered":"Balinayla Tan\u0131\u015fan \u00c7ocuk"},"content":{"rendered":"<p>Fil \u00c7alan K\u0131z\u2019\u0131n yazar\u0131ndan bir ba\u015fka macera daha geliyor. Tehlike, devasa bir mavi balina, kurgusal Sri Lanka\u2019da ge\u00e7en heyecan verici bir hik\u00e2ye! Yerel bir bal\u0131k\u00e7\u0131 olan Razi, bir teknenin g\u00f6ru\u0308\u015f alan\u0131na girdi\u011fini g\u00f6rdu\u0308\u011fu\u0308nde, yumurtadan \u00e7\u0131kan kaplumba\u011fa yavrular\u0131n\u0131 izler. \u00dc\u015fu\u0308yerek, kenarda as\u0131l\u0131 duran ku\u0308\u00e7u\u0308k, hareketsiz bir eli fark eder&#8230; \u0130\u00e7eride bir gemi enkaz\u0131ndan ka\u00e7an; deniz canavarlar\u0131 ve kay\u0131p hazine hik\u00e2yeleriyle dolu Zheng vard\u0131r. Ancak Zheng\u2019in pe\u015findeki k\u00f6tu\u0308 adamlar, Razi ve k\u0131z karde\u015fi Shifa\u2019n\u0131n da hemen pe\u015findedir. Ve b\u00f6ylece bu\u0308yu\u0308k bir deniz canl\u0131s\u0131n\u0131n g\u00f6lgesinde nefes kesici bir macera ba\u015flar\u2026<\/p>\n","protected":false},"excerpt":{"rendered":"<p>Fil \u00c7alan K\u0131z\u2019\u0131n yazar\u0131ndan bir ba\u015fka macera daha geliyor. Tehlike, devasa bir mavi balina, kurgusal Sri Lanka\u2019da ge\u00e7en heyecan verici bir hik\u00e2ye! Yerel bir bal\u0131k\u00e7\u0131 olan<span class=\"excerpt-hellip\"> [\u2026]<\/span><\/p>\n","protected":false},"featured_media":0,"template":"","meta":{"_monsterinsights_skip_tracking":false,"_monsterinsights_sitenote_active":false,"_monsterinsights_sitenote_note":"","_monsterinsights_sitenote_category":0},"product_brand":[],"product_cat":[141304],"product_tag":[],"class_list":{"0":"post-785446","1":"product","2":"type-product","3":"status-publish","5":"product_cat-yeni-cikanlar","6":"pa_cilt-ciltsiz","7":"pa_tur-kitap","8":"pa_yayinevi-eksik-parca-yayinlari","9":"pa_yazar-nizrana-farook","11":"first","12":"instock","13":"sale","14":"shipping-taxable","15":"purchasable","16":"product-type-simple"},"_links":{"self":[{"href":"https:\/\/roveyayinevi.com.tr\/index.php\/wp-json\/wp\/v2\/product\/785446","targetHints":{"allow":["GET"]}}],"collection":[{"href":"https:\/\/roveyayinevi.com.tr\/index.php\/wp-json\/wp\/v2\/product"}],"about":[{"href":"https:\/\/roveyayinevi.com.tr\/index.php\/wp-json\/wp\/v2\/types\/product"}],"wp:attachment":[{"href":"https:\/\/roveyayinevi.com.tr\/index.php\/wp-json\/wp\/v2\/media?parent=785446"}],"wp:term":[{"taxonomy":"product_brand","embeddable":true,"href":"https:\/\/roveyayinevi.com.tr\/index.php\/wp-json\/wp\/v2\/product_brand?post=785446"},{"taxonomy":"product_cat","embeddable":true,"href":"https:\/\/roveyayinevi.com.tr\/index.php\/wp-json\/wp\/v2\/product_cat?post=785446"},{"taxonomy":"product_tag","embeddable":true,"href":"https:\/\/roveyayinevi.com.tr\/index.php\/wp-json\/wp\/v2\/product_tag?post=785446"}],"curies":[{"name":"wp","href":"https:\/\/api.w.org\/{rel}","templated":true}]}}