{"id":785445,"date":"2026-04-03T03:40:38","date_gmt":"2026-04-03T00:40:38","guid":{"rendered":"https:\/\/roveyayinevi.com.tr\/index.php\/urun\/soygun\/"},"modified":"2026-04-15T03:48:50","modified_gmt":"2026-04-15T00:48:50","slug":"soygun","status":"publish","type":"product","link":"https:\/\/roveyayinevi.com.tr\/index.php\/urun\/soygun\/","title":{"rendered":"Soygun"},"content":{"rendered":"<p>\u201cSerpintili ya\u011fmur ve sert r\u00fczg\u00e2r alt\u0131nda sadaret landosu Bab-\u0131 H\u00fcmayun\u2019dan d\u00f6rtnala girdi.Ayasofya m\u00fcezzinleri ak\u015fam ezan\u0131n\u0131 okuyordu; Haydin kurtulu\u015fa!&#8230; Kurtulabilecek miydi acaba? Daha \u00fc\u00e7 saat evvel \u00e7\u0131kt\u0131\u011f\u0131 kap\u0131dan tekrar girerken i\u00e7indeki duygular karmakar\u0131\u015f\u0131kt\u0131. Cuma selaml\u0131\u011f\u0131ndan sonra Sultan Mahmut Hazretleri ba\u015f\u0131n\u0131n a\u011fr\u0131d\u0131\u011f\u0131ndan \u015fik\u00e2yetle bir par\u00e7a istirahat edece\u011fini s\u00f6ylemi\u015f, o da Pa\u015fakap\u0131s\u0131\u2019na d\u00f6nm\u00fc\u015ft\u00fc. Padi\u015fah\u0131 d\u00fc\u015f\u00fcnd\u00fc. Zavall\u0131 adam, tek ba\u015f\u0131na bir \u00fclkeyi ayakta tutmaya \u00e7al\u0131\u015f\u0131yordu. Mektepler a\u00e7t\u0131r\u0131yor, \u0131slahatlar yapt\u0131r\u0131yor, \u00fclkeyi kalk\u0131nd\u0131rmaya \u00e7al\u0131\u015f\u0131yordu. Ama zaman, mutsuz insanlar zaman\u0131yd\u0131. Halk\u0131 fikren \u00e7atlam\u0131\u015f, herkes birbirine \u00e7emkirir olmu\u015ftu. Devlet aleyhine \u00e7al\u0131\u015fan\u015fer \u015febekeleri her yandayd\u0131. Y\u00fczy\u0131llarca \u00fclkenin \u015fan\u0131 ve \u015ferefi olmu\u015f Hac\u0131 Bekta\u015f\u2019\u0131n kutsal kazan\u0131 yine devrilmi\u015f, ordu ile millet kar\u015f\u0131 kar\u015f\u0131ya gelmi\u015fti.\u201d1826 sonbahar\u0131n\u0131n puslu g\u00fcnleri\u2026 Zindanda bir m\u00fcderris, arastada bir m\u00fccellit, Kapal\u0131\u00e7ar\u015f\u0131\u2019da bir elmast\u0131ra\u015f. Saray\u0131n en de\u011ferli m\u00fccevherini \u00e7almalar\u0131 gerekiyor. Bir c\u00fcnd\u00eeye ihtiya\u00e7lar\u0131 var, bir de h\u0131rs\u0131za\u2026Peki ya h\u0131rs\u0131z \u00e2\u015f\u0131k ise?!..Nefesler kesen bir macera; \u0130skender Pala\u2019n\u0131n her zamanki yetkin kaleminden\u2026<\/p>\n","protected":false},"excerpt":{"rendered":"<p>\u201cSerpintili ya\u011fmur ve sert r\u00fczg\u00e2r alt\u0131nda sadaret landosu Bab-\u0131 H\u00fcmayun\u2019dan d\u00f6rtnala girdi.Ayasofya m\u00fcezzinleri ak\u015fam ezan\u0131n\u0131 okuyordu; Haydin kurtulu\u015fa!&#8230; Kurtulabilecek miydi acaba? Daha \u00fc\u00e7 saat evvel \u00e7\u0131kt\u0131\u011f\u0131<span class=\"excerpt-hellip\"> [\u2026]<\/span><\/p>\n","protected":false},"featured_media":0,"template":"","meta":{"_monsterinsights_skip_tracking":false,"_monsterinsights_sitenote_active":false,"_monsterinsights_sitenote_note":"","_monsterinsights_sitenote_category":0},"product_brand":[],"product_cat":[12291,12745],"product_tag":[],"class_list":{"0":"post-785445","1":"product","2":"type-product","3":"status-publish","5":"product_cat-edebiyat","6":"product_cat-tarihi-roman","7":"pa_cilt-ciltsiz","8":"pa_tur-kitap","9":"pa_yayinevi-kapi-yayinlari","10":"pa_yazar-iskender-pala","12":"first","13":"instock","14":"sale","15":"shipping-taxable","16":"purchasable","17":"product-type-simple"},"_links":{"self":[{"href":"https:\/\/roveyayinevi.com.tr\/index.php\/wp-json\/wp\/v2\/product\/785445","targetHints":{"allow":["GET"]}}],"collection":[{"href":"https:\/\/roveyayinevi.com.tr\/index.php\/wp-json\/wp\/v2\/product"}],"about":[{"href":"https:\/\/roveyayinevi.com.tr\/index.php\/wp-json\/wp\/v2\/types\/product"}],"wp:attachment":[{"href":"https:\/\/roveyayinevi.com.tr\/index.php\/wp-json\/wp\/v2\/media?parent=785445"}],"wp:term":[{"taxonomy":"product_brand","embeddable":true,"href":"https:\/\/roveyayinevi.com.tr\/index.php\/wp-json\/wp\/v2\/product_brand?post=785445"},{"taxonomy":"product_cat","embeddable":true,"href":"https:\/\/roveyayinevi.com.tr\/index.php\/wp-json\/wp\/v2\/product_cat?post=785445"},{"taxonomy":"product_tag","embeddable":true,"href":"https:\/\/roveyayinevi.com.tr\/index.php\/wp-json\/wp\/v2\/product_tag?post=785445"}],"curies":[{"name":"wp","href":"https:\/\/api.w.org\/{rel}","templated":true}]}}