{"id":785444,"date":"2026-04-03T03:40:36","date_gmt":"2026-04-03T00:40:36","guid":{"rendered":"https:\/\/roveyayinevi.com.tr\/index.php\/urun\/son-sanslar-sehri-zalim-filozoflar-i\/"},"modified":"2026-04-15T03:48:49","modified_gmt":"2026-04-15T00:48:49","slug":"son-sanslar-sehri-zalim-filozoflar-i","status":"publish","type":"product","link":"https:\/\/roveyayinevi.com.tr\/index.php\/urun\/son-sanslar-sehri-zalim-filozoflar-i\/","title":{"rendered":"Son \u015eanslar \u015eehri &#8211; Zalim Filozoflar I"},"content":{"rendered":"<p>2022 BFSA EN \u0130Y\u0130 FANTAST\u0130K ROMAN \u00d6D\u00dcL\u00dc KAZANANI2024 LOCUS EN \u0130Y\u0130 FANTAST\u0130K ROMAN \u00d6D\u00dcL\u00dc F\u0130NALIST\u0130Ilmar\u2026 Uzun g\u00f6lgelerin, k\u00f6t\u00fc kararlar\u0131n ve son \u015fanslar\u0131n \u015fehri\u2026Kimilerine g\u00f6re Ilmar d\u00fcnyan\u0131n en k\u00f6t\u00fc yeriydi, hatta \u00e7ok daha k\u00f6t\u00fclerine a\u00e7\u0131lan bir kap\u0131 oldu\u011funu s\u00f6yleyenler de vard\u0131. Buras\u0131 her zaman tekinsiz bir \u015fehirdi, ancak bu sefer y\u00fckselen karanl\u0131k ba\u015fkayd\u0131. \u015eimdilerde Palleseen i\u015fgalinin a\u011f\u0131r yumru\u011fu, su\u00e7 d\u00fcnyas\u0131n\u0131n bo\u011fucu h\u00e2kimiyeti, fabrika sahiplerinin bask\u0131c\u0131 y\u00f6netimi, yoksullar\u0131n y\u00fck\u00fc ve kadim lanetinin a\u011f\u0131rl\u0131\u011f\u0131 alt\u0131nda eziliyordu.Peki, bu yang\u0131n\u0131 tutu\u015fturacak ilk k\u0131v\u0131lc\u0131m\u0131 ne \u00e7akacakt\u0131?M\u00fcltecileri, serserileri, katilleri, delileri, fanatikleri ve h\u0131rs\u0131zlar\u0131yla birlikte Ilmar\u2019\u0131 yakacak \u015fey, her zamanki gibi karanl\u0131k a\u011fa\u00e7lar\u0131, ilkel \u00e7a\u011flardan kalma havas\u0131, dolunay \u0131\u015f\u0131\u011f\u0131nda tuhaf ve uzak diyarlara a\u00e7\u0131lan kap\u0131lar\u0131yla bir kez daha \u00c7apaorman olacakt\u0131.Zalim Filozoflar serisinin ilk kitab\u0131 Son \u015eanslar \u015eehri, Arthur C. Clarke \u00f6d\u00fcll\u00fc Adrian Tchaikovsky\u2019den i\u015fgal alt\u0131ndaki bir \u015fehrin ve devrimin e\u015fi\u011findeki bir toplumun karanl\u0131k portresi.\u201cS\u0131n\u0131rs\u0131z bir hayal g\u00fcc\u00fc&#8230; Her sat\u0131rdan yeni bir icat f\u0131\u015fk\u0131r\u0131yor.\u201d\u2014Patrick Ness\u201cFarkl\u0131 karakterlerle dolu, k\u0131vrak ve \u015fa\u015f\u0131rt\u0131c\u0131. T\u00fcm bunlar, muhte\u015fem \u015fekilde tasarlanan Ilmar \u015fehrinin fonuna kusursuzca yerle\u015fiyor.\u201d\u2014Django Wexler<\/p>\n","protected":false},"excerpt":{"rendered":"<p>2022 BFSA EN \u0130Y\u0130 FANTAST\u0130K ROMAN \u00d6D\u00dcL\u00dc KAZANANI2024 LOCUS EN \u0130Y\u0130 FANTAST\u0130K ROMAN \u00d6D\u00dcL\u00dc F\u0130NALIST\u0130Ilmar\u2026 Uzun g\u00f6lgelerin, k\u00f6t\u00fc kararlar\u0131n ve son \u015fanslar\u0131n \u015fehri\u2026Kimilerine g\u00f6re Ilmar d\u00fcnyan\u0131n<span class=\"excerpt-hellip\"> [\u2026]<\/span><\/p>\n","protected":false},"featured_media":0,"template":"","meta":{"_monsterinsights_skip_tracking":false,"_monsterinsights_sitenote_active":false,"_monsterinsights_sitenote_note":"","_monsterinsights_sitenote_category":0},"product_brand":[],"product_cat":[12291,14777],"product_tag":[],"class_list":{"0":"post-785444","1":"product","2":"type-product","3":"status-publish","5":"product_cat-edebiyat","6":"product_cat-fantastik","7":"pa_cilt-ciltsiz","8":"pa_tur-kitap","9":"pa_yayinevi-eksik-parca-yayinlari","10":"pa_yazar-adrian-tchaikovsky","12":"first","13":"instock","14":"sale","15":"shipping-taxable","16":"purchasable","17":"product-type-simple"},"_links":{"self":[{"href":"https:\/\/roveyayinevi.com.tr\/index.php\/wp-json\/wp\/v2\/product\/785444","targetHints":{"allow":["GET"]}}],"collection":[{"href":"https:\/\/roveyayinevi.com.tr\/index.php\/wp-json\/wp\/v2\/product"}],"about":[{"href":"https:\/\/roveyayinevi.com.tr\/index.php\/wp-json\/wp\/v2\/types\/product"}],"wp:attachment":[{"href":"https:\/\/roveyayinevi.com.tr\/index.php\/wp-json\/wp\/v2\/media?parent=785444"}],"wp:term":[{"taxonomy":"product_brand","embeddable":true,"href":"https:\/\/roveyayinevi.com.tr\/index.php\/wp-json\/wp\/v2\/product_brand?post=785444"},{"taxonomy":"product_cat","embeddable":true,"href":"https:\/\/roveyayinevi.com.tr\/index.php\/wp-json\/wp\/v2\/product_cat?post=785444"},{"taxonomy":"product_tag","embeddable":true,"href":"https:\/\/roveyayinevi.com.tr\/index.php\/wp-json\/wp\/v2\/product_tag?post=785444"}],"curies":[{"name":"wp","href":"https:\/\/api.w.org\/{rel}","templated":true}]}}