{"id":785441,"date":"2026-04-03T03:40:30","date_gmt":"2026-04-03T00:40:30","guid":{"rendered":"https:\/\/roveyayinevi.com.tr\/index.php\/urun\/starling-malikanesi\/"},"modified":"2026-04-15T03:48:49","modified_gmt":"2026-04-15T00:48:49","slug":"starling-malikanesi","status":"publish","type":"product","link":"https:\/\/roveyayinevi.com.tr\/index.php\/urun\/starling-malikanesi\/","title":{"rendered":"Starling Malik\u00e2nesi"},"content":{"rendered":"<p>Kentucky\u2019nin k\u00f6m\u00fcr tozuyla kapl\u0131, umutsuz kasabas\u0131 Eden\u2019da yirmi alt\u0131 ya\u015f\u0131ndaki Opal i\u00e7in hayat tek bir amaca hizmet eder: Ast\u0131m hastas\u0131 karde\u015fi Jasper\u2019\u0131 bu \u201clanetli\u201d yerden kurtarmak. Ancak her gece r\u00fcyalar\u0131nda onu \u00e7a\u011f\u0131ran bir yer vard\u0131r: Demir kap\u0131lar\u0131n\u0131n ard\u0131nda ne saklad\u0131\u011f\u0131 bilinmeyen efsanevi Starling Malik\u00e2nesi.Evin son muhaf\u0131z\u0131 Arthur Starling, d\u00f6vmelerle kapl\u0131 bedeni ve s\u0131r dolu ge\u00e7mi\u015fiyle kasaban\u0131n korkusunu \u00fczerinde toplam\u0131\u015f biridir. Opal, karde\u015finin gelece\u011fi i\u00e7in bu devasa malik\u00e2nede temizlik\u00e7i olarak \u00e7al\u0131\u015fmay\u0131 kabul etti\u011finde, kar\u015f\u0131s\u0131ndakinin sadece huysuz bir adam de\u011fil, Yeralt\u0131\u2019ndan s\u0131zan canavarlara kar\u015f\u0131 verilen as\u0131rl\u0131k bir sava\u015f\u0131n son cephesi oldu\u011funu anlar.Hugo \u00d6d\u00fcll\u00fc yazar Alix E. Harrow, bu modern gotik masalda ev ile yuva, miras ile lanet aras\u0131ndaki o ince \u00e7izgiyi sorguluyor. Starling Malik\u00e2nesi sadece bir bina de\u011fildir; hisseder, hat\u0131rlar ve r\u00fcya g\u00f6r\u00fcr. Sis \u00e7\u00f6kt\u00fc\u011f\u00fcnde ve k\u00e2buslar ete kemi\u011fe b\u00fcr\u00fcnd\u00fc\u011f\u00fcnde Opal \u015fu zor karar\u0131 vermelidir: Hi\u00e7bir yere ait olmayan biri, her \u015feyi pahas\u0131na bir yuvay\u0131 korumay\u0131 se\u00e7er mi?\u201cAlix E. Harrow, ola\u011fan\u00fcst\u00fc ve ink\u00e2r edilemez bir yetenek. Starling Malik\u00e2nesi, kurdu\u011fumuz yuvalar ve hak etti\u011fimiz sevgi konusunda bize nazik\u00e7e g\u00fcven veren, fazlas\u0131yla tatmin edici bir kitap. Kitap bi\u00e7iminde saf g\u00fczellik.\u201d\u2014 Olivie Blake\u201cK\u00f6m\u00fcr duman\u0131yla \u00f6rt\u00fcl\u00fc, korku ve romantizm aras\u0131nda g\u00f6steri\u015fli, karanl\u0131k bir \u00e7izgide ilerleyen, \u00fcrpertici, alacakaranl\u0131k bir gotik gizem. Starling Malik\u00e2nesi, Alix Harrow\u2019un bug\u00fcne kadarki en harika eseri \u2013 e\u011fer cehenneme do\u011fru yava\u015f yava\u015f s\u00fcr\u00fcnerek ilerlemesine dayanabilirseniz.\u201d\u2014 Ava Reid<\/p>\n","protected":false},"excerpt":{"rendered":"<p>Kentucky\u2019nin k\u00f6m\u00fcr tozuyla kapl\u0131, umutsuz kasabas\u0131 Eden\u2019da yirmi alt\u0131 ya\u015f\u0131ndaki Opal i\u00e7in hayat tek bir amaca hizmet eder: Ast\u0131m hastas\u0131 karde\u015fi Jasper\u2019\u0131 bu \u201clanetli\u201d yerden kurtarmak.<span class=\"excerpt-hellip\"> [\u2026]<\/span><\/p>\n","protected":false},"featured_media":0,"template":"","meta":{"_monsterinsights_skip_tracking":false,"_monsterinsights_sitenote_active":false,"_monsterinsights_sitenote_note":"","_monsterinsights_sitenote_category":0},"product_brand":[],"product_cat":[12291,14777],"product_tag":[],"class_list":{"0":"post-785441","1":"product","2":"type-product","3":"status-publish","5":"product_cat-edebiyat","6":"product_cat-fantastik","7":"pa_cilt-ciltsiz","8":"pa_tur-kitap","9":"pa_yayinevi-eksik-parca-yayinlari","10":"pa_yazar-alix-e-harrow","12":"first","13":"instock","14":"sale","15":"shipping-taxable","16":"purchasable","17":"product-type-simple"},"_links":{"self":[{"href":"https:\/\/roveyayinevi.com.tr\/index.php\/wp-json\/wp\/v2\/product\/785441","targetHints":{"allow":["GET"]}}],"collection":[{"href":"https:\/\/roveyayinevi.com.tr\/index.php\/wp-json\/wp\/v2\/product"}],"about":[{"href":"https:\/\/roveyayinevi.com.tr\/index.php\/wp-json\/wp\/v2\/types\/product"}],"wp:attachment":[{"href":"https:\/\/roveyayinevi.com.tr\/index.php\/wp-json\/wp\/v2\/media?parent=785441"}],"wp:term":[{"taxonomy":"product_brand","embeddable":true,"href":"https:\/\/roveyayinevi.com.tr\/index.php\/wp-json\/wp\/v2\/product_brand?post=785441"},{"taxonomy":"product_cat","embeddable":true,"href":"https:\/\/roveyayinevi.com.tr\/index.php\/wp-json\/wp\/v2\/product_cat?post=785441"},{"taxonomy":"product_tag","embeddable":true,"href":"https:\/\/roveyayinevi.com.tr\/index.php\/wp-json\/wp\/v2\/product_tag?post=785441"}],"curies":[{"name":"wp","href":"https:\/\/api.w.org\/{rel}","templated":true}]}}