{"id":785438,"date":"2026-04-03T03:40:25","date_gmt":"2026-04-03T00:40:25","guid":{"rendered":"https:\/\/roveyayinevi.com.tr\/index.php\/urun\/akame-keser-12\/"},"modified":"2026-04-15T03:48:49","modified_gmt":"2026-04-15T00:48:49","slug":"akame-keser-12","status":"publish","type":"product","link":"https:\/\/roveyayinevi.com.tr\/index.php\/urun\/akame-keser-12\/","title":{"rendered":"Akame, Keser! 12"},"content":{"rendered":"<p>TATSUM\u0130, ESDEATH VE BUDOU\u2019YLA KAR\u015eI KAR\u015eIYA KALIR. GECE AKINCILARI\u2019NIN AKIBET\u0130 BEL\u0130RS\u0130ZL\u0130\u011e\u0130N\u0130 S\u00dcRD\u00dcR\u00dcR! BU SIRADA DOROTHEA\u2019NIN TEHL\u0130KEL\u0130 S\u0130MYA YETENEKLER\u0130 A\u00c7I\u011eA \u00c7IKAR. PEK\u0130 TATSUM\u0130\u2019N\u0130N BEDEN\u0130NE NELER OLUYOR? \u201cB\u0130N YILLIK \u0130MPARATORLU\u011eUN \u00c7\u00d6K\u00dc\u015e\u00dc\u201dN\u00dcN BA\u015eLADI\u011eI ON \u0130K\u0130NC\u0130 C\u0130LT S\u0130ZLERLE!<\/p>\n","protected":false},"excerpt":{"rendered":"<p>TATSUM\u0130, ESDEATH VE BUDOU\u2019YLA KAR\u015eI KAR\u015eIYA KALIR. GECE AKINCILARI\u2019NIN AKIBET\u0130 BEL\u0130RS\u0130ZL\u0130\u011e\u0130N\u0130 S\u00dcRD\u00dcR\u00dcR! BU SIRADA DOROTHEA\u2019NIN TEHL\u0130KEL\u0130 S\u0130MYA YETENEKLER\u0130 A\u00c7I\u011eA \u00c7IKAR. PEK\u0130 TATSUM\u0130\u2019N\u0130N BEDEN\u0130NE NELER OLUYOR? \u201cB\u0130N<span class=\"excerpt-hellip\"> [\u2026]<\/span><\/p>\n","protected":false},"featured_media":0,"template":"","meta":{"_monsterinsights_skip_tracking":false,"_monsterinsights_sitenote_active":false,"_monsterinsights_sitenote_note":"","_monsterinsights_sitenote_category":0},"product_brand":[],"product_cat":[12416,12291],"product_tag":[],"class_list":{"0":"post-785438","1":"product","2":"type-product","3":"status-publish","5":"product_cat-cizgi-roman","6":"product_cat-edebiyat","7":"pa_cilt-ciltsiz","8":"pa_tur-kitap","9":"pa_yayinevi-athica-yayinlari","10":"pa_yazar-takahiro","12":"first","13":"instock","14":"sale","15":"shipping-taxable","16":"purchasable","17":"product-type-simple"},"_links":{"self":[{"href":"https:\/\/roveyayinevi.com.tr\/index.php\/wp-json\/wp\/v2\/product\/785438","targetHints":{"allow":["GET"]}}],"collection":[{"href":"https:\/\/roveyayinevi.com.tr\/index.php\/wp-json\/wp\/v2\/product"}],"about":[{"href":"https:\/\/roveyayinevi.com.tr\/index.php\/wp-json\/wp\/v2\/types\/product"}],"wp:attachment":[{"href":"https:\/\/roveyayinevi.com.tr\/index.php\/wp-json\/wp\/v2\/media?parent=785438"}],"wp:term":[{"taxonomy":"product_brand","embeddable":true,"href":"https:\/\/roveyayinevi.com.tr\/index.php\/wp-json\/wp\/v2\/product_brand?post=785438"},{"taxonomy":"product_cat","embeddable":true,"href":"https:\/\/roveyayinevi.com.tr\/index.php\/wp-json\/wp\/v2\/product_cat?post=785438"},{"taxonomy":"product_tag","embeddable":true,"href":"https:\/\/roveyayinevi.com.tr\/index.php\/wp-json\/wp\/v2\/product_tag?post=785438"}],"curies":[{"name":"wp","href":"https:\/\/api.w.org\/{rel}","templated":true}]}}