{"id":785437,"date":"2026-04-03T03:40:23","date_gmt":"2026-04-03T00:40:23","guid":{"rendered":"https:\/\/roveyayinevi.com.tr\/index.php\/urun\/akame-keser-11\/"},"modified":"2026-04-15T03:48:49","modified_gmt":"2026-04-15T00:48:49","slug":"akame-keser-11","status":"publish","type":"product","link":"https:\/\/roveyayinevi.com.tr\/index.php\/urun\/akame-keser-11\/","title":{"rendered":"Akame, Keser! 11"},"content":{"rendered":"<p>GECE AKINCILARI, VAH\u015e\u0130 AV\u2019IN PE\u015e\u0130NDED\u0130R. ANCAK KE\u015eFE \u00c7IKAN TATSUM\u0130 VE LUBO, SHURA\u2019NIN TUZA\u011eINA D\u00dc\u015eER. TATSUM\u0130\u2019N\u0130N ESDEATH \u0130LE TEKRAR KAR\u015eILA\u015eMA VAKT\u0130 GELM\u0130\u015eT\u0130R. \u00d6L\u00dcM VE A\u015eKIN ORTALI\u011eI KASIP KAVURDU\u011eU KARANLIK KURGU ON B\u0130R\u0130NC\u0130 C\u0130LD\u0130YLE KAR\u015eINIZDA!<\/p>\n","protected":false},"excerpt":{"rendered":"<p>GECE AKINCILARI, VAH\u015e\u0130 AV\u2019IN PE\u015e\u0130NDED\u0130R. ANCAK KE\u015eFE \u00c7IKAN TATSUM\u0130 VE LUBO, SHURA\u2019NIN TUZA\u011eINA D\u00dc\u015eER. TATSUM\u0130\u2019N\u0130N ESDEATH \u0130LE TEKRAR KAR\u015eILA\u015eMA VAKT\u0130 GELM\u0130\u015eT\u0130R. \u00d6L\u00dcM VE A\u015eKIN ORTALI\u011eI KASIP<span class=\"excerpt-hellip\"> [\u2026]<\/span><\/p>\n","protected":false},"featured_media":0,"template":"","meta":{"_monsterinsights_skip_tracking":false,"_monsterinsights_sitenote_active":false,"_monsterinsights_sitenote_note":"","_monsterinsights_sitenote_category":0},"product_brand":[],"product_cat":[12416,12291],"product_tag":[],"class_list":{"0":"post-785437","1":"product","2":"type-product","3":"status-publish","5":"product_cat-cizgi-roman","6":"product_cat-edebiyat","7":"pa_cilt-ciltsiz","8":"pa_tur-kitap","9":"pa_yayinevi-athica-yayinlari","10":"pa_yazar-takahiro","12":"first","13":"instock","14":"sale","15":"shipping-taxable","16":"purchasable","17":"product-type-simple"},"_links":{"self":[{"href":"https:\/\/roveyayinevi.com.tr\/index.php\/wp-json\/wp\/v2\/product\/785437","targetHints":{"allow":["GET"]}}],"collection":[{"href":"https:\/\/roveyayinevi.com.tr\/index.php\/wp-json\/wp\/v2\/product"}],"about":[{"href":"https:\/\/roveyayinevi.com.tr\/index.php\/wp-json\/wp\/v2\/types\/product"}],"wp:attachment":[{"href":"https:\/\/roveyayinevi.com.tr\/index.php\/wp-json\/wp\/v2\/media?parent=785437"}],"wp:term":[{"taxonomy":"product_brand","embeddable":true,"href":"https:\/\/roveyayinevi.com.tr\/index.php\/wp-json\/wp\/v2\/product_brand?post=785437"},{"taxonomy":"product_cat","embeddable":true,"href":"https:\/\/roveyayinevi.com.tr\/index.php\/wp-json\/wp\/v2\/product_cat?post=785437"},{"taxonomy":"product_tag","embeddable":true,"href":"https:\/\/roveyayinevi.com.tr\/index.php\/wp-json\/wp\/v2\/product_tag?post=785437"}],"curies":[{"name":"wp","href":"https:\/\/api.w.org\/{rel}","templated":true}]}}