{"id":785434,"date":"2026-04-03T03:40:15","date_gmt":"2026-04-03T00:40:15","guid":{"rendered":"https:\/\/roveyayinevi.com.tr\/index.php\/urun\/2-dedektif-ve-1-sosis-kopek\/"},"modified":"2026-04-15T03:48:44","modified_gmt":"2026-04-15T00:48:44","slug":"2-dedektif-ve-1-sosis-kopek","status":"publish","type":"product","link":"https:\/\/roveyayinevi.com.tr\/index.php\/urun\/2-dedektif-ve-1-sosis-kopek\/","title":{"rendered":"2 Dedektif ve 1 Sosis K\u00f6pek"},"content":{"rendered":"<p>\u00c7\u00f6z\u00fclmesi gereken bir vaka. Kurtar\u0131lmas\u0131 gereken bir arkada\u015f. Her \u015feyi yapmaya haz\u0131r, zeki dedektiflerden olu\u015fan bir ekip! Dedektif hik\u00e2yelerine bay\u0131lan Arturo\u2019nun en yak\u0131n arkada\u015f\u0131 Giovanni, haks\u0131z yere su\u00e7lan\u0131nca Arturo ve okula yeni gelen Agatha i\u015fe koyuldular. Hemen bu \u00f6nemli vakay\u0131 birlikte \u00e7\u00f6zmelilerdi!  \u0130pu\u00e7lar\u0131n\u0131 tek tek takip ederken gizem perdesi yava\u015f\u00e7a aralanacak ve olaylar, onlar\u0131 s\u00fcrprizlerle dolu bir maceraya \u00e7\u0131karacakt\u0131. Ve elbette bu macerada sosis k\u00f6pek yard\u0131mc\u0131lar\u0131 Poaro\u2019nun da rol\u00fc b\u00fcy\u00fckt\u00fc!<\/p>\n","protected":false},"excerpt":{"rendered":"<p>\u00c7\u00f6z\u00fclmesi gereken bir vaka. Kurtar\u0131lmas\u0131 gereken bir arkada\u015f. Her \u015feyi yapmaya haz\u0131r, zeki dedektiflerden olu\u015fan bir ekip! Dedektif hik\u00e2yelerine bay\u0131lan Arturo\u2019nun en yak\u0131n arkada\u015f\u0131 Giovanni, haks\u0131z<span class=\"excerpt-hellip\"> [\u2026]<\/span><\/p>\n","protected":false},"featured_media":0,"template":"","meta":{"_monsterinsights_skip_tracking":false,"_monsterinsights_sitenote_active":false,"_monsterinsights_sitenote_note":"","_monsterinsights_sitenote_category":0},"product_brand":[],"product_cat":[12689,12274],"product_tag":[],"class_list":{"0":"post-785434","1":"product","2":"type-product","3":"status-publish","5":"product_cat-cizgi-roman-cocuk-ve-genclik-kitaplari","6":"product_cat-cocuk-ve-genclik-kitaplari","7":"pa_cilt-ciltsiz","8":"pa_tur-kitap","9":"pa_yayinevi-eksik-parca-yayinlari","10":"pa_yazar-enrico-marigonda","12":"first","13":"instock","14":"sale","15":"shipping-taxable","16":"purchasable","17":"product-type-simple"},"_links":{"self":[{"href":"https:\/\/roveyayinevi.com.tr\/index.php\/wp-json\/wp\/v2\/product\/785434","targetHints":{"allow":["GET"]}}],"collection":[{"href":"https:\/\/roveyayinevi.com.tr\/index.php\/wp-json\/wp\/v2\/product"}],"about":[{"href":"https:\/\/roveyayinevi.com.tr\/index.php\/wp-json\/wp\/v2\/types\/product"}],"wp:attachment":[{"href":"https:\/\/roveyayinevi.com.tr\/index.php\/wp-json\/wp\/v2\/media?parent=785434"}],"wp:term":[{"taxonomy":"product_brand","embeddable":true,"href":"https:\/\/roveyayinevi.com.tr\/index.php\/wp-json\/wp\/v2\/product_brand?post=785434"},{"taxonomy":"product_cat","embeddable":true,"href":"https:\/\/roveyayinevi.com.tr\/index.php\/wp-json\/wp\/v2\/product_cat?post=785434"},{"taxonomy":"product_tag","embeddable":true,"href":"https:\/\/roveyayinevi.com.tr\/index.php\/wp-json\/wp\/v2\/product_tag?post=785434"}],"curies":[{"name":"wp","href":"https:\/\/api.w.org\/{rel}","templated":true}]}}