{"id":785432,"date":"2026-04-03T03:40:08","date_gmt":"2026-04-03T00:40:08","guid":{"rendered":"https:\/\/roveyayinevi.com.tr\/index.php\/urun\/cesitli-yonleriyle-yaslilik-ve-rekreasyon\/"},"modified":"2026-04-15T03:48:37","modified_gmt":"2026-04-15T00:48:37","slug":"cesitli-yonleriyle-yaslilik-ve-rekreasyon","status":"publish","type":"product","link":"https:\/\/roveyayinevi.com.tr\/index.php\/urun\/cesitli-yonleriyle-yaslilik-ve-rekreasyon\/","title":{"rendered":"\u00c7e\u015fitli Y\u00f6nleriyle Ya\u015fl\u0131l\u0131k Ve Rekreasyon"},"content":{"rendered":"<p>1.\u00d6ZET  2. ABSTRACT  3. G\u0130R\u0130\u015e  4.GENEL B\u0130LG\u0130LER  5.YA\u015eLILARDA REKREASYONLA \u0130LG\u0130L\u0130 T\u00dcRK\u0130YE\u2019DE VE D\u00dcNYA\u2019DA YAPILAN \u00c7ALI\u015eMALAR  6.SONU\u00c7 VE \u00d6NER\u0130LER 7. KAYNAKLAR<\/p>\n","protected":false},"excerpt":{"rendered":"<p>1.\u00d6ZET 2. ABSTRACT 3. G\u0130R\u0130\u015e 4.GENEL B\u0130LG\u0130LER 5.YA\u015eLILARDA REKREASYONLA \u0130LG\u0130L\u0130 T\u00dcRK\u0130YE\u2019DE VE D\u00dcNYA\u2019DA YAPILAN \u00c7ALI\u015eMALAR 6.SONU\u00c7 VE \u00d6NER\u0130LER 7. KAYNAKLAR<\/p>\n","protected":false},"featured_media":0,"template":"","meta":{"_monsterinsights_skip_tracking":false,"_monsterinsights_sitenote_active":false,"_monsterinsights_sitenote_note":"","_monsterinsights_sitenote_category":0},"product_brand":[],"product_cat":[16965,13365],"product_tag":[],"class_list":{"0":"post-785432","1":"product","2":"type-product","3":"status-publish","5":"product_cat-genel-saglik-kitaplari","6":"product_cat-saglik","7":"pa_cilt-ciltsiz","8":"pa_tur-kitap","9":"pa_yayinevi-gazi-kitabevi","10":"pa_yazar-mikail-tel","11":"pa_yazar-sadan-togacar","13":"first","14":"instock","15":"sale","16":"shipping-taxable","17":"purchasable","18":"product-type-simple"},"_links":{"self":[{"href":"https:\/\/roveyayinevi.com.tr\/index.php\/wp-json\/wp\/v2\/product\/785432","targetHints":{"allow":["GET"]}}],"collection":[{"href":"https:\/\/roveyayinevi.com.tr\/index.php\/wp-json\/wp\/v2\/product"}],"about":[{"href":"https:\/\/roveyayinevi.com.tr\/index.php\/wp-json\/wp\/v2\/types\/product"}],"wp:attachment":[{"href":"https:\/\/roveyayinevi.com.tr\/index.php\/wp-json\/wp\/v2\/media?parent=785432"}],"wp:term":[{"taxonomy":"product_brand","embeddable":true,"href":"https:\/\/roveyayinevi.com.tr\/index.php\/wp-json\/wp\/v2\/product_brand?post=785432"},{"taxonomy":"product_cat","embeddable":true,"href":"https:\/\/roveyayinevi.com.tr\/index.php\/wp-json\/wp\/v2\/product_cat?post=785432"},{"taxonomy":"product_tag","embeddable":true,"href":"https:\/\/roveyayinevi.com.tr\/index.php\/wp-json\/wp\/v2\/product_tag?post=785432"}],"curies":[{"name":"wp","href":"https:\/\/api.w.org\/{rel}","templated":true}]}}