{"id":785431,"date":"2026-04-03T03:40:05","date_gmt":"2026-04-03T00:40:05","guid":{"rendered":"https:\/\/roveyayinevi.com.tr\/index.php\/urun\/bronz-1-seytan\/"},"modified":"2026-04-15T03:48:36","modified_gmt":"2026-04-15T00:48:36","slug":"bronz-1-seytan","status":"publish","type":"product","link":"https:\/\/roveyayinevi.com.tr\/index.php\/urun\/bronz-1-seytan\/","title":{"rendered":"Bronz 1: \u015eeytan"},"content":{"rendered":"<p>\u201cKartlar yeniden da\u011f\u0131t\u0131ld\u0131. Kartlar kaderimizdi. Kimse kaderinin d\u0131\u015f\u0131na \u00e7\u0131kamad\u0131.\u201dKaranl\u0131k \u00f6rg\u00fct\u00fcn kurdu\u011fu d\u00fczen i\u00e7in do\u011fmu\u015f bir k\u0131z \u00e7ocu\u011fuyken ona verilen en b\u00fcy\u00fck ceza sevgisizlikti.Kaderini kabullendi ve kart\u0131n\u0131 oynad\u0131.O kim miydi?Hisar Alatav. Hay\u0131r, sil. His Alatav.Karanl\u0131k d\u00fczenin k\u0131yameti olmak \u00fczere.O ise Bronz. Karanl\u0131k \u00f6rg\u00fcte ba\u015fkald\u0131r\u0131p kartlar\u0131 yeniden da\u011f\u0131tan adam. Ona Bronz derler\u2026 Onlar\u0131ntohumlar\u0131 el bebek g\u00fcl bebek de\u011fil; el bebek \u00f6l bebekti.Uyar\u0131: Yeti\u015fkinler i\u00e7in uygundur.<\/p>\n","protected":false},"excerpt":{"rendered":"<p>\u201cKartlar yeniden da\u011f\u0131t\u0131ld\u0131. Kartlar kaderimizdi. Kimse kaderinin d\u0131\u015f\u0131na \u00e7\u0131kamad\u0131.\u201dKaranl\u0131k \u00f6rg\u00fct\u00fcn kurdu\u011fu d\u00fczen i\u00e7in do\u011fmu\u015f bir k\u0131z \u00e7ocu\u011fuyken ona verilen en b\u00fcy\u00fck ceza sevgisizlikti.Kaderini kabullendi ve kart\u0131n\u0131<span class=\"excerpt-hellip\"> [\u2026]<\/span><\/p>\n","protected":false},"featured_media":0,"template":"","meta":{"_monsterinsights_skip_tracking":false,"_monsterinsights_sitenote_active":false,"_monsterinsights_sitenote_note":"","_monsterinsights_sitenote_category":0},"product_brand":[],"product_cat":[12291,17033],"product_tag":[],"class_list":{"0":"post-785431","1":"product","2":"type-product","3":"status-publish","5":"product_cat-edebiyat","6":"product_cat-korku-gerilim","7":"pa_cilt-ciltsiz","8":"pa_tur-kitap","9":"pa_yayinevi-guardian","10":"pa_yazar-ozge-naz","12":"first","13":"instock","14":"sale","15":"shipping-taxable","16":"purchasable","17":"product-type-simple"},"_links":{"self":[{"href":"https:\/\/roveyayinevi.com.tr\/index.php\/wp-json\/wp\/v2\/product\/785431","targetHints":{"allow":["GET"]}}],"collection":[{"href":"https:\/\/roveyayinevi.com.tr\/index.php\/wp-json\/wp\/v2\/product"}],"about":[{"href":"https:\/\/roveyayinevi.com.tr\/index.php\/wp-json\/wp\/v2\/types\/product"}],"wp:attachment":[{"href":"https:\/\/roveyayinevi.com.tr\/index.php\/wp-json\/wp\/v2\/media?parent=785431"}],"wp:term":[{"taxonomy":"product_brand","embeddable":true,"href":"https:\/\/roveyayinevi.com.tr\/index.php\/wp-json\/wp\/v2\/product_brand?post=785431"},{"taxonomy":"product_cat","embeddable":true,"href":"https:\/\/roveyayinevi.com.tr\/index.php\/wp-json\/wp\/v2\/product_cat?post=785431"},{"taxonomy":"product_tag","embeddable":true,"href":"https:\/\/roveyayinevi.com.tr\/index.php\/wp-json\/wp\/v2\/product_tag?post=785431"}],"curies":[{"name":"wp","href":"https:\/\/api.w.org\/{rel}","templated":true}]}}