{"id":785429,"date":"2026-04-03T03:34:40","date_gmt":"2026-04-03T00:34:40","guid":{"rendered":"https:\/\/roveyayinevi.com.tr\/index.php\/urun\/rekreasyonel-yerel-parklarin-sahip-olmasi-gereken-ozelliklerin-uzman-goruslerine-gore-belirlenmesi-eskisehir-ili-ornegi\/"},"modified":"2026-04-15T03:43:45","modified_gmt":"2026-04-15T00:43:45","slug":"rekreasyonel-yerel-parklarin-sahip-olmasi-gereken-ozelliklerin-uzman-goruslerine-gore-belirlenmesi-eskisehir-ili-ornegi","status":"publish","type":"product","link":"https:\/\/roveyayinevi.com.tr\/index.php\/urun\/rekreasyonel-yerel-parklarin-sahip-olmasi-gereken-ozelliklerin-uzman-goruslerine-gore-belirlenmesi-eskisehir-ili-ornegi\/","title":{"rendered":"Rekreasyonel Yerel Parklar\u0131n Sahip Olmas\u0131 Gereken \u00d6zelliklerin Uzman G\u00f6r\u00fc\u015flerine G\u00f6re Belirlenmesi: Eski\u015fehir \u0130li \u00d6rne\u011fi"},"content":{"rendered":"<p>\u0130\u00e7indekiler :            1. G\u0130R\u0130\u015e          2. Y\u00d6NTEM          3. BULGULAR <\/p>\n","protected":false},"excerpt":{"rendered":"<p>\u0130\u00e7indekiler : 1. G\u0130R\u0130\u015e 2. Y\u00d6NTEM 3. BULGULAR<\/p>\n","protected":false},"featured_media":0,"template":"","meta":{"_monsterinsights_skip_tracking":false,"_monsterinsights_sitenote_active":false,"_monsterinsights_sitenote_note":"","_monsterinsights_sitenote_category":0},"product_brand":[],"product_cat":[15563,15564],"product_tag":[],"class_list":{"0":"post-785429","1":"product","2":"type-product","3":"status-publish","5":"product_cat-hobi","6":"product_cat-spor","7":"pa_cilt-ciltsiz","8":"pa_tur-kitap","9":"pa_yayinevi-gazi-kitabevi","10":"pa_yazar-alican-bayram","12":"first","13":"instock","14":"sale","15":"shipping-taxable","16":"purchasable","17":"product-type-simple"},"_links":{"self":[{"href":"https:\/\/roveyayinevi.com.tr\/index.php\/wp-json\/wp\/v2\/product\/785429","targetHints":{"allow":["GET"]}}],"collection":[{"href":"https:\/\/roveyayinevi.com.tr\/index.php\/wp-json\/wp\/v2\/product"}],"about":[{"href":"https:\/\/roveyayinevi.com.tr\/index.php\/wp-json\/wp\/v2\/types\/product"}],"wp:attachment":[{"href":"https:\/\/roveyayinevi.com.tr\/index.php\/wp-json\/wp\/v2\/media?parent=785429"}],"wp:term":[{"taxonomy":"product_brand","embeddable":true,"href":"https:\/\/roveyayinevi.com.tr\/index.php\/wp-json\/wp\/v2\/product_brand?post=785429"},{"taxonomy":"product_cat","embeddable":true,"href":"https:\/\/roveyayinevi.com.tr\/index.php\/wp-json\/wp\/v2\/product_cat?post=785429"},{"taxonomy":"product_tag","embeddable":true,"href":"https:\/\/roveyayinevi.com.tr\/index.php\/wp-json\/wp\/v2\/product_tag?post=785429"}],"curies":[{"name":"wp","href":"https:\/\/api.w.org\/{rel}","templated":true}]}}