{"id":785428,"date":"2026-04-03T03:34:38","date_gmt":"2026-04-03T00:34:38","guid":{"rendered":"https:\/\/roveyayinevi.com.tr\/index.php\/urun\/spor-ve-rekreasyonel-calismalar\/"},"modified":"2026-04-15T03:43:45","modified_gmt":"2026-04-15T00:43:45","slug":"spor-ve-rekreasyonel-calismalar","status":"publish","type":"product","link":"https:\/\/roveyayinevi.com.tr\/index.php\/urun\/spor-ve-rekreasyonel-calismalar\/","title":{"rendered":"Spor Ve Rekreasyonel \u00c7al\u0131\u015fmalar"},"content":{"rendered":"<p>\u0130\u00e7indekiler :         1. Rekreasyon Aktivitelerinin Ya\u015fl\u0131lar \u0130\u00e7in \u00d6nemi         2. Rekreasyon ve Basketbol \u0130li\u015fkisi         3. E-Sporun Rekreasyon Amac\u0131yla G\u00fcn\u00fcm\u00fcze Uyarlanmas\u0131         4. Rekreasyonda Sanatsal Bir Y\u00f6ntem Olarak Tiyatro ve Drama         5.Spor Bilimlerinde Bili\u015fsel Esnekli\u011fin \u00d6l\u00e7\u00fclmesi: Y\u00f6ntemler, Uygulamalar ve G\u00fcncel Yakla\u015f\u0131mlar         6.Rekreasyonel Tenisin Kad\u0131nlar Aras\u0131nda Toplumsal Dayan\u0131\u015fmay\u0131 G\u00fc\u00e7lendirme Potansiyeli         7. Voleybolda Psikolojik Ak\u0131\u015f (Flow) Deneyimi <\/p>\n","protected":false},"excerpt":{"rendered":"<p>\u0130\u00e7indekiler : 1. Rekreasyon Aktivitelerinin Ya\u015fl\u0131lar \u0130\u00e7in \u00d6nemi 2. Rekreasyon ve Basketbol \u0130li\u015fkisi 3. E-Sporun Rekreasyon Amac\u0131yla G\u00fcn\u00fcm\u00fcze Uyarlanmas\u0131 4. Rekreasyonda Sanatsal Bir Y\u00f6ntem Olarak Tiyatro<span class=\"excerpt-hellip\"> [\u2026]<\/span><\/p>\n","protected":false},"featured_media":0,"template":"","meta":{"_monsterinsights_skip_tracking":false,"_monsterinsights_sitenote_active":false,"_monsterinsights_sitenote_note":"","_monsterinsights_sitenote_category":0},"product_brand":[],"product_cat":[15563,15564],"product_tag":[],"class_list":{"0":"post-785428","1":"product","2":"type-product","3":"status-publish","5":"product_cat-hobi","6":"product_cat-spor","7":"pa_cilt-ciltsiz","8":"pa_tur-kitap","9":"pa_yayinevi-gazi-kitabevi","10":"pa_yazar-kolektif","12":"first","13":"instock","14":"sale","15":"shipping-taxable","16":"purchasable","17":"product-type-simple"},"_links":{"self":[{"href":"https:\/\/roveyayinevi.com.tr\/index.php\/wp-json\/wp\/v2\/product\/785428","targetHints":{"allow":["GET"]}}],"collection":[{"href":"https:\/\/roveyayinevi.com.tr\/index.php\/wp-json\/wp\/v2\/product"}],"about":[{"href":"https:\/\/roveyayinevi.com.tr\/index.php\/wp-json\/wp\/v2\/types\/product"}],"wp:attachment":[{"href":"https:\/\/roveyayinevi.com.tr\/index.php\/wp-json\/wp\/v2\/media?parent=785428"}],"wp:term":[{"taxonomy":"product_brand","embeddable":true,"href":"https:\/\/roveyayinevi.com.tr\/index.php\/wp-json\/wp\/v2\/product_brand?post=785428"},{"taxonomy":"product_cat","embeddable":true,"href":"https:\/\/roveyayinevi.com.tr\/index.php\/wp-json\/wp\/v2\/product_cat?post=785428"},{"taxonomy":"product_tag","embeddable":true,"href":"https:\/\/roveyayinevi.com.tr\/index.php\/wp-json\/wp\/v2\/product_tag?post=785428"}],"curies":[{"name":"wp","href":"https:\/\/api.w.org\/{rel}","templated":true}]}}