{"id":785427,"date":"2026-04-03T03:25:58","date_gmt":"2026-04-03T00:25:58","guid":{"rendered":"https:\/\/roveyayinevi.com.tr\/index.php\/urun\/bilimin-sultanlari\/"},"modified":"2026-04-03T03:25:58","modified_gmt":"2026-04-03T00:25:58","slug":"bilimin-sultanlari","status":"publish","type":"product","link":"https:\/\/roveyayinevi.com.tr\/index.php\/urun\/bilimin-sultanlari\/","title":{"rendered":"Bilimin Sultanlar\u0131"},"content":{"rendered":"<p>Bilim tarihinde her sat\u0131r, kad\u0131nlar\u0131n cesareti ve zek\u00e2s\u0131yla yaz\u0131lm\u0131\u015f, ancak uzun y\u0131llar sessiz kalm\u0131\u015f hik\u00e2yelerle doludur. \u201cBilimin Sultanlar\u0131\u201d, Antik \u00c7a\u011f\u2019dan g\u00fcn\u00fcm\u00fcze, bilimi d\u00f6n\u00fc\u015ft\u00fcren kad\u0131nlar\u0131n hik\u00e2yelerini ayd\u0131nlat\u0131yor. Hypatia\u2019n\u0131n filozofik azmi, Marie Curie\u2019nin Nobel\u2019e uzanan m\u00fccadelesi, Rosalind Franklin\u2019in DNA\u2019n\u0131ns\u0131rlar\u0131na \u0131\u015f\u0131k tutmas\u0131, \u00d6zlem T\u00fcreci\u2019nin insanl\u0131\u011fa umut olan \u00e7al\u0131\u015fmalar\u0131\u2026 Bu kad\u0131nlar\u0131n ba\u015far\u0131lar\u0131, yaln\u0131zca bilimi de\u011fil, \u00f6nyarg\u0131lar\u0131 da d\u00f6n\u00fc\u015ft\u00fcrd\u00fc. Ulviye K\u00fccc\u00fck, s\u0131cak ve ilham dolu bir \u00fcslupla kaleme ald\u0131\u011f\u0131 bu kitapta, kad\u0131nlar\u0131n bilime katt\u0131\u011f\u0131 e\u015fsiz de\u011feri g\u00f6zler \u00f6n\u00fcne seriyor. \u201cBilimin Sultanlar\u0131\u201d, yaln\u0131zca tarihe bir sayg\u0131 duru\u015fu de\u011fil; gen\u00e7 kad\u0131nlara hayallerinin pe\u015finden gitmeleri i\u00e7in bir davet. Hayat de\u011fi\u015ftiren bulu\u015flar\u0131n ve cesur ad\u0131mlar\u0131n ard\u0131ndaki kad\u0131nlar\u0131 tan\u0131maya haz\u0131r m\u0131s\u0131n\u0131z? Bu ilham dolu hik\u00e2yeler size de bilimin s\u0131n\u0131rs\u0131z g\u00fcc\u00fcn\u00fc f\u0131s\u0131ldayacak.<\/p>\n","protected":false},"excerpt":{"rendered":"<p>Bilim tarihinde her sat\u0131r, kad\u0131nlar\u0131n cesareti ve zek\u00e2s\u0131yla yaz\u0131lm\u0131\u015f, ancak uzun y\u0131llar sessiz kalm\u0131\u015f hik\u00e2yelerle doludur. \u201cBilimin Sultanlar\u0131\u201d, Antik \u00c7a\u011f\u2019dan g\u00fcn\u00fcm\u00fcze, bilimi d\u00f6n\u00fc\u015ft\u00fcren kad\u0131nlar\u0131n hik\u00e2yelerini ayd\u0131nlat\u0131yor.<span class=\"excerpt-hellip\"> [\u2026]<\/span><\/p>\n","protected":false},"featured_media":0,"template":"","meta":{"_monsterinsights_skip_tracking":false,"_monsterinsights_sitenote_active":false,"_monsterinsights_sitenote_note":"","_monsterinsights_sitenote_category":0},"product_brand":[],"product_cat":[12370,12304],"product_tag":[],"class_list":{"0":"post-785427","1":"product","2":"type-product","3":"status-publish","5":"product_cat-arastirma-inceleme","6":"product_cat-tarih","7":"pa_cilt-ciltsiz","8":"pa_tur-kitap","9":"pa_yayinevi-halk-kitabevi","10":"pa_yazar-ulviye-kuccuk","12":"first","13":"instock","14":"sale","15":"shipping-taxable","16":"purchasable","17":"product-type-simple"},"_links":{"self":[{"href":"https:\/\/roveyayinevi.com.tr\/index.php\/wp-json\/wp\/v2\/product\/785427","targetHints":{"allow":["GET"]}}],"collection":[{"href":"https:\/\/roveyayinevi.com.tr\/index.php\/wp-json\/wp\/v2\/product"}],"about":[{"href":"https:\/\/roveyayinevi.com.tr\/index.php\/wp-json\/wp\/v2\/types\/product"}],"wp:attachment":[{"href":"https:\/\/roveyayinevi.com.tr\/index.php\/wp-json\/wp\/v2\/media?parent=785427"}],"wp:term":[{"taxonomy":"product_brand","embeddable":true,"href":"https:\/\/roveyayinevi.com.tr\/index.php\/wp-json\/wp\/v2\/product_brand?post=785427"},{"taxonomy":"product_cat","embeddable":true,"href":"https:\/\/roveyayinevi.com.tr\/index.php\/wp-json\/wp\/v2\/product_cat?post=785427"},{"taxonomy":"product_tag","embeddable":true,"href":"https:\/\/roveyayinevi.com.tr\/index.php\/wp-json\/wp\/v2\/product_tag?post=785427"}],"curies":[{"name":"wp","href":"https:\/\/api.w.org\/{rel}","templated":true}]}}