{"id":785426,"date":"2026-04-03T03:23:04","date_gmt":"2026-04-03T00:23:04","guid":{"rendered":"https:\/\/roveyayinevi.com.tr\/index.php\/urun\/gumus-yurek-2-bilinmeyen-lanetin-kederi-ciltli-ozel-kutulu-set\/"},"modified":"2026-04-15T03:31:41","modified_gmt":"2026-04-15T00:31:41","slug":"gumus-yurek-2-bilinmeyen-lanetin-kederi-ciltli-ozel-kutulu-set","status":"publish","type":"product","link":"https:\/\/roveyayinevi.com.tr\/index.php\/urun\/gumus-yurek-2-bilinmeyen-lanetin-kederi-ciltli-ozel-kutulu-set\/","title":{"rendered":"G\u00fcm\u00fc\u015f Y\u00fcrek 2: Bilinmeyen Lanetin Kederi (Ciltli-\u00d6zel Kutulu Set)"},"content":{"rendered":"<p>\u0130\u00c7\u0130NDEK\u0130LER   G\u00fcm\u00fc\u015f Y\u00fcrek 2: Bilinmeyen Lanetin Kaderi (Ciltli \u00d6zel Bask\u0131) \u00d6zel Tasar\u0131m Defter \u00d6zel Tasar\u0131m \u015eeffaf Ayra\u00e7 \u00d6zel Kesim Ayra\u00e7 \u00d6zel Tasar\u0131m Poster <\/p>\n","protected":false},"excerpt":{"rendered":"<p>\u0130\u00c7\u0130NDEK\u0130LER G\u00fcm\u00fc\u015f Y\u00fcrek 2: Bilinmeyen Lanetin Kaderi (Ciltli \u00d6zel Bask\u0131) \u00d6zel Tasar\u0131m Defter \u00d6zel Tasar\u0131m \u015eeffaf Ayra\u00e7 \u00d6zel Kesim Ayra\u00e7 \u00d6zel Tasar\u0131m Poster<\/p>\n","protected":false},"featured_media":0,"template":"","meta":{"_monsterinsights_skip_tracking":false,"_monsterinsights_sitenote_active":false,"_monsterinsights_sitenote_note":"","_monsterinsights_sitenote_category":0},"product_brand":[],"product_cat":[12291,12711],"product_tag":[],"class_list":{"0":"post-785426","1":"product","2":"type-product","3":"status-publish","5":"product_cat-edebiyat","6":"product_cat-roman-oyku","7":"pa_cilt-ciltli","8":"pa_tur-kitap","9":"pa_yayinevi-guardian","10":"pa_yazar-d-n-archeron","12":"first","13":"instock","14":"sale","15":"shipping-taxable","16":"purchasable","17":"product-type-simple"},"_links":{"self":[{"href":"https:\/\/roveyayinevi.com.tr\/index.php\/wp-json\/wp\/v2\/product\/785426","targetHints":{"allow":["GET"]}}],"collection":[{"href":"https:\/\/roveyayinevi.com.tr\/index.php\/wp-json\/wp\/v2\/product"}],"about":[{"href":"https:\/\/roveyayinevi.com.tr\/index.php\/wp-json\/wp\/v2\/types\/product"}],"wp:attachment":[{"href":"https:\/\/roveyayinevi.com.tr\/index.php\/wp-json\/wp\/v2\/media?parent=785426"}],"wp:term":[{"taxonomy":"product_brand","embeddable":true,"href":"https:\/\/roveyayinevi.com.tr\/index.php\/wp-json\/wp\/v2\/product_brand?post=785426"},{"taxonomy":"product_cat","embeddable":true,"href":"https:\/\/roveyayinevi.com.tr\/index.php\/wp-json\/wp\/v2\/product_cat?post=785426"},{"taxonomy":"product_tag","embeddable":true,"href":"https:\/\/roveyayinevi.com.tr\/index.php\/wp-json\/wp\/v2\/product_tag?post=785426"}],"curies":[{"name":"wp","href":"https:\/\/api.w.org\/{rel}","templated":true}]}}