{"id":785425,"date":"2026-04-03T03:00:42","date_gmt":"2026-04-03T00:00:42","guid":{"rendered":"https:\/\/roveyayinevi.com.tr\/index.php\/urun\/bir-gemide\/"},"modified":"2026-04-16T02:57:42","modified_gmt":"2026-04-15T23:57:42","slug":"bir-gemide","status":"publish","type":"product","link":"https:\/\/roveyayinevi.com.tr\/index.php\/urun\/bir-gemide\/","title":{"rendered":"Bir Gemide"},"content":{"rendered":"<p>\u0130lk bask\u0131s\u0131 178 y\u0131l\u0131nda yay\u0131mlanan Bir Gemide 1979\u2019da Sait Faik Hik\u00e2ye Arma\u011fan\u0131\u2019n\u0131 ald\u0131. Ya\u015fad\u0131\u011f\u0131 toplumun zihin bulan\u0131kl\u0131\u011f\u0131n\u0131, ileti\u015fim sorunlar\u0131n\u0131, duyars\u0131zl\u0131k, tepkisizlik sarmal\u0131n\u0131 sorgulayan bu 8 \u00f6yk\u00fc, yazar\u0131n, kitab\u0131n ilk bask\u0131s\u0131n\u0131n arka kapa\u011f\u0131nda Tolstoy\u2019dan al\u0131nt\u0131layarak yazd\u0131\u011f\u0131 gibi \u201ctoplumsal ve bireysel felaketlerle dolu\u201d g\u00fcnlerde yaz\u0131ld\u0131.   <\/p>\n","protected":false},"excerpt":{"rendered":"<p>\u0130lk bask\u0131s\u0131 178 y\u0131l\u0131nda yay\u0131mlanan Bir Gemide 1979\u2019da Sait Faik Hik\u00e2ye Arma\u011fan\u0131\u2019n\u0131 ald\u0131. Ya\u015fad\u0131\u011f\u0131 toplumun zihin bulan\u0131kl\u0131\u011f\u0131n\u0131, ileti\u015fim sorunlar\u0131n\u0131, duyars\u0131zl\u0131k, tepkisizlik sarmal\u0131n\u0131 sorgulayan bu 8 \u00f6yk\u00fc,<span class=\"excerpt-hellip\"> [\u2026]<\/span><\/p>\n","protected":false},"featured_media":0,"template":"","meta":{"_monsterinsights_skip_tracking":false,"_monsterinsights_sitenote_active":false,"_monsterinsights_sitenote_note":"","_monsterinsights_sitenote_category":0},"product_brand":[],"product_cat":[12291,12711],"product_tag":[],"class_list":{"0":"post-785425","1":"product","2":"type-product","3":"status-publish","5":"product_cat-edebiyat","6":"product_cat-roman-oyku","7":"pa_cilt-ciltsiz","8":"pa_tur-kitap","9":"pa_yayinevi-everest-yayinlari","10":"pa_yazar-ferit-edgu","12":"first","13":"instock","14":"sale","15":"shipping-taxable","16":"purchasable","17":"product-type-simple"},"_links":{"self":[{"href":"https:\/\/roveyayinevi.com.tr\/index.php\/wp-json\/wp\/v2\/product\/785425","targetHints":{"allow":["GET"]}}],"collection":[{"href":"https:\/\/roveyayinevi.com.tr\/index.php\/wp-json\/wp\/v2\/product"}],"about":[{"href":"https:\/\/roveyayinevi.com.tr\/index.php\/wp-json\/wp\/v2\/types\/product"}],"wp:attachment":[{"href":"https:\/\/roveyayinevi.com.tr\/index.php\/wp-json\/wp\/v2\/media?parent=785425"}],"wp:term":[{"taxonomy":"product_brand","embeddable":true,"href":"https:\/\/roveyayinevi.com.tr\/index.php\/wp-json\/wp\/v2\/product_brand?post=785425"},{"taxonomy":"product_cat","embeddable":true,"href":"https:\/\/roveyayinevi.com.tr\/index.php\/wp-json\/wp\/v2\/product_cat?post=785425"},{"taxonomy":"product_tag","embeddable":true,"href":"https:\/\/roveyayinevi.com.tr\/index.php\/wp-json\/wp\/v2\/product_tag?post=785425"}],"curies":[{"name":"wp","href":"https:\/\/api.w.org\/{rel}","templated":true}]}}