{"id":785424,"date":"2026-04-03T02:41:35","date_gmt":"2026-04-02T23:41:35","guid":{"rendered":"https:\/\/roveyayinevi.com.tr\/index.php\/urun\/bhagavad-gita-tanrinin-sarkisi\/"},"modified":"2026-04-16T02:34:09","modified_gmt":"2026-04-15T23:34:09","slug":"bhagavad-gita-tanrinin-sarkisi","status":"publish","type":"product","link":"https:\/\/roveyayinevi.com.tr\/index.php\/urun\/bhagavad-gita-tanrinin-sarkisi\/","title":{"rendered":"Bhagavad Gita Tanr\u0131\u2019n\u0131n \u015eark\u0131s\u0131"},"content":{"rendered":"<p>&#8220;K\u00f6t\u00fcl\u00fc\u011fe kar\u015f\u0131l\u0131k verme, kim senin sa\u011f yana\u011f\u0131na vurursa, ona sol yana\u011f\u0131n\u0131 da \u00e7evir\u2026 Ezilenler kutsanm\u0131\u015ft\u0131r\u2026 \u0130nsanlar sana hakaret ve eziyet etti\u011finde, kutsanm\u0131\u015f olan sensin\u2026 D\u00fc\u015fman\u0131nla hemen uzla\u015f\u2026 \u0130nsanlar\u0131n suiistimallerini affet\u2026 Kendin i\u00e7in d\u00fcnya mal\u0131n\u0131 biriktirme\u2026 \u00e7\u00fcnk\u00fc hazinen neredeyse, kalbin de orada olacakt\u0131r\u2026\u201d \u0130sa\u2019n\u0131n bu s\u00f6zleri, Mahatma Gandhi\u2019yi \u201cho\u015fnut etti\u201d. Ona Londra\u2019daki hukuk \u00f6\u011frencili\u011finin ikinci s\u0131n\u0131f\u0131na de\u011fin okumam\u0131\u015f olmaktan utand\u0131\u011f\u0131n\u0131 belirtti\u011fi Hindular\u0131n kutsal kitab\u0131 Bhagavad-Gita\u2019y\u0131 hat\u0131rlat\u0131yordu. \u00dczerinde t\u00fcm ya\u015fam boyunca s\u00fcrecek bir etki b\u0131rakt\u0131. \u201c\u015e\u00fcphelere d\u00fc\u015ft\u00fc\u011f\u00fcmde, hayal k\u0131r\u0131kl\u0131klar\u0131 y\u00fcz\u00fcme y\u00fcz\u00fcme vurdu\u011funda ve ufukta bir umut \u0131\u015f\u0131\u011f\u0131 bile g\u00f6rmedi\u011fimde,\u201d diye yazd\u0131 haftal\u0131k dergisi Young India\u2019da, 6 A\u011fustos 1925\u2019te, \u201cBhagavad-Gita\u2019ya d\u00f6nd\u00fcm ve beni rahatlatacak bir s\u00f6z bulup, ezici elemin ortas\u0131nda hemen g\u00fcl\u00fcmsemeye ba\u015flar\u0131m.\u201d Uzun y\u0131llar Mahatma\u2019n\u0131n sekreterli\u011fini yapan Mahadev Desai \u015f\u00f6yle der: \u201cGandhi\u2019nin ya\u015fam\u0131n\u0131n her an\u0131, Gita\u2019n\u0131n mesaj\u0131n\u0131 ya\u015famak i\u00e7in harcanm\u0131\u015f s\u00fcrekli bir \u00e7abad\u0131r.\u201d Gandhi ona \u201cmanevi referans kitab\u0131m,\u201d derdi.<\/p>\n","protected":false},"excerpt":{"rendered":"<p>&#8220;K\u00f6t\u00fcl\u00fc\u011fe kar\u015f\u0131l\u0131k verme, kim senin sa\u011f yana\u011f\u0131na vurursa, ona sol yana\u011f\u0131n\u0131 da \u00e7evir\u2026 Ezilenler kutsanm\u0131\u015ft\u0131r\u2026 \u0130nsanlar sana hakaret ve eziyet etti\u011finde, kutsanm\u0131\u015f olan sensin\u2026 D\u00fc\u015fman\u0131nla hemen<span class=\"excerpt-hellip\"> [\u2026]<\/span><\/p>\n","protected":false},"featured_media":0,"template":"","meta":{"_monsterinsights_skip_tracking":false,"_monsterinsights_sitenote_active":false,"_monsterinsights_sitenote_note":"","_monsterinsights_sitenote_category":0},"product_brand":[],"product_cat":[12718,12858],"product_tag":[],"class_list":{"0":"post-785424","1":"product","2":"type-product","3":"status-publish","5":"product_cat-din","6":"product_cat-mitolojiler","7":"pa_cilt-ciltsiz","8":"pa_tur-kitap","9":"pa_yayinevi-dorlion-yayinevi","10":"pa_yazar-dorlion-yayinevi-kolektif","12":"first","13":"instock","14":"sale","15":"shipping-taxable","16":"purchasable","17":"product-type-simple"},"_links":{"self":[{"href":"https:\/\/roveyayinevi.com.tr\/index.php\/wp-json\/wp\/v2\/product\/785424","targetHints":{"allow":["GET"]}}],"collection":[{"href":"https:\/\/roveyayinevi.com.tr\/index.php\/wp-json\/wp\/v2\/product"}],"about":[{"href":"https:\/\/roveyayinevi.com.tr\/index.php\/wp-json\/wp\/v2\/types\/product"}],"wp:attachment":[{"href":"https:\/\/roveyayinevi.com.tr\/index.php\/wp-json\/wp\/v2\/media?parent=785424"}],"wp:term":[{"taxonomy":"product_brand","embeddable":true,"href":"https:\/\/roveyayinevi.com.tr\/index.php\/wp-json\/wp\/v2\/product_brand?post=785424"},{"taxonomy":"product_cat","embeddable":true,"href":"https:\/\/roveyayinevi.com.tr\/index.php\/wp-json\/wp\/v2\/product_cat?post=785424"},{"taxonomy":"product_tag","embeddable":true,"href":"https:\/\/roveyayinevi.com.tr\/index.php\/wp-json\/wp\/v2\/product_tag?post=785424"}],"curies":[{"name":"wp","href":"https:\/\/api.w.org\/{rel}","templated":true}]}}