{"id":785423,"date":"2026-04-03T02:29:02","date_gmt":"2026-04-02T23:29:02","guid":{"rendered":"https:\/\/roveyayinevi.com.tr\/index.php\/urun\/ankara-2\/"},"modified":"2026-04-13T02:28:34","modified_gmt":"2026-04-12T23:28:34","slug":"ankara-2","status":"publish","type":"product","link":"https:\/\/roveyayinevi.com.tr\/index.php\/urun\/ankara-2\/","title":{"rendered":"Ankara"},"content":{"rendered":"<p>Ankara\u2019ya y\u0131llard\u0131r gitmemi\u015ftim. Elimizde do\u011fup b\u00fcy\u00fcd\u00fc\u011f\u00fc i\u00e7in bu sefer al\u0131c\u0131 g\u00f6z\u00fc ile bir dola\u015fay\u0131m dedim. D\u00fc\u015f\u00fcn\u00fcyorum da bir zamanlar demiryolu k\u00f6pr\u00fcs\u00fcnden \u00c7ankaya\u2019ya kadar bir tek \u00e7at\u0131, geceleri bir tek \u0131\u015f\u0131k yoktu. Atl\u0131 arabam\u0131z yabani ba\u011f k\u00fct\u00fcklerini \u00e7i\u011fneyerek k\u00f6\u015fke giderdik. Ama \u015fimdilerde bu yolun \u00fcst\u00fcndeki y\u00fcr\u00fcr merdivenli ma\u011fazay\u0131 gezerken, \u00fclkeyi ilk kurdu\u011fumuz y\u0131llarda b\u00fct\u00fcn \u00e7ar\u015f\u0131da birbirine e\u015f iki fincan bulamad\u0131\u011f\u0131m\u0131z g\u00fcnler geliyor akl\u0131ma. Tren \u0130stanbul\u2019dan yirmi d\u00f6rt saatte geldi\u011fi i\u00e7in bal\u0131k y\u00fcz\u00fc g\u00f6remedi\u011fimiz y\u0131llar\u2026 Biz gen\u00e7li\u011fimize g\u00fcvenerek yataks\u0131z vagonlarda, tahtakurular\u0131na katlanarak, \u00f6\u011fle yeme\u011fini Polatl\u0131\u2019da ak\u015fam yeme\u011fini Eski\u015fehir\u2019de yiyerek, \u0130stanbul\u2019a gidip denize, adeta medeniyete kavu\u015furduk. Atat\u00fcrk tek ba\u015f\u0131na \u00c7ankaya\u2019y\u0131 beklerdi\u2019\u2019 Ankara\u2019ya y\u0131llard\u0131r gitmemi\u015ftim. Elimizde do\u011fup b\u00fcy\u00fcd\u00fc\u011f\u00fc i\u00e7in bu sefer al\u0131c\u0131 g\u00f6z\u00fc ile bir dola\u015fay\u0131m dedim. D\u00fc\u015f\u00fcn\u00fcyorum da bir zamanlar demiryolu k\u00f6pr\u00fcs\u00fcnden \u00c7ankaya\u2019ya kadar bir tek \u00e7at\u0131, geceleri bir tek \u0131\u015f\u0131k yoktu. Atl\u0131 arabam\u0131z yabani ba\u011f k\u00fct\u00fcklerini \u00e7i\u011fneyerek k\u00f6\u015fke giderdik. Ama \u015fimdilerde bu yolun \u00fcst\u00fcndeki y\u00fcr\u00fcr merdivenli ma\u011fazay\u0131 gezerken, \u00fclkeyi ilk kurdu\u011fumuz y\u0131llarda b\u00fct\u00fcn \u00e7ar\u015f\u0131da birbirine e\u015f iki fincan bulamad\u0131\u011f\u0131m\u0131z g\u00fcnler geliyor akl\u0131ma. Tren \u0130stanbul\u2019dan yirmi d\u00f6rt saatte geldi\u011fi i\u00e7in bal\u0131k y\u00fcz\u00fc g\u00f6remedi\u011fimiz y\u0131llar\u2026 Biz gen\u00e7li\u011fimize g\u00fcvenerek yataks\u0131z vagonlarda, tahtakurular\u0131na katlanarak, \u00f6\u011fle yeme\u011fini Polatl\u0131\u2019da ak\u015fam yeme\u011fini Eski\u015fehir\u2019de yiyerek, \u0130stanbul\u2019a gidip denize, adeta medeniyete kavu\u015furduk. Atat\u00fcrk tek ba\u015f\u0131na \u00c7ankaya\u2019y\u0131 beklerdi\u2019\u2019-Falih R\u0131fk\u0131 Atay <\/p>\n","protected":false},"excerpt":{"rendered":"<p>Ankara\u2019ya y\u0131llard\u0131r gitmemi\u015ftim. Elimizde do\u011fup b\u00fcy\u00fcd\u00fc\u011f\u00fc i\u00e7in bu sefer al\u0131c\u0131 g\u00f6z\u00fc ile bir dola\u015fay\u0131m dedim. D\u00fc\u015f\u00fcn\u00fcyorum da bir zamanlar demiryolu k\u00f6pr\u00fcs\u00fcnden \u00c7ankaya\u2019ya kadar bir tek \u00e7at\u0131,<span class=\"excerpt-hellip\"> [\u2026]<\/span><\/p>\n","protected":false},"featured_media":0,"template":"","meta":{"_monsterinsights_skip_tracking":false,"_monsterinsights_sitenote_active":false,"_monsterinsights_sitenote_note":"","_monsterinsights_sitenote_category":0},"product_brand":[],"product_cat":[12291,12711],"product_tag":[],"class_list":{"0":"post-785423","1":"product","2":"type-product","3":"status-publish","5":"product_cat-edebiyat","6":"product_cat-roman-oyku","7":"pa_cilt-ciltsiz","8":"pa_tur-kitap","9":"pa_yayinevi-pozitif-yayinlari","10":"pa_yazar-falih-rifki-atay","12":"first","13":"instock","14":"sale","15":"shipping-taxable","16":"purchasable","17":"product-type-simple"},"_links":{"self":[{"href":"https:\/\/roveyayinevi.com.tr\/index.php\/wp-json\/wp\/v2\/product\/785423","targetHints":{"allow":["GET"]}}],"collection":[{"href":"https:\/\/roveyayinevi.com.tr\/index.php\/wp-json\/wp\/v2\/product"}],"about":[{"href":"https:\/\/roveyayinevi.com.tr\/index.php\/wp-json\/wp\/v2\/types\/product"}],"wp:attachment":[{"href":"https:\/\/roveyayinevi.com.tr\/index.php\/wp-json\/wp\/v2\/media?parent=785423"}],"wp:term":[{"taxonomy":"product_brand","embeddable":true,"href":"https:\/\/roveyayinevi.com.tr\/index.php\/wp-json\/wp\/v2\/product_brand?post=785423"},{"taxonomy":"product_cat","embeddable":true,"href":"https:\/\/roveyayinevi.com.tr\/index.php\/wp-json\/wp\/v2\/product_cat?post=785423"},{"taxonomy":"product_tag","embeddable":true,"href":"https:\/\/roveyayinevi.com.tr\/index.php\/wp-json\/wp\/v2\/product_tag?post=785423"}],"curies":[{"name":"wp","href":"https:\/\/api.w.org\/{rel}","templated":true}]}}