{"id":785422,"date":"2026-04-03T02:14:01","date_gmt":"2026-04-02T23:14:01","guid":{"rendered":"https:\/\/roveyayinevi.com.tr\/index.php\/urun\/psikolojik-danisma-ve-rehberlik-3\/"},"modified":"2026-04-16T02:09:34","modified_gmt":"2026-04-15T23:09:34","slug":"psikolojik-danisma-ve-rehberlik-3","status":"publish","type":"product","link":"https:\/\/roveyayinevi.com.tr\/index.php\/urun\/psikolojik-danisma-ve-rehberlik-3\/","title":{"rendered":"Psikolojik Dan\u0131\u015fma ve Rehberlik"},"content":{"rendered":"<p>Bu kitap hem \u00d6\u011fretmenlik Meslek Bilgisi dersleri aras\u0131nda yer alan \u201cOkullarda Rehberlik\u201d, \u201cRehberlik ve \u00d6zel E\u011fitim\u201d derslerine hem de Rehberlik ve Psikolojik Dan\u0131\u015fmanl\u0131k Program\u0131nda yer alan \u201cRehberlik ve Psikolojik Dan\u0131\u015fma\u201d derslerine kaynak olmas\u0131 amac\u0131yla haz\u0131rlanm\u0131\u015ft\u0131r. Kitap, psikolojik dan\u0131\u015fman ve \u00f6\u011fretmen adaylar\u0131na rehberlik yeterlikleri kazand\u0131rman\u0131n yan\u0131 s\u0131ra e\u011fitim kurumlar\u0131nda \u00e7al\u0131\u015fan psikolojik dan\u0131\u015fman, \u00f6\u011fretmen ve okul y\u00f6neticilerine de katk\u0131 sa\u011flayacakt\u0131r. Ayr\u0131ca bu kitap, yukar\u0131da belirtilen derslere kaynakl\u0131k etmekle birlikte, psikolojik dan\u0131\u015fma ve rehberlik alan\u0131 i\u00e7in bilimsel bir kaynak olma \u00f6zelli\u011fi de ta\u015f\u0131maktad\u0131r.<\/p>\n","protected":false},"excerpt":{"rendered":"<p>Bu kitap hem \u00d6\u011fretmenlik Meslek Bilgisi dersleri aras\u0131nda yer alan \u201cOkullarda Rehberlik\u201d, \u201cRehberlik ve \u00d6zel E\u011fitim\u201d derslerine hem de Rehberlik ve Psikolojik Dan\u0131\u015fmanl\u0131k Program\u0131nda yer alan<span class=\"excerpt-hellip\"> [\u2026]<\/span><\/p>\n","protected":false},"featured_media":0,"template":"","meta":{"_monsterinsights_skip_tracking":false,"_monsterinsights_sitenote_active":false,"_monsterinsights_sitenote_note":"","_monsterinsights_sitenote_category":0},"product_brand":[],"product_cat":[12358,12357],"product_tag":[],"class_list":{"0":"post-785422","1":"product","2":"type-product","3":"status-publish","5":"product_cat-genel-psikoloji","6":"product_cat-psikoloji","7":"pa_cilt-ciltsiz","8":"pa_tur-kitap","9":"pa_yayinevi-ani-yayincilik","10":"pa_yazar-mehmet-guven","12":"first","13":"instock","14":"sale","15":"shipping-taxable","16":"purchasable","17":"product-type-simple"},"_links":{"self":[{"href":"https:\/\/roveyayinevi.com.tr\/index.php\/wp-json\/wp\/v2\/product\/785422","targetHints":{"allow":["GET"]}}],"collection":[{"href":"https:\/\/roveyayinevi.com.tr\/index.php\/wp-json\/wp\/v2\/product"}],"about":[{"href":"https:\/\/roveyayinevi.com.tr\/index.php\/wp-json\/wp\/v2\/types\/product"}],"wp:attachment":[{"href":"https:\/\/roveyayinevi.com.tr\/index.php\/wp-json\/wp\/v2\/media?parent=785422"}],"wp:term":[{"taxonomy":"product_brand","embeddable":true,"href":"https:\/\/roveyayinevi.com.tr\/index.php\/wp-json\/wp\/v2\/product_brand?post=785422"},{"taxonomy":"product_cat","embeddable":true,"href":"https:\/\/roveyayinevi.com.tr\/index.php\/wp-json\/wp\/v2\/product_cat?post=785422"},{"taxonomy":"product_tag","embeddable":true,"href":"https:\/\/roveyayinevi.com.tr\/index.php\/wp-json\/wp\/v2\/product_tag?post=785422"}],"curies":[{"name":"wp","href":"https:\/\/api.w.org\/{rel}","templated":true}]}}