{"id":785420,"date":"2026-04-02T03:47:16","date_gmt":"2026-04-02T00:47:16","guid":{"rendered":"https:\/\/roveyayinevi.com.tr\/index.php\/urun\/gercek-arkadas\/"},"modified":"2026-04-15T03:48:55","modified_gmt":"2026-04-15T00:48:55","slug":"gercek-arkadas","status":"publish","type":"product","link":"https:\/\/roveyayinevi.com.tr\/index.php\/urun\/gercek-arkadas\/","title":{"rendered":"Ger\u00e7ek Arkada\u015f"},"content":{"rendered":"<p>Ela\u2019n\u0131n \u00f6\u011fretmeni s\u0131n\u0131fa ilgin\u00e7 bir \u00f6dev verir: \u201cGer\u00e7ek arkada\u015f kimdir?\u201d Ela bu soruya \u00f6nce \u00e7ok \u015fa\u015f\u0131r\u0131r. \u00c7\u00fcnk\u00fc ona g\u00f6re b\u00fct\u00fcn arkada\u015flar ger\u00e7ektir! Ama ailesiyle yapt\u0131\u011f\u0131 sohbetler ve akl\u0131na gelen \u00f6rnekler sayesinde Ela, ger\u00e7ek arkada\u015f olman\u0131n asl\u0131nda ne demek oldu\u011funu yava\u015f yava\u015f ke\u015ffetmeye ba\u015flar.Peki ger\u00e7ek bir arkada\u015f nas\u0131l davran\u0131r?Zor durumda b\u0131rak\u0131r m\u0131, yoksa yan\u0131nda m\u0131 olur?Kalbini k\u0131rar m\u0131, yoksa seni korur mu?Ela\u2019n\u0131n ke\u015fif dolu yolculu\u011funda sen de ger\u00e7ek dostlu\u011fun s\u0131rlar\u0131n\u0131 \u00f6\u011freneceksin\u2026Acaba senin \u00e7evrende ka\u00e7 tane ger\u00e7ek arkada\u015f var? Merak ediyorsan bu kitap tam sana g\u00f6re\u2026 \u00c7ocuk geli\u015fim uzman\u0131 Emine Erg\u00fcn\u2019\u00fcn kaleme ald\u0131\u011f\u0131 bu kitap, 7-10 ya\u015f aras\u0131 \u00e7ocuklar\u0131n arkada\u015fl\u0131k ba\u011flar\u0131n\u0131 kurarken dikkat etmeleri gereken en \u00f6nemli hususlar\u0131 e\u011flenceli ve \u00f6\u011fretici bir hik\u00e2ye ile aktarmaktad\u0131r.<\/p>\n","protected":false},"excerpt":{"rendered":"<p>Ela\u2019n\u0131n \u00f6\u011fretmeni s\u0131n\u0131fa ilgin\u00e7 bir \u00f6dev verir: \u201cGer\u00e7ek arkada\u015f kimdir?\u201d Ela bu soruya \u00f6nce \u00e7ok \u015fa\u015f\u0131r\u0131r. \u00c7\u00fcnk\u00fc ona g\u00f6re b\u00fct\u00fcn arkada\u015flar ger\u00e7ektir! Ama ailesiyle yapt\u0131\u011f\u0131 sohbetler<span class=\"excerpt-hellip\"> [\u2026]<\/span><\/p>\n","protected":false},"featured_media":0,"template":"","meta":{"_monsterinsights_skip_tracking":false,"_monsterinsights_sitenote_active":false,"_monsterinsights_sitenote_note":"","_monsterinsights_sitenote_category":0},"product_brand":[],"product_cat":[12274,12284],"product_tag":[],"class_list":{"0":"post-785420","1":"product","2":"type-product","3":"status-publish","5":"product_cat-cocuk-ve-genclik-kitaplari","6":"product_cat-hikayeler","7":"pa_cilt-ciltsiz","8":"pa_tur-kitap","9":"pa_yayinevi-pars-yayinlari","10":"pa_yazar-emine-ergun","12":"first","13":"instock","14":"sale","15":"shipping-taxable","16":"purchasable","17":"product-type-simple"},"_links":{"self":[{"href":"https:\/\/roveyayinevi.com.tr\/index.php\/wp-json\/wp\/v2\/product\/785420","targetHints":{"allow":["GET"]}}],"collection":[{"href":"https:\/\/roveyayinevi.com.tr\/index.php\/wp-json\/wp\/v2\/product"}],"about":[{"href":"https:\/\/roveyayinevi.com.tr\/index.php\/wp-json\/wp\/v2\/types\/product"}],"wp:attachment":[{"href":"https:\/\/roveyayinevi.com.tr\/index.php\/wp-json\/wp\/v2\/media?parent=785420"}],"wp:term":[{"taxonomy":"product_brand","embeddable":true,"href":"https:\/\/roveyayinevi.com.tr\/index.php\/wp-json\/wp\/v2\/product_brand?post=785420"},{"taxonomy":"product_cat","embeddable":true,"href":"https:\/\/roveyayinevi.com.tr\/index.php\/wp-json\/wp\/v2\/product_cat?post=785420"},{"taxonomy":"product_tag","embeddable":true,"href":"https:\/\/roveyayinevi.com.tr\/index.php\/wp-json\/wp\/v2\/product_tag?post=785420"}],"curies":[{"name":"wp","href":"https:\/\/api.w.org\/{rel}","templated":true}]}}