{"id":785418,"date":"2026-04-02T03:47:12","date_gmt":"2026-04-02T00:47:12","guid":{"rendered":"https:\/\/roveyayinevi.com.tr\/index.php\/urun\/sempanzelerden-peygamberlere\/"},"modified":"2026-04-15T03:48:53","modified_gmt":"2026-04-15T00:48:53","slug":"sempanzelerden-peygamberlere","status":"publish","type":"product","link":"https:\/\/roveyayinevi.com.tr\/index.php\/urun\/sempanzelerden-peygamberlere\/","title":{"rendered":"\u015eempanzelerden Peygamberlere"},"content":{"rendered":"<p>\u0130nsan olmak sand\u0131\u011f\u0131m\u0131z kadar \u201cdo\u011fal\u201d m\u0131? Yoksa \u00f6\u011frendi\u011fimiz, kurdu\u011fumuz, hatta bazen icat etti\u011fimiz bir \u015fey mi? \u015eempanzelerden Peygamberlere: Merakl\u0131s\u0131 \u0130\u00e7in Antropoloji Notlar\u0131, sizi insan\u0131n en temel sorular\u0131yla ba\u015f ba\u015fa b\u0131rak\u0131yor ama al\u0131\u015f\u0131ld\u0131k cevaplarla de\u011fil. \u201c\u00d6teki\u201dni uzaktan inceleyen bir bak\u0131\u015f yerine, onun d\u00fcnyas\u0131na girmeyi, onu ya\u015famay\u0131 ve bu s\u00fcre\u00e7te kendinizi yeniden kurmay\u0131 \u00f6neriyor. \u00c7\u00fcnk\u00fc belki de insan\u0131 anlaman\u0131n tek yolu, kendimizden \u00e7\u0131kabilmek. \u0130nsan\u0131, do\u011fa ile k\u00fclt\u00fcr aras\u0131nda kurulan \u00e7ok katmanl\u0131 ili\u015fkiler i\u00e7inde; inan\u00e7tan kimli\u011fe, bedenden topluma uzanan t\u00fcm boyutlar\u0131yla yeniden d\u00fc\u015f\u00fcnmeye \u00e7a\u011f\u0131ran bir antropoloji yolculu\u011fu. Antropoloji burada sadece bir disiplin de\u011fil; rahats\u0131z eden, merak uyand\u0131ran ve d\u00fcnyaya bir daha ayn\u0131 g\u00f6zle bakman\u0131z\u0131 zorla\u015ft\u0131ran bir deneyim. \u00c7\u00fcnk\u00fc insan, yaln\u0131zca kendisi de\u011fildir; ba\u015fkalar\u0131yla birlikte, ba\u015fkalar\u0131 sayesinde ve bazen ba\u015fkalar\u0131n\u0131n yerine ge\u00e7ebildi\u011fi \u00f6l\u00e7\u00fcde insand\u0131r. Elinizdeki bu kitap, kesin cevaplardan ziyade do\u011fru sorular\u0131 sormaya y\u00f6nlendirirken hi\u00e7bir \u015feyin eskisi gibi kalmayaca\u011f\u0131n\u0131 sezdiriyor.<\/p>\n","protected":false},"excerpt":{"rendered":"<p>\u0130nsan olmak sand\u0131\u011f\u0131m\u0131z kadar \u201cdo\u011fal\u201d m\u0131? Yoksa \u00f6\u011frendi\u011fimiz, kurdu\u011fumuz, hatta bazen icat etti\u011fimiz bir \u015fey mi? \u015eempanzelerden Peygamberlere: Merakl\u0131s\u0131 \u0130\u00e7in Antropoloji Notlar\u0131, sizi insan\u0131n en temel<span class=\"excerpt-hellip\"> [\u2026]<\/span><\/p>\n","protected":false},"featured_media":0,"template":"","meta":{"_monsterinsights_skip_tracking":false,"_monsterinsights_sitenote_active":false,"_monsterinsights_sitenote_note":"","_monsterinsights_sitenote_category":0},"product_brand":[],"product_cat":[15499,13488],"product_tag":[],"class_list":{"0":"post-785418","1":"product","2":"type-product","3":"status-publish","5":"product_cat-antropoloji","6":"product_cat-toplum-ve-insan","7":"pa_cilt-ciltsiz","8":"pa_tur-kitap","9":"pa_yayinevi-fol-kitap","10":"pa_yazar-tayfun-atay","12":"first","13":"instock","14":"sale","15":"shipping-taxable","16":"purchasable","17":"product-type-simple"},"_links":{"self":[{"href":"https:\/\/roveyayinevi.com.tr\/index.php\/wp-json\/wp\/v2\/product\/785418","targetHints":{"allow":["GET"]}}],"collection":[{"href":"https:\/\/roveyayinevi.com.tr\/index.php\/wp-json\/wp\/v2\/product"}],"about":[{"href":"https:\/\/roveyayinevi.com.tr\/index.php\/wp-json\/wp\/v2\/types\/product"}],"wp:attachment":[{"href":"https:\/\/roveyayinevi.com.tr\/index.php\/wp-json\/wp\/v2\/media?parent=785418"}],"wp:term":[{"taxonomy":"product_brand","embeddable":true,"href":"https:\/\/roveyayinevi.com.tr\/index.php\/wp-json\/wp\/v2\/product_brand?post=785418"},{"taxonomy":"product_cat","embeddable":true,"href":"https:\/\/roveyayinevi.com.tr\/index.php\/wp-json\/wp\/v2\/product_cat?post=785418"},{"taxonomy":"product_tag","embeddable":true,"href":"https:\/\/roveyayinevi.com.tr\/index.php\/wp-json\/wp\/v2\/product_tag?post=785418"}],"curies":[{"name":"wp","href":"https:\/\/api.w.org\/{rel}","templated":true}]}}