{"id":785417,"date":"2026-04-02T03:47:11","date_gmt":"2026-04-02T00:47:11","guid":{"rendered":"https:\/\/roveyayinevi.com.tr\/index.php\/urun\/sosyal-becerileri-yuksek-cocuklar\/"},"modified":"2026-04-15T03:48:53","modified_gmt":"2026-04-15T00:48:53","slug":"sosyal-becerileri-yuksek-cocuklar","status":"publish","type":"product","link":"https:\/\/roveyayinevi.com.tr\/index.php\/urun\/sosyal-becerileri-yuksek-cocuklar\/","title":{"rendered":"Sosyal Becerileri Y\u00fcksek \u00c7ocuklar"},"content":{"rendered":"<p>G\u00fcn\u00fcm\u00fcz \u00e7ocuklar\u0131n\u0131n \u00e7o\u011fu, g\u00f6r\u00fcn\u00fcrde hi\u00e7bir sebep yokken ba\u011flant\u0131 kurmakta zorlan\u0131yor. Peki neden?Ekran ba\u015f\u0131nda ge\u00e7irilen s\u00fcredeki ani art\u0131\u015f, Covid-19 karantinalar\u0131 ve okullar\u0131n kapanmas\u0131 nedeniyle, g\u00fcn\u00fcm\u00fcz \u00e7ocuklar\u0131 s\u00f6zs\u00fcz davran\u0131\u015f kurallar\u0131n\u0131 \u00f6\u011frenmek i\u00e7in daha az f\u0131rsata sahip oldular. Konu\u015fmada s\u00f6z s\u0131ralar\u0131n\u0131 nas\u0131l alacaklar\u0131n\u0131, ki\u015fisel alan s\u0131n\u0131rlar\u0131na nas\u0131l sayg\u0131 g\u00f6stereceklerini veya arkada\u015flar\u0131n\u0131n mutlu mu yoksa \u00fczg\u00fcn m\u00fc olduklar\u0131n\u0131 nas\u0131l anlayacaklar\u0131n\u0131 tam olarak kavramakta zorlanmaya ba\u015flad\u0131lar. \u0130\u015fte bu kitap, s\u00f6zs\u00fcz becerilerin, okuma ve yazma gibi resmi bir \u015fekilde \u00f6\u011fretilmedi\u011fi g\u00fcn\u00fcm\u00fcz sisteminde, ebeveynler ve \u00f6\u011fretmenler i\u00e7in bu temel becerileri geli\u015ftirmelerinde \u00e7ocuklara yard\u0131mc\u0131 olmalar\u0131n\u0131 sa\u011flayacak bilgiler sunuyor.   Dr. Stephen Nowicki, bu kitab\u0131nda, bir \u00e7ocu\u011fun zorlanabilece\u011fi s\u00f6zel olmayan alanlar\u0131n nas\u0131l belirlenece\u011fini a\u00e7\u0131kl\u0131yor ve okuyuculara her \u00e7ocu\u011fun \u015funlar\u0131 \u00f6\u011frenmesine yard\u0131mc\u0131 olacak bir dizi basit egzersiz sunuyor: \u2022 Konu\u015fmalar\u0131n ritmini takip etmek \u2022  Duygular\u0131, y\u00fcz ifadeleri ve beden diliyle ifade etmek ve  okumak \u2022  Uygun ve uygunsuz dokunu\u015f aras\u0131ndaki fark\u0131 anlamak \u2022  Bir ki\u015finin ses tonuna g\u00f6re ruh h\u00e2lini tahmin edebilmek \u2022  Ve daha fazlas\u0131\u2026 Onlarca y\u0131ll\u0131k ara\u015ft\u0131rmalara ve ger\u00e7ek hik\u00e2yelere dayanan Sosyal Becerileri Y\u00fcksek \u00c7ocuklar, insanlar\u0131n \u00e7ocuklukta ve yeti\u015fkin ya\u015famlar\u0131nda ba\u015far\u0131l\u0131 olmak i\u00e7in ihtiya\u00e7 duyduklar\u0131 s\u00f6zel olmayan becerilerde ustala\u015fmalar\u0131na yard\u0131mc\u0131 olacak pratik  bir rehber.<\/p>\n","protected":false},"excerpt":{"rendered":"<p>G\u00fcn\u00fcm\u00fcz \u00e7ocuklar\u0131n\u0131n \u00e7o\u011fu, g\u00f6r\u00fcn\u00fcrde hi\u00e7bir sebep yokken ba\u011flant\u0131 kurmakta zorlan\u0131yor. Peki neden?Ekran ba\u015f\u0131nda ge\u00e7irilen s\u00fcredeki ani art\u0131\u015f, Covid-19 karantinalar\u0131 ve okullar\u0131n kapanmas\u0131 nedeniyle, g\u00fcn\u00fcm\u00fcz \u00e7ocuklar\u0131 s\u00f6zs\u00fcz<span class=\"excerpt-hellip\"> [\u2026]<\/span><\/p>\n","protected":false},"featured_media":0,"template":"","meta":{"_monsterinsights_skip_tracking":false,"_monsterinsights_sitenote_active":false,"_monsterinsights_sitenote_note":"","_monsterinsights_sitenote_category":0},"product_brand":[],"product_cat":[12679,12357],"product_tag":[],"class_list":{"0":"post-785417","1":"product","2":"type-product","3":"status-publish","5":"product_cat-cocuk-psikolojisi","6":"product_cat-psikoloji","7":"pa_cilt-ciltsiz","8":"pa_tur-kitap","9":"pa_yayinevi-epsilon-yayinlari","10":"pa_yazar-stephen-nowicki","12":"first","13":"instock","14":"sale","15":"shipping-taxable","16":"purchasable","17":"product-type-simple"},"_links":{"self":[{"href":"https:\/\/roveyayinevi.com.tr\/index.php\/wp-json\/wp\/v2\/product\/785417","targetHints":{"allow":["GET"]}}],"collection":[{"href":"https:\/\/roveyayinevi.com.tr\/index.php\/wp-json\/wp\/v2\/product"}],"about":[{"href":"https:\/\/roveyayinevi.com.tr\/index.php\/wp-json\/wp\/v2\/types\/product"}],"wp:attachment":[{"href":"https:\/\/roveyayinevi.com.tr\/index.php\/wp-json\/wp\/v2\/media?parent=785417"}],"wp:term":[{"taxonomy":"product_brand","embeddable":true,"href":"https:\/\/roveyayinevi.com.tr\/index.php\/wp-json\/wp\/v2\/product_brand?post=785417"},{"taxonomy":"product_cat","embeddable":true,"href":"https:\/\/roveyayinevi.com.tr\/index.php\/wp-json\/wp\/v2\/product_cat?post=785417"},{"taxonomy":"product_tag","embeddable":true,"href":"https:\/\/roveyayinevi.com.tr\/index.php\/wp-json\/wp\/v2\/product_tag?post=785417"}],"curies":[{"name":"wp","href":"https:\/\/api.w.org\/{rel}","templated":true}]}}