{"id":785415,"date":"2026-04-02T03:47:05","date_gmt":"2026-04-02T00:47:05","guid":{"rendered":"https:\/\/roveyayinevi.com.tr\/index.php\/urun\/ask-acitir\/"},"modified":"2026-04-15T03:48:49","modified_gmt":"2026-04-15T00:48:49","slug":"ask-acitir","status":"publish","type":"product","link":"https:\/\/roveyayinevi.com.tr\/index.php\/urun\/ask-acitir\/","title":{"rendered":"A\u015fk Ac\u0131t\u0131r"},"content":{"rendered":"<p>\u201cBiz kad\u0131nlar \u00e7o\u011funlukla yapar\u0131z bunu; sevdi\u011fimiz adam hakk\u0131nda olabildi\u011fince bilgi arar, bulabildiklerimizi bir araya toplar, her \u015feyi ince ince hesaplar, analiz eder, dosyalar, zihnimizi ve varl\u0131\u011f\u0131m\u0131za ayr\u0131lan s\u00fcreyi bu \u00e7abaya de\u011fmeyen bir erke\u011fin bizi sevme ihtimaline arma\u011fan ederiz. Yeter ki \u2018Ben elimden geleni yapt\u0131m,\u2019 diyebilelim! Elimizden gelenin en iyisini yapmak zorunda oldu\u011fumuz, b\u00fcy\u00fck zaferlerin ve mutluluklar\u0131n m\u00fccadele etti\u011fimiz takdirde bizim olaca\u011f\u0131, be\u015fikten beri anlat\u0131lan masallarla, hissesi ibret veren k\u0131ssalarla \u00f6\u011fretildi\u011finden, hi\u00e7bir \u015feyden kolay kolay vazge\u00e7emeyiz. De\u011fi\u015fmek istemeyen, de\u011fi\u015fmeye meyilli olmayan insanlar\u0131 de\u011fi\u015ftirmek i\u00e7in u\u011fra\u015f\u0131p didiniriz. Hen\u00fcz yolun ba\u015f\u0131nda sava\u015fmaktan vazge\u00e7ersek \u015fayet, ukdesini m\u00fcebbet hissederiz.\u201d<\/p>\n","protected":false},"excerpt":{"rendered":"<p>\u201cBiz kad\u0131nlar \u00e7o\u011funlukla yapar\u0131z bunu; sevdi\u011fimiz adam hakk\u0131nda olabildi\u011fince bilgi arar, bulabildiklerimizi bir araya toplar, her \u015feyi ince ince hesaplar, analiz eder, dosyalar, zihnimizi ve varl\u0131\u011f\u0131m\u0131za<span class=\"excerpt-hellip\"> [\u2026]<\/span><\/p>\n","protected":false},"featured_media":0,"template":"","meta":{"_monsterinsights_skip_tracking":false,"_monsterinsights_sitenote_active":false,"_monsterinsights_sitenote_note":"","_monsterinsights_sitenote_category":0},"product_brand":[],"product_cat":[12291,12292],"product_tag":[],"class_list":{"0":"post-785415","1":"product","2":"type-product","3":"status-publish","5":"product_cat-edebiyat","6":"product_cat-turk-edebiyati","7":"pa_cilt-ciltsiz","8":"pa_tur-kitap","9":"pa_yayinevi-epsilon-yayinlari","10":"pa_yazar-merve-kucuksarp","12":"first","13":"instock","14":"sale","15":"shipping-taxable","16":"purchasable","17":"product-type-simple"},"_links":{"self":[{"href":"https:\/\/roveyayinevi.com.tr\/index.php\/wp-json\/wp\/v2\/product\/785415","targetHints":{"allow":["GET"]}}],"collection":[{"href":"https:\/\/roveyayinevi.com.tr\/index.php\/wp-json\/wp\/v2\/product"}],"about":[{"href":"https:\/\/roveyayinevi.com.tr\/index.php\/wp-json\/wp\/v2\/types\/product"}],"wp:attachment":[{"href":"https:\/\/roveyayinevi.com.tr\/index.php\/wp-json\/wp\/v2\/media?parent=785415"}],"wp:term":[{"taxonomy":"product_brand","embeddable":true,"href":"https:\/\/roveyayinevi.com.tr\/index.php\/wp-json\/wp\/v2\/product_brand?post=785415"},{"taxonomy":"product_cat","embeddable":true,"href":"https:\/\/roveyayinevi.com.tr\/index.php\/wp-json\/wp\/v2\/product_cat?post=785415"},{"taxonomy":"product_tag","embeddable":true,"href":"https:\/\/roveyayinevi.com.tr\/index.php\/wp-json\/wp\/v2\/product_tag?post=785415"}],"curies":[{"name":"wp","href":"https:\/\/api.w.org\/{rel}","templated":true}]}}