{"id":785414,"date":"2026-04-02T03:47:03","date_gmt":"2026-04-02T00:47:03","guid":{"rendered":"https:\/\/roveyayinevi.com.tr\/index.php\/urun\/21-sac-teli\/"},"modified":"2026-04-15T03:48:49","modified_gmt":"2026-04-15T00:48:49","slug":"21-sac-teli","status":"publish","type":"product","link":"https:\/\/roveyayinevi.com.tr\/index.php\/urun\/21-sac-teli\/","title":{"rendered":"21. Sa\u00e7 Teli"},"content":{"rendered":"<p>K\u00fc\u00e7\u00fck bir k\u0131zken en sevdi\u011fim \u015fey masallar\u0131 canland\u0131rmakt\u0131. Annemin s\u00fcsl\u00fc elbiselerini giyip bazen Rapunzel oluyordum bazen de Pamuk Prenses. Sa\u00e7lar\u0131ma \u00e7i\u00e7ekler tak\u0131p dans etti\u011fim o y\u0131llarda, Evren ad\u0131nda ba\u015fka bir masal kahraman\u0131yla tan\u0131\u015ft\u0131m; ancak bu kahraman, canland\u0131rd\u0131\u011f\u0131m masallardakilere hi\u00e7 benzemiyordu. O, hen\u00fcz alt\u0131 ya\u015f\u0131ndayken kendisini susmakla cezaland\u0131rm\u0131\u015f bir kahramand\u0131. Fark\u0131nda m\u0131yd\u0131 bilmiyorum ama suskunlu\u011funa ra\u011fmen onun sesini duyabiliyordum ben.   Birlikte b\u00fcy\u00fcd\u00fck; birbirimizin eksik par\u00e7as\u0131 olduk. Fakat Evren\u2019in bana olan sars\u0131lmaz ba\u011fl\u0131l\u0131\u011f\u0131 zamanla etraf\u0131m\u0131 ku\u015fatan bir k\u00f6rd\u00fc\u011f\u00fcme d\u00f6n\u00fc\u015f\u00fcrken \u00e7ocuklu\u011fumdan beri i\u00e7imde b\u00fcy\u00fctt\u00fc\u011f\u00fcm korkular\u0131m da beni y\u00f6n\u00fcm\u00fc bulamad\u0131\u011f\u0131m derin bir karanl\u0131\u011fa hapsetti. Bu karanl\u0131\u011f\u0131n asl\u0131nda kendi sonum oldu\u011funu fark etti\u011fimde ise art\u0131k \u00e7ok ge\u00e7ti ve beni oradan kurtaracak bir mucizeye ihtiyac\u0131m vard\u0131.     \u015eimdi bu karanl\u0131\u011f\u0131n ortas\u0131nda, cevab\u0131n\u0131 bilmedi\u011fim o sorularla ba\u015f ba\u015fay\u0131m. Bekledi\u011fim o mucize Evren mi olacak yoksa bu ba\u011fl\u0131l\u0131k yava\u015f yava\u015f sonuma m\u0131 d\u00f6n\u00fc\u015fecek?<\/p>\n","protected":false},"excerpt":{"rendered":"<p>K\u00fc\u00e7\u00fck bir k\u0131zken en sevdi\u011fim \u015fey masallar\u0131 canland\u0131rmakt\u0131. Annemin s\u00fcsl\u00fc elbiselerini giyip bazen Rapunzel oluyordum bazen de Pamuk Prenses. Sa\u00e7lar\u0131ma \u00e7i\u00e7ekler tak\u0131p dans etti\u011fim o y\u0131llarda,<span class=\"excerpt-hellip\"> [\u2026]<\/span><\/p>\n","protected":false},"featured_media":0,"template":"","meta":{"_monsterinsights_skip_tracking":false,"_monsterinsights_sitenote_active":false,"_monsterinsights_sitenote_note":"","_monsterinsights_sitenote_category":0},"product_brand":[],"product_cat":[12291,15117],"product_tag":[],"class_list":{"0":"post-785414","1":"product","2":"type-product","3":"status-publish","5":"product_cat-edebiyat","6":"product_cat-genclik-edebiyati","7":"pa_cilt-ciltsiz","8":"pa_tur-kitap","9":"pa_yayinevi-epsilon-yayinlari","10":"pa_yazar-berna-ilgin","12":"first","13":"instock","14":"sale","15":"shipping-taxable","16":"purchasable","17":"product-type-simple"},"_links":{"self":[{"href":"https:\/\/roveyayinevi.com.tr\/index.php\/wp-json\/wp\/v2\/product\/785414","targetHints":{"allow":["GET"]}}],"collection":[{"href":"https:\/\/roveyayinevi.com.tr\/index.php\/wp-json\/wp\/v2\/product"}],"about":[{"href":"https:\/\/roveyayinevi.com.tr\/index.php\/wp-json\/wp\/v2\/types\/product"}],"wp:attachment":[{"href":"https:\/\/roveyayinevi.com.tr\/index.php\/wp-json\/wp\/v2\/media?parent=785414"}],"wp:term":[{"taxonomy":"product_brand","embeddable":true,"href":"https:\/\/roveyayinevi.com.tr\/index.php\/wp-json\/wp\/v2\/product_brand?post=785414"},{"taxonomy":"product_cat","embeddable":true,"href":"https:\/\/roveyayinevi.com.tr\/index.php\/wp-json\/wp\/v2\/product_cat?post=785414"},{"taxonomy":"product_tag","embeddable":true,"href":"https:\/\/roveyayinevi.com.tr\/index.php\/wp-json\/wp\/v2\/product_tag?post=785414"}],"curies":[{"name":"wp","href":"https:\/\/api.w.org\/{rel}","templated":true}]}}