{"id":785413,"date":"2026-04-02T03:47:01","date_gmt":"2026-04-02T00:47:01","guid":{"rendered":"https:\/\/roveyayinevi.com.tr\/index.php\/urun\/dogadaki-saglik-seti\/"},"modified":"2026-04-15T03:48:49","modified_gmt":"2026-04-15T00:48:49","slug":"dogadaki-saglik-seti","status":"publish","type":"product","link":"https:\/\/roveyayinevi.com.tr\/index.php\/urun\/dogadaki-saglik-seti\/","title":{"rendered":"Do\u011fadaki Sa\u011fl\u0131k Seti"},"content":{"rendered":"<p>Ayhan Ercan\u2019\u0131n Do\u011fadaki Sa\u011fl\u0131k Seti, sa\u011fl\u0131kl\u0131 ve do\u011fal ya\u015fam\u0131 benimsemek isteyen herkes i\u00e7in \u00f6nemli bir rehberdir. Bitkilerin \u015fifal\u0131 \u00f6zelliklerini detayl\u0131 ve anla\u015f\u0131l\u0131r \u015fekilde sunmas\u0131, do\u011fal tedavi y\u00f6ntemlerine ilgi duyan okuyuculara g\u00fcvenilir bilgiler sa\u011flar.Do\u011fadaki Sa\u011fl\u0131k Seti, hem bitkisel tedavilerde do\u011fru se\u00e7im yapmay\u0131 kolayla\u015ft\u0131r\u0131r hem de evde uygulanabilecek pratik k\u00fcrler sunar. Do\u011faya d\u00f6n\u00fck, sa\u011fl\u0131kl\u0131 ya\u015fam\u0131 destekleyen bir ya\u015fam tarz\u0131 arayanlar i\u00e7in hem e\u011fitim hem de ilham kayna\u011f\u0131d\u0131r.Ayr\u0131ca, bitkilerin farkl\u0131 dillerdeki isimleri ve g\u00f6rselleriyle desteklenmi\u015f olmas\u0131, okuyucular\u0131n bilin\u00e7li tercih yapmas\u0131n\u0131 sa\u011flar.Setin \u0130\u00e7eri\u011fiDo\u011fadaki Sa\u011fl\u0131k 1Do\u011fadaki Sa\u011fl\u0131k 2<\/p>\n","protected":false},"excerpt":{"rendered":"<p>Ayhan Ercan\u2019\u0131n Do\u011fadaki Sa\u011fl\u0131k Seti, sa\u011fl\u0131kl\u0131 ve do\u011fal ya\u015fam\u0131 benimsemek isteyen herkes i\u00e7in \u00f6nemli bir rehberdir. Bitkilerin \u015fifal\u0131 \u00f6zelliklerini detayl\u0131 ve anla\u015f\u0131l\u0131r \u015fekilde sunmas\u0131, do\u011fal tedavi<span class=\"excerpt-hellip\"> [\u2026]<\/span><\/p>\n","protected":false},"featured_media":0,"template":"","meta":{"_monsterinsights_skip_tracking":false,"_monsterinsights_sitenote_active":false,"_monsterinsights_sitenote_note":"","_monsterinsights_sitenote_category":0},"product_brand":[],"product_cat":[16965,13365],"product_tag":[],"class_list":{"0":"post-785413","1":"product","2":"type-product","3":"status-publish","5":"product_cat-genel-saglik-kitaplari","6":"product_cat-saglik","7":"pa_cilt-ciltsiz","8":"pa_tur-kitap","9":"pa_yayinevi-nemesis-kitap","10":"pa_yazar-ayhan-ercan","12":"first","13":"instock","14":"sale","15":"shipping-taxable","16":"purchasable","17":"product-type-simple"},"_links":{"self":[{"href":"https:\/\/roveyayinevi.com.tr\/index.php\/wp-json\/wp\/v2\/product\/785413","targetHints":{"allow":["GET"]}}],"collection":[{"href":"https:\/\/roveyayinevi.com.tr\/index.php\/wp-json\/wp\/v2\/product"}],"about":[{"href":"https:\/\/roveyayinevi.com.tr\/index.php\/wp-json\/wp\/v2\/types\/product"}],"wp:attachment":[{"href":"https:\/\/roveyayinevi.com.tr\/index.php\/wp-json\/wp\/v2\/media?parent=785413"}],"wp:term":[{"taxonomy":"product_brand","embeddable":true,"href":"https:\/\/roveyayinevi.com.tr\/index.php\/wp-json\/wp\/v2\/product_brand?post=785413"},{"taxonomy":"product_cat","embeddable":true,"href":"https:\/\/roveyayinevi.com.tr\/index.php\/wp-json\/wp\/v2\/product_cat?post=785413"},{"taxonomy":"product_tag","embeddable":true,"href":"https:\/\/roveyayinevi.com.tr\/index.php\/wp-json\/wp\/v2\/product_tag?post=785413"}],"curies":[{"name":"wp","href":"https:\/\/api.w.org\/{rel}","templated":true}]}}