{"id":785412,"date":"2026-04-02T03:46:58","date_gmt":"2026-04-02T00:46:58","guid":{"rendered":"https:\/\/roveyayinevi.com.tr\/index.php\/urun\/hep-burada-benimle-kalsaydin\/"},"modified":"2026-04-15T03:48:48","modified_gmt":"2026-04-15T00:48:48","slug":"hep-burada-benimle-kalsaydin","status":"publish","type":"product","link":"https:\/\/roveyayinevi.com.tr\/index.php\/urun\/hep-burada-benimle-kalsaydin\/","title":{"rendered":"Hep Burada Benimle Kalsayd\u0131n"},"content":{"rendered":"<p>\u201cBuran\u0131n ko\u015fullar\u0131 daha bebeklikten itibaren insan\u0131 b\u00fcy\u00fct\u00fcyor. Ya b\u00fcy\u00fcyor ayaklar\u0131n\u0131n \u00fczerinde varl\u0131\u011f\u0131n\u0131 s\u00fcrd\u00fcr\u00fcyorsun ya da b\u00fcy\u00fcmeyip yok oluyorsun. Ya karanl\u0131k ya ayd\u0131nl\u0131k\u2026\u201dKumral sa\u00e7l\u0131 sevgili, \u201cHep burada benimle kalsayd\u0131n\u201d derken bilmiyordu: Gitmek ve kalmak sand\u0131\u011f\u0131 gibi bir \u015fey de\u011fildi.Ahmet Erol, \u00e7ocuklu\u011funun karanl\u0131k t\u00fcnelinde s\u0131k\u0131\u015f\u0131p kalm\u0131\u015f bir adam\u0131 ve d\u00fcnyaca \u00fcnl\u00fc bir yazar\u0131 kar\u015f\u0131 kar\u015f\u0131ya oturtuyor, aralar\u0131na bir defter koyuyor.Bu roman, yaln\u0131zca bu iki adam\u0131n de\u011fil, bir toplumun haf\u0131zas\u0131na kaz\u0131nm\u0131\u015f g\u00f6lgelerin ve \u0131\u015f\u0131klar\u0131n hik\u00e2yesi. Okurunu, karanl\u0131kla ayd\u0131nl\u0131\u011f\u0131n s\u0131n\u0131r\u0131nda y\u00fcr\u00fcmeye davet ediyor.<\/p>\n","protected":false},"excerpt":{"rendered":"<p>\u201cBuran\u0131n ko\u015fullar\u0131 daha bebeklikten itibaren insan\u0131 b\u00fcy\u00fct\u00fcyor. Ya b\u00fcy\u00fcyor ayaklar\u0131n\u0131n \u00fczerinde varl\u0131\u011f\u0131n\u0131 s\u00fcrd\u00fcr\u00fcyorsun ya da b\u00fcy\u00fcmeyip yok oluyorsun. Ya karanl\u0131k ya ayd\u0131nl\u0131k\u2026\u201dKumral sa\u00e7l\u0131 sevgili, \u201cHep burada<span class=\"excerpt-hellip\"> [\u2026]<\/span><\/p>\n","protected":false},"featured_media":0,"template":"","meta":{"_monsterinsights_skip_tracking":false,"_monsterinsights_sitenote_active":false,"_monsterinsights_sitenote_note":"","_monsterinsights_sitenote_category":0},"product_brand":[],"product_cat":[12291,12711],"product_tag":[],"class_list":{"0":"post-785412","1":"product","2":"type-product","3":"status-publish","5":"product_cat-edebiyat","6":"product_cat-roman-oyku","7":"pa_cilt-ciltsiz","8":"pa_tur-kitap","9":"pa_yayinevi-epsilon-yayinlari","10":"pa_yazar-ahmet-erol","12":"first","13":"instock","14":"sale","15":"shipping-taxable","16":"purchasable","17":"product-type-simple"},"_links":{"self":[{"href":"https:\/\/roveyayinevi.com.tr\/index.php\/wp-json\/wp\/v2\/product\/785412","targetHints":{"allow":["GET"]}}],"collection":[{"href":"https:\/\/roveyayinevi.com.tr\/index.php\/wp-json\/wp\/v2\/product"}],"about":[{"href":"https:\/\/roveyayinevi.com.tr\/index.php\/wp-json\/wp\/v2\/types\/product"}],"wp:attachment":[{"href":"https:\/\/roveyayinevi.com.tr\/index.php\/wp-json\/wp\/v2\/media?parent=785412"}],"wp:term":[{"taxonomy":"product_brand","embeddable":true,"href":"https:\/\/roveyayinevi.com.tr\/index.php\/wp-json\/wp\/v2\/product_brand?post=785412"},{"taxonomy":"product_cat","embeddable":true,"href":"https:\/\/roveyayinevi.com.tr\/index.php\/wp-json\/wp\/v2\/product_cat?post=785412"},{"taxonomy":"product_tag","embeddable":true,"href":"https:\/\/roveyayinevi.com.tr\/index.php\/wp-json\/wp\/v2\/product_tag?post=785412"}],"curies":[{"name":"wp","href":"https:\/\/api.w.org\/{rel}","templated":true}]}}