{"id":785411,"date":"2026-04-02T03:46:54","date_gmt":"2026-04-02T00:46:54","guid":{"rendered":"https:\/\/roveyayinevi.com.tr\/index.php\/urun\/kuranla-iletisimin-yontemi\/"},"modified":"2026-04-15T03:48:44","modified_gmt":"2026-04-15T00:48:44","slug":"kuranla-iletisimin-yontemi","status":"publish","type":"product","link":"https:\/\/roveyayinevi.com.tr\/index.php\/urun\/kuranla-iletisimin-yontemi\/","title":{"rendered":"Kur\u2019an\u2019la \u0130leti\u015fimin Y\u00f6ntemi"},"content":{"rendered":"<p>Kur\u2019an ve hadis dili, yaln\u0131zca kelimelerin kar\u015f\u0131l\u0131klar\u0131n\u0131 bilmekle de\u011fil; maksad\u0131, ba\u011flam\u0131 ve ya\u015fanan hayatla kurdu\u011fu ili\u015fkiyi kavramakla anla\u015f\u0131l\u0131r. Elinizdeki eser, din\u00ee metinlerle kurulan bu ili\u015fkinin \u00e7o\u011fu zaman neden y\u00fczeyde kald\u0131\u011f\u0131n\u0131, \u00e7eviri ve \u00f6\u011fretim s\u00fcre\u00e7lerinde nerelerde anlam kayb\u0131 ya\u015fand\u0131\u011f\u0131n\u0131 somut \u00f6rnekler \u00fczerinden tart\u0131\u015f\u0131yor.Yazar, \u0130lahiyat tahsilinin ilk y\u0131llar\u0131nda kar\u015f\u0131la\u015ft\u0131\u011f\u0131 tecr\u00fcbelerden hareketle, Kur\u2019an\u2019la sahih bir ileti\u015fimin sadece gramer ve l\u00fcgat bilgisiyle kurulamayaca\u011f\u0131n\u0131 vurguluyor. Metnin s\u00f6yledi\u011fi ile murat edilen aras\u0131ndaki mesafeyi kapatmay\u0131 hedefleyen bu \u00e7al\u0131\u015fma; gelene\u011fi, ilk muhataplar\u0131 ve ya\u015fanm\u0131\u015f din tecr\u00fcbesini dikkate alan bir y\u00f6ntem \u00f6neriyor.Bu kitap, Kur\u2019an\u2019\u0131 \u00e7a\u011f\u0131n\u0131n d\u0131\u015f\u0131nda b\u0131rakmak istemeyen, onu bug\u00fcn hayata rehber k\u0131lma aray\u0131\u015f\u0131 ta\u015f\u0131yan okurlar i\u00e7in yaz\u0131ld\u0131.<\/p>\n","protected":false},"excerpt":{"rendered":"<p>Kur\u2019an ve hadis dili, yaln\u0131zca kelimelerin kar\u015f\u0131l\u0131klar\u0131n\u0131 bilmekle de\u011fil; maksad\u0131, ba\u011flam\u0131 ve ya\u015fanan hayatla kurdu\u011fu ili\u015fkiyi kavramakla anla\u015f\u0131l\u0131r. Elinizdeki eser, din\u00ee metinlerle kurulan bu ili\u015fkinin \u00e7o\u011fu<span class=\"excerpt-hellip\"> [\u2026]<\/span><\/p>\n","protected":false},"featured_media":0,"template":"","meta":{"_monsterinsights_skip_tracking":false,"_monsterinsights_sitenote_active":false,"_monsterinsights_sitenote_note":"","_monsterinsights_sitenote_category":0},"product_brand":[],"product_cat":[12718,12719,45552],"product_tag":[],"class_list":{"0":"post-785411","1":"product","2":"type-product","3":"status-publish","5":"product_cat-din","6":"product_cat-islam","7":"product_cat-meal-tefsir-hadis","8":"pa_cilt-ciltsiz","9":"pa_tur-kitap","10":"pa_yayinevi-otto-yayinlari","11":"pa_yazar-omer-muftuoglu","13":"first","14":"instock","15":"sale","16":"shipping-taxable","17":"purchasable","18":"product-type-simple"},"_links":{"self":[{"href":"https:\/\/roveyayinevi.com.tr\/index.php\/wp-json\/wp\/v2\/product\/785411","targetHints":{"allow":["GET"]}}],"collection":[{"href":"https:\/\/roveyayinevi.com.tr\/index.php\/wp-json\/wp\/v2\/product"}],"about":[{"href":"https:\/\/roveyayinevi.com.tr\/index.php\/wp-json\/wp\/v2\/types\/product"}],"wp:attachment":[{"href":"https:\/\/roveyayinevi.com.tr\/index.php\/wp-json\/wp\/v2\/media?parent=785411"}],"wp:term":[{"taxonomy":"product_brand","embeddable":true,"href":"https:\/\/roveyayinevi.com.tr\/index.php\/wp-json\/wp\/v2\/product_brand?post=785411"},{"taxonomy":"product_cat","embeddable":true,"href":"https:\/\/roveyayinevi.com.tr\/index.php\/wp-json\/wp\/v2\/product_cat?post=785411"},{"taxonomy":"product_tag","embeddable":true,"href":"https:\/\/roveyayinevi.com.tr\/index.php\/wp-json\/wp\/v2\/product_tag?post=785411"}],"curies":[{"name":"wp","href":"https:\/\/api.w.org\/{rel}","templated":true}]}}