{"id":785410,"date":"2026-04-02T03:46:51","date_gmt":"2026-04-02T00:46:51","guid":{"rendered":"https:\/\/roveyayinevi.com.tr\/index.php\/urun\/barikatlar-ve-sinirlar-avrupa-1800-1914\/"},"modified":"2026-04-15T03:48:43","modified_gmt":"2026-04-15T00:48:43","slug":"barikatlar-ve-sinirlar-avrupa-1800-1914","status":"publish","type":"product","link":"https:\/\/roveyayinevi.com.tr\/index.php\/urun\/barikatlar-ve-sinirlar-avrupa-1800-1914\/","title":{"rendered":"Barikatlar ve S\u0131n\u0131rlar \u2013Avrupa, 1800-1914\u2013"},"content":{"rendered":"<p>Modern Avrupa\u2019n\u0131n hik\u00e2yesi \u00e7o\u011fu zaman b\u00fcy\u00fck fikirlerin, diplomatik dengelerin ve y\u00fckselen devletlerintarihi olarak anlat\u0131l\u0131r. Oysa 19. y\u00fczy\u0131l\u0131n ger\u00e7ek tarihi yaln\u0131zca meclislerde, antla\u015fma masalar\u0131nda de\u011fil, ayn\u0131zamanda barikatlar\u0131n ard\u0131nda da \u015fekillendi. Devrimler, ayaklanmalar, g\u00f6n\u00fcll\u00fc birlikler, zorunlu seferberlikler,s\u00fcrg\u00fcnler, gizli \u00f6rg\u00fctler ve \u00fclkelerin s\u0131n\u0131rlar\u0131n\u0131 a\u015fan siyasi ve toplumsal a\u011flar: Avrupa\u2019n\u0131n d\u00f6rt bir yan\u0131ndabirbirine bazen hi\u00e7 beklenmedik yollardan ba\u011flanan bu hareketler, Frans\u0131z Devrimi\u2019nden sonra k\u0131tan\u0131nyaln\u0131zca siyasi haritas\u0131n\u0131 de\u011fi\u015ftirmekle kalmad\u0131, ayn\u0131 zamanda siyasi ve toplumsal imgelemi de d\u00f6n\u00fc\u015ft\u00fcrd\u00fc.Bir \u015fehirde kurulan barikat ba\u015fka bir \u015fehirde yank\u0131 buldu. Bir yerde bast\u0131r\u0131lan bir isyan ba\u015fka bir yerde yenibir ayaklanman\u0131n k\u0131v\u0131lc\u0131m\u0131na d\u00f6n\u00fc\u015ft\u00fc. Paris\u2019te y\u00fckselen bir slogan Milano\u2019da, Var\u015fova\u2019da, Budape\u015fte\u2019de ve\u0130stanbul\u2019da yeni bir s\u00f6zc\u00fc, yeni bir umut buldu. 19. y\u00fczy\u0131l boyunca ulus fikri, \u00f6zg\u00fcrl\u00fck talepleri ve halkegemenli\u011fi d\u00fc\u015f\u00fcncesi imparatorluklar\u0131n s\u0131n\u0131rlar\u0131n\u0131 a\u015farak k\u0131tan\u0131n siyasi ufkunu tersy\u00fcz etti.Tan\u0131nm\u0131\u015f tarih\u00e7i Robert Gildea, Barikatlar ve S\u0131n\u0131rlar\u2019da Avrupa\u2019n\u0131n uzun 19. y\u00fczy\u0131l\u0131n\u0131 ba\u015ftan sona kat edenbu hareketleri ve m\u00fccadeleleri b\u00fct\u00fcnl\u00fckl\u00fc bir anlat\u0131 i\u00e7inde bir araya getiriyor. Frans\u0131z Devrimi\u2019ndenRestorasyon\u2019a, 1830 ve 1848 devrimlerinden ulusal birli\u011fi sa\u011flama m\u00fccadelelerine, imparatorluks\u0131n\u0131rlar\u0131ndaki \u00e7at\u0131\u015fmalardan modern ulus devletlerinin do\u011fu\u015funa uzanan \u00e7alkant\u0131l\u0131 bir y\u00fczy\u0131l\u0131 t\u00fcm canl\u0131l\u0131\u011f\u0131ylaortaya koyuyor. Avrupa\u2019n\u0131n siyasi modernli\u011finin yaln\u0131zca fikirlerin \u00fcr\u00fcn\u00fc olmad\u0131\u011f\u0131n\u0131, ayn\u0131 zamanda riskin,cesaretin, fedak\u00e2rl\u0131\u011f\u0131n ve \u00e7o\u011fu zaman yenilginin i\u00e7inden do\u011fan tarihsel bir d\u00f6n\u00fc\u015f\u00fcm\u00fcn sonucu oldu\u011funug\u00f6steriyor.<\/p>\n","protected":false},"excerpt":{"rendered":"<p>Modern Avrupa\u2019n\u0131n hik\u00e2yesi \u00e7o\u011fu zaman b\u00fcy\u00fck fikirlerin, diplomatik dengelerin ve y\u00fckselen devletlerintarihi olarak anlat\u0131l\u0131r. Oysa 19. y\u00fczy\u0131l\u0131n ger\u00e7ek tarihi yaln\u0131zca meclislerde, antla\u015fma masalar\u0131nda de\u011fil, ayn\u0131zamanda barikatlar\u0131n<span class=\"excerpt-hellip\"> [\u2026]<\/span><\/p>\n","protected":false},"featured_media":0,"template":"","meta":{"_monsterinsights_skip_tracking":false,"_monsterinsights_sitenote_active":false,"_monsterinsights_sitenote_note":"","_monsterinsights_sitenote_category":0},"product_brand":[],"product_cat":[141304],"product_tag":[],"class_list":{"0":"post-785410","1":"product","2":"type-product","3":"status-publish","5":"product_cat-yeni-cikanlar","6":"pa_cilt-ciltsiz","7":"pa_tur-kitap","8":"pa_yayinevi-fol-kitap","9":"pa_yazar-robert-gildea","11":"first","12":"instock","13":"sale","14":"shipping-taxable","15":"purchasable","16":"product-type-simple"},"_links":{"self":[{"href":"https:\/\/roveyayinevi.com.tr\/index.php\/wp-json\/wp\/v2\/product\/785410","targetHints":{"allow":["GET"]}}],"collection":[{"href":"https:\/\/roveyayinevi.com.tr\/index.php\/wp-json\/wp\/v2\/product"}],"about":[{"href":"https:\/\/roveyayinevi.com.tr\/index.php\/wp-json\/wp\/v2\/types\/product"}],"wp:attachment":[{"href":"https:\/\/roveyayinevi.com.tr\/index.php\/wp-json\/wp\/v2\/media?parent=785410"}],"wp:term":[{"taxonomy":"product_brand","embeddable":true,"href":"https:\/\/roveyayinevi.com.tr\/index.php\/wp-json\/wp\/v2\/product_brand?post=785410"},{"taxonomy":"product_cat","embeddable":true,"href":"https:\/\/roveyayinevi.com.tr\/index.php\/wp-json\/wp\/v2\/product_cat?post=785410"},{"taxonomy":"product_tag","embeddable":true,"href":"https:\/\/roveyayinevi.com.tr\/index.php\/wp-json\/wp\/v2\/product_tag?post=785410"}],"curies":[{"name":"wp","href":"https:\/\/api.w.org\/{rel}","templated":true}]}}