{"id":785409,"date":"2026-04-02T03:19:14","date_gmt":"2026-04-02T00:19:14","guid":{"rendered":"https:\/\/roveyayinevi.com.tr\/index.php\/urun\/anlama-yetisinin-duzeltilmesi-uzerine-inceleme-kisa-inceleme\/"},"modified":"2026-04-13T03:14:50","modified_gmt":"2026-04-13T00:14:50","slug":"anlama-yetisinin-duzeltilmesi-uzerine-inceleme-kisa-inceleme","status":"publish","type":"product","link":"https:\/\/roveyayinevi.com.tr\/index.php\/urun\/anlama-yetisinin-duzeltilmesi-uzerine-inceleme-kisa-inceleme\/","title":{"rendered":"Anlama Yetisinin D\u00fczeltilmesi \u00dczerine \u0130nceleme \u2022 K\u0131sa \u0130nceleme"},"content":{"rendered":"<p>Anlama Yetisinin D\u00fczeltilmesi \u00dczerine \u0130nceleme Spinoza\u2019n\u0131n \u00e7al\u0131\u015fma plan\u0131 gibidir. Olgun d\u00f6neminde belirecek olan \u00e7o\u011fu kavramla\u015ft\u0131rma (Spinozac\u0131 demokrasiye a\u00e7\u0131lacak temel baz\u0131 \u00f6n kabuller, iyi ve k\u00f6t\u00fcn\u00fcn g\u00f6relili\u011fi, \u00f6zg\u00fcr iradenin reddi, zihnin entelekt\u00fcel faaliyetinin i\u00e7sel analizi, fikirlerin d\u00fczeni ile \u015feylerin d\u00fczeni aras\u0131ndaki \u00f6rt\u00fc\u015f\u00fcm, entelekt\u00fcel \u00f6zg\u00fcrle\u015fme i\u00e7in buna uygun toplumsal d\u00fczenin tesisi vs.) ilk defa bu metinde ortaya \u00e7\u0131kar. Di\u011fer eserlerle kar\u015f\u0131la\u015ft\u0131r\u0131ld\u0131\u011f\u0131nda pedagojik bak\u0131mdan daha kolay i\u00e7ine girilebilir, \u00fcslubuyla okuyucuyu daha iyi yakalayabilir olan metin, Spinoza\u2019n\u0131n d\u00fc\u015f\u00fcncesinin beslendi\u011fi kaynaklar\u0131 fark etmek, bu kaynaklar\u0131 nas\u0131l d\u00f6n\u00fc\u015ft\u00fcrmeye ba\u015flad\u0131\u011f\u0131n\u0131 g\u00f6rmek ve \u00f6zg\u00fcn sisteminin ilk projeksiyonunu nas\u0131l olu\u015fturdu\u011funu anlamak a\u00e7\u0131s\u0131ndan temel niteliktedir. Tanr\u0131, \u0130nsan ve \u0130nsan\u0131n Esenli\u011fi \u00dcst\u00fcne K\u0131sa \u0130nceleme ise Anlama Yetisinin D\u00fczeltilmesi \u00dczerine \u0130nceleme\u2019den \u00f6nce mi yoksa sonra m\u0131 yaz\u0131ld\u0131\u011f\u0131 konusunda tart\u0131\u015fmalara yol a\u00e7m\u0131\u015ft\u0131r. Bunlara metnin do\u011frudan Spinoza taraf\u0131ndan kaleme al\u0131nmad\u0131\u011f\u0131n\u0131, dikte ettirildi\u011fini ve bir m\u00fcsvedde say\u0131lmas\u0131 gerekti\u011fini savunanlarla, tam tersine onun temel eser Etika\u2019n\u0131n yaz\u0131m\u0131 \u00f6ncesine ili\u015fkin tutarl\u0131 bir haz\u0131rl\u0131\u011f\u0131n \u00fcr\u00fcn\u00fc oldu\u011funu ileri s\u00fcrenler aras\u0131ndaki ayr\u0131l\u0131k eklenmi\u015ftir. Bu sonunculara g\u00f6re, K\u0131sa \u0130nceleme \u00f6nem a\u00e7\u0131s\u0131ndan Anlama Yetisinin D\u00fczeltilmesi \u00dczerine \u0130nceleme\u2019den hi\u00e7 a\u015fa\u011f\u0131 kalmaz ve bu eseri de hem Etika\u2019yla aras\u0131ndaki benzerlikler hem de iki eseri birbirinden ay\u0131ran farkl\u0131l\u0131klar \u00fczerinden okumak gerekir. Bu edisyonda, Anlama Yetisinin D\u00fczeltilmesi \u00dczerine \u0130nceleme ve K\u0131sa \u0130nceleme Spinoza\u2019n\u0131n erken d\u00f6nem \u00e7al\u0131\u015fmalar\u0131 hakk\u0131nda b\u00fct\u00fcnc\u00fcl bir bak\u0131\u015f sa\u011flamak amac\u0131yla birlikte yay\u0131mlanm\u0131\u015ft\u0131r.        <\/p>\n","protected":false},"excerpt":{"rendered":"<p>Anlama Yetisinin D\u00fczeltilmesi \u00dczerine \u0130nceleme Spinoza\u2019n\u0131n \u00e7al\u0131\u015fma plan\u0131 gibidir. Olgun d\u00f6neminde belirecek olan \u00e7o\u011fu kavramla\u015ft\u0131rma (Spinozac\u0131 demokrasiye a\u00e7\u0131lacak temel baz\u0131 \u00f6n kabuller, iyi ve k\u00f6t\u00fcn\u00fcn g\u00f6relili\u011fi,<span class=\"excerpt-hellip\"> [\u2026]<\/span><\/p>\n","protected":false},"featured_media":0,"template":"","meta":{"_monsterinsights_skip_tracking":false,"_monsterinsights_sitenote_active":false,"_monsterinsights_sitenote_note":"","_monsterinsights_sitenote_category":0},"product_brand":[],"product_cat":[16038,12388],"product_tag":[],"class_list":{"0":"post-785409","1":"product","2":"type-product","3":"status-publish","5":"product_cat-arastirma-inceleme-referans-felsefe","6":"product_cat-felsefe","7":"pa_cilt-ciltsiz","8":"pa_tur-kitap","9":"pa_yayinevi-dost-kitabevi-yayinlari","10":"pa_yazar-benedictus-spinoza","12":"first","13":"instock","14":"sale","15":"shipping-taxable","16":"purchasable","17":"product-type-simple"},"_links":{"self":[{"href":"https:\/\/roveyayinevi.com.tr\/index.php\/wp-json\/wp\/v2\/product\/785409","targetHints":{"allow":["GET"]}}],"collection":[{"href":"https:\/\/roveyayinevi.com.tr\/index.php\/wp-json\/wp\/v2\/product"}],"about":[{"href":"https:\/\/roveyayinevi.com.tr\/index.php\/wp-json\/wp\/v2\/types\/product"}],"wp:attachment":[{"href":"https:\/\/roveyayinevi.com.tr\/index.php\/wp-json\/wp\/v2\/media?parent=785409"}],"wp:term":[{"taxonomy":"product_brand","embeddable":true,"href":"https:\/\/roveyayinevi.com.tr\/index.php\/wp-json\/wp\/v2\/product_brand?post=785409"},{"taxonomy":"product_cat","embeddable":true,"href":"https:\/\/roveyayinevi.com.tr\/index.php\/wp-json\/wp\/v2\/product_cat?post=785409"},{"taxonomy":"product_tag","embeddable":true,"href":"https:\/\/roveyayinevi.com.tr\/index.php\/wp-json\/wp\/v2\/product_tag?post=785409"}],"curies":[{"name":"wp","href":"https:\/\/api.w.org\/{rel}","templated":true}]}}