{"id":785406,"date":"2026-04-02T02:24:55","date_gmt":"2026-04-01T23:24:55","guid":{"rendered":"https:\/\/roveyayinevi.com.tr\/index.php\/urun\/cuma-ya-da-yaban-yasam\/"},"modified":"2026-04-16T02:19:22","modified_gmt":"2026-04-15T23:19:22","slug":"cuma-ya-da-yaban-yasam","status":"publish","type":"product","link":"https:\/\/roveyayinevi.com.tr\/index.php\/urun\/cuma-ya-da-yaban-yasam\/","title":{"rendered":"Cuma ya da Yaban Ya\u015fam"},"content":{"rendered":"<p>Iss\u0131z bir adaya d\u00fc\u015fseydiniz hayatta kalabilir miydiniz? Nas\u0131l karn\u0131n\u0131z\u0131 doyurur, nas\u0131l korunurdunuz so\u011fuktan ve s\u0131caktan? Yaln\u0131zl\u0131\u011fa ne kadar katlanabilirdiniz? Ya bir g\u00fcn biri \u00e7\u0131k\u0131p geldi\u011finde ne yapard\u0131n\u0131z? Nas\u0131l ili\u015fki kurard\u0131n\u0131z onunla? Bug\u00fcn art\u0131k bir modern klasik olan bu yeniden yaz\u0131mda, Michel Tournier\u2019nin Robinson\u2019u kar\u015f\u0131m\u0131za Cuma\u2019dan do\u011faya, insanl\u0131\u011fa ve \u00f6zg\u00fcrl\u00fc\u011fe dair dersler alan bir kahraman olarak \u00e7\u0131k\u0131yor. \u201cBeyaz bir kelebek,\u201d diyecek Cuma, \u201cu\u00e7an bir papatyad\u0131r.\u201d \u00d6\u011frenmeye a\u00e7\u0131k \u201ck\u00fc\u00e7\u00fck filozoflar\u201d i\u00e7in\u2026 YAZAR HAKKINDA Michel Tournier (1924-2016) Paris do\u011fumlu Frans\u0131z yazar. Almanca ve felsefe e\u011fitimi ald\u0131. \u00d6\u011fretmenlik yapmak istese de \u00fclkesinde bu mesle\u011fi icra etmek i\u00e7in gerekli s\u0131nav\u0131 ge\u00e7emedi. Gazetecilik ve \u00e7evirmenlik yapt\u0131, yay\u0131nevlerinde \u00e7al\u0131\u015ft\u0131. \u0130lk roman\u0131 Cuma ya da Pasifik Araf\u0131\u2019n\u0131 1967\u2019de yay\u0131mlad\u0131 ve Frans\u0131z Akademisi\u2019nin b\u00fcy\u00fck roman \u00f6d\u00fcl\u00fcn\u00fc kazand\u0131. Bu kitaptan yola \u00e7\u0131karak \u00e7ocuklar ve gen\u00e7ler i\u00e7in yazd\u0131\u011f\u0131 Cuma ya da Yaban Ya\u015fam (1971) klasikle\u015fti, milyonlarca okura ula\u015ft\u0131. K\u0131z\u0131la\u011fa\u00e7lar Kral\u0131 adl\u0131 ikinci roman\u0131 (1970) Goncourt \u00d6d\u00fcl\u00fc\u2019n\u00fc kazand\u0131. \u00c7ocuklar ve ergenler i\u00e7in bir\u00e7ok masal ve \u00f6yk\u00fc kaleme alm\u0131\u015f olan Tournier 2016\u2019da Paris\u2019in g\u00fcneyinde k\u00fc\u00e7\u00fck bir kasaba olan Choisel\u2019de hayata g\u00f6zlerini yumdu. <\/p>\n","protected":false},"excerpt":{"rendered":"<p>Iss\u0131z bir adaya d\u00fc\u015fseydiniz hayatta kalabilir miydiniz? Nas\u0131l karn\u0131n\u0131z\u0131 doyurur, nas\u0131l korunurdunuz so\u011fuktan ve s\u0131caktan? Yaln\u0131zl\u0131\u011fa ne kadar katlanabilirdiniz? Ya bir g\u00fcn biri \u00e7\u0131k\u0131p geldi\u011finde ne<span class=\"excerpt-hellip\"> [\u2026]<\/span><\/p>\n","protected":false},"featured_media":0,"template":"","meta":{"_monsterinsights_skip_tracking":false,"_monsterinsights_sitenote_active":false,"_monsterinsights_sitenote_note":"","_monsterinsights_sitenote_category":0},"product_brand":[],"product_cat":[12291,15117],"product_tag":[],"class_list":{"0":"post-785406","1":"product","2":"type-product","3":"status-publish","5":"product_cat-edebiyat","6":"product_cat-genclik-edebiyati","7":"pa_cilt-ciltsiz","8":"pa_tur-kitap","9":"pa_yayinevi-metis-yayinlari","10":"pa_yazar-michel-tournier","12":"first","13":"instock","14":"sale","15":"shipping-taxable","16":"purchasable","17":"product-type-simple"},"_links":{"self":[{"href":"https:\/\/roveyayinevi.com.tr\/index.php\/wp-json\/wp\/v2\/product\/785406","targetHints":{"allow":["GET"]}}],"collection":[{"href":"https:\/\/roveyayinevi.com.tr\/index.php\/wp-json\/wp\/v2\/product"}],"about":[{"href":"https:\/\/roveyayinevi.com.tr\/index.php\/wp-json\/wp\/v2\/types\/product"}],"wp:attachment":[{"href":"https:\/\/roveyayinevi.com.tr\/index.php\/wp-json\/wp\/v2\/media?parent=785406"}],"wp:term":[{"taxonomy":"product_brand","embeddable":true,"href":"https:\/\/roveyayinevi.com.tr\/index.php\/wp-json\/wp\/v2\/product_brand?post=785406"},{"taxonomy":"product_cat","embeddable":true,"href":"https:\/\/roveyayinevi.com.tr\/index.php\/wp-json\/wp\/v2\/product_cat?post=785406"},{"taxonomy":"product_tag","embeddable":true,"href":"https:\/\/roveyayinevi.com.tr\/index.php\/wp-json\/wp\/v2\/product_tag?post=785406"}],"curies":[{"name":"wp","href":"https:\/\/api.w.org\/{rel}","templated":true}]}}