{"id":785405,"date":"2026-04-02T02:23:01","date_gmt":"2026-04-01T23:23:01","guid":{"rendered":"https:\/\/roveyayinevi.com.tr\/index.php\/urun\/yeni-kent-sorunu\/"},"modified":"2026-04-16T02:17:39","modified_gmt":"2026-04-15T23:17:39","slug":"yeni-kent-sorunu","status":"publish","type":"product","link":"https:\/\/roveyayinevi.com.tr\/index.php\/urun\/yeni-kent-sorunu\/","title":{"rendered":"Yeni Kent Sorunu"},"content":{"rendered":"<p>Kent Sorunu, radikal kent kuram\u0131 ile politik aktivizm aras\u0131ndaki ba\u011flant\u0131lar\u0131n izini s\u00fcrerek s\u00fcregiden k\u00fcresel d\u00fcnyam\u0131zda kent meselesine dair co\u015fkulu ve ufuk a\u00e7\u0131c\u0131 bir yolculuk sunuyor. Andy Merrifield, Haussmann\u2019\u0131n \u015fehir planlamay\u0131 19. y\u00fczy\u0131l Paris\u2019ini i\u015f\u00e7i devriminden kurtarman\u0131n bir arac\u0131na d\u00f6n\u00fc\u015ft\u00fcrmesinden g\u00fcn\u00fcm\u00fcz metropollerine, Detroit gibi kentsel \u00e7\u00f6k\u00fcnt\u00fc alanlar\u0131ndan, son zamanlarda y\u00fckselen kent aktivizmine, kent deneyiminin nas\u0131l da s\u0131n\u0131f uzla\u015fmazl\u0131\u011f\u0131 eliyle \u015fekillendirildi\u011fini ve komplolar\u0131n, ayaklanmalar\u0131n ve toplumsal patlamalar\u0131n sava\u015f alan\u0131 oldu\u011funu g\u00f6zler \u00f6n\u00fcne seriyor.  Manuel Castells gibi kent kuramc\u0131lar\u0131n\u0131n \u00e7al\u0131\u015fmalar\u0131n\u0131n \u00f6tesine ge\u00e7en Merrifield, \u015fehrin sermaye eliyle bir fiili ya\u011fma alan\u0131 ve Occupy Wall Street\u2019ten \u0130spanya\u2019daki Indignados\u2019a yeni kent m\u00fccadelesi bi\u00e7imlerinin zemini haline gelmesiyle, yeni bir kent sorunu tarif ederek bizi \u015fenlikli y\u0131k\u0131ma davet ediyor. <\/p>\n","protected":false},"excerpt":{"rendered":"<p>Kent Sorunu, radikal kent kuram\u0131 ile politik aktivizm aras\u0131ndaki ba\u011flant\u0131lar\u0131n izini s\u00fcrerek s\u00fcregiden k\u00fcresel d\u00fcnyam\u0131zda kent meselesine dair co\u015fkulu ve ufuk a\u00e7\u0131c\u0131 bir yolculuk sunuyor. Andy<span class=\"excerpt-hellip\"> [\u2026]<\/span><\/p>\n","protected":false},"featured_media":0,"template":"","meta":{"_monsterinsights_skip_tracking":false,"_monsterinsights_sitenote_active":false,"_monsterinsights_sitenote_note":"","_monsterinsights_sitenote_category":0},"product_brand":[],"product_cat":[12767,12324],"product_tag":[],"class_list":{"0":"post-785405","1":"product","2":"type-product","3":"status-publish","5":"product_cat-kentlesme-modernlesme","6":"product_cat-sosyoloji","7":"pa_cilt-ciltsiz","8":"pa_tur-kitap","9":"pa_yayinevi-tekin-yayinevi","10":"pa_yazar-andy-merrifield","12":"first","13":"instock","14":"sale","15":"shipping-taxable","16":"purchasable","17":"product-type-simple"},"_links":{"self":[{"href":"https:\/\/roveyayinevi.com.tr\/index.php\/wp-json\/wp\/v2\/product\/785405","targetHints":{"allow":["GET"]}}],"collection":[{"href":"https:\/\/roveyayinevi.com.tr\/index.php\/wp-json\/wp\/v2\/product"}],"about":[{"href":"https:\/\/roveyayinevi.com.tr\/index.php\/wp-json\/wp\/v2\/types\/product"}],"wp:attachment":[{"href":"https:\/\/roveyayinevi.com.tr\/index.php\/wp-json\/wp\/v2\/media?parent=785405"}],"wp:term":[{"taxonomy":"product_brand","embeddable":true,"href":"https:\/\/roveyayinevi.com.tr\/index.php\/wp-json\/wp\/v2\/product_brand?post=785405"},{"taxonomy":"product_cat","embeddable":true,"href":"https:\/\/roveyayinevi.com.tr\/index.php\/wp-json\/wp\/v2\/product_cat?post=785405"},{"taxonomy":"product_tag","embeddable":true,"href":"https:\/\/roveyayinevi.com.tr\/index.php\/wp-json\/wp\/v2\/product_tag?post=785405"}],"curies":[{"name":"wp","href":"https:\/\/api.w.org\/{rel}","templated":true}]}}