{"id":785404,"date":"2026-04-02T02:20:19","date_gmt":"2026-04-01T23:20:19","guid":{"rendered":"https:\/\/roveyayinevi.com.tr\/index.php\/urun\/kendi-cagindan-bizim-cagimiza-sigmund-freud\/"},"modified":"2026-04-16T02:14:57","modified_gmt":"2026-04-15T23:14:57","slug":"kendi-cagindan-bizim-cagimiza-sigmund-freud","status":"publish","type":"product","link":"https:\/\/roveyayinevi.com.tr\/index.php\/urun\/kendi-cagindan-bizim-cagimiza-sigmund-freud\/","title":{"rendered":"Kendi \u00c7a\u011f\u0131ndan Bizim \u00c7a\u011f\u0131m\u0131za Sigmund Freud"},"content":{"rendered":"<p>Elisabeth Roudinesco\u2019dan ya\u015fad\u0131\u011f\u0131 \u00e7a\u011f taraf\u0131ndan bi\u00e7imlendirilirken ayn\u0131 zamanda kendi \u00e7a\u011f\u0131n\u0131 bi\u00e7imlendiren Sigmund Freud hakk\u0131nda kapsaml\u0131 ve derinlikli bir \u00e7al\u0131\u015fma: Freud\u2019un ve yap\u0131t\u0131n\u0131n \u00f6yk\u00fcs\u00fc; irili ufakl\u0131 olaylar\u0131n, \u00f6zel ya\u015fam\u0131n ve kamusal ya\u015fam\u0131n, delili\u011fin, a\u015fk\u0131n ve arkada\u015fl\u0131klar\u0131n, uzun vadeli diyaloglar\u0131n, bitkinlik ve melankolinin, \u00f6l\u00fcm ve sava\u015f trajedilerinin birbirine kar\u0131\u015ft\u0131\u011f\u0131, daima belirsiz, daima yeniden icat edilmesi gereken bir gelece\u011fin krall\u0131\u011f\u0131na s\u00fcrg\u00fcnle sonlanan uzun s\u00fcreli bir anlat\u0131n\u0131n zaman\u0131 i\u00e7ine yerle\u015ftirilmi\u015f olarak Freud ve yap\u0131t\u0131. <\/p>\n","protected":false},"excerpt":{"rendered":"<p>Elisabeth Roudinesco\u2019dan ya\u015fad\u0131\u011f\u0131 \u00e7a\u011f taraf\u0131ndan bi\u00e7imlendirilirken ayn\u0131 zamanda kendi \u00e7a\u011f\u0131n\u0131 bi\u00e7imlendiren Sigmund Freud hakk\u0131nda kapsaml\u0131 ve derinlikli bir \u00e7al\u0131\u015fma: Freud\u2019un ve yap\u0131t\u0131n\u0131n \u00f6yk\u00fcs\u00fc; irili ufakl\u0131 olaylar\u0131n,<span class=\"excerpt-hellip\"> [\u2026]<\/span><\/p>\n","protected":false},"featured_media":0,"template":"","meta":{"_monsterinsights_skip_tracking":false,"_monsterinsights_sitenote_active":false,"_monsterinsights_sitenote_note":"","_monsterinsights_sitenote_category":0},"product_brand":[],"product_cat":[13590,12337],"product_tag":[],"class_list":{"0":"post-785404","1":"product","2":"type-product","3":"status-publish","5":"product_cat-arastirma-inceleme-politika-siyaset","6":"product_cat-politika-siyaset","7":"pa_cilt-ciltsiz","8":"pa_tur-kitap","9":"pa_yayinevi-metis-yayinlari","10":"pa_yazar-elisabeth-roudinesco","12":"first","13":"instock","14":"sale","15":"shipping-taxable","16":"purchasable","17":"product-type-simple"},"_links":{"self":[{"href":"https:\/\/roveyayinevi.com.tr\/index.php\/wp-json\/wp\/v2\/product\/785404","targetHints":{"allow":["GET"]}}],"collection":[{"href":"https:\/\/roveyayinevi.com.tr\/index.php\/wp-json\/wp\/v2\/product"}],"about":[{"href":"https:\/\/roveyayinevi.com.tr\/index.php\/wp-json\/wp\/v2\/types\/product"}],"wp:attachment":[{"href":"https:\/\/roveyayinevi.com.tr\/index.php\/wp-json\/wp\/v2\/media?parent=785404"}],"wp:term":[{"taxonomy":"product_brand","embeddable":true,"href":"https:\/\/roveyayinevi.com.tr\/index.php\/wp-json\/wp\/v2\/product_brand?post=785404"},{"taxonomy":"product_cat","embeddable":true,"href":"https:\/\/roveyayinevi.com.tr\/index.php\/wp-json\/wp\/v2\/product_cat?post=785404"},{"taxonomy":"product_tag","embeddable":true,"href":"https:\/\/roveyayinevi.com.tr\/index.php\/wp-json\/wp\/v2\/product_tag?post=785404"}],"curies":[{"name":"wp","href":"https:\/\/api.w.org\/{rel}","templated":true}]}}