{"id":785403,"date":"2026-04-02T02:19:40","date_gmt":"2026-04-01T23:19:40","guid":{"rendered":"https:\/\/roveyayinevi.com.tr\/index.php\/urun\/vefailik-bektasilik-kizilbaslik\/"},"modified":"2026-04-06T12:35:58","modified_gmt":"2026-04-06T09:35:58","slug":"vefailik-bektasilik-kizilbaslik","status":"publish","type":"product","link":"https:\/\/roveyayinevi.com.tr\/index.php\/urun\/vefailik-bektasilik-kizilbaslik\/","title":{"rendered":"Vefailik, Bekta\u015filik, K\u0131z\u0131lba\u015fl\u0131k"},"content":{"rendered":"<p>Fuad K\u00f6pr\u00fcl\u00fc\u2019n\u00fcn 20. y\u00fczy\u0131l\u0131n ba\u015flar\u0131nda form\u00fcle etti\u011fi \u015fekliyle paradigmala\u015fm\u0131\u015f, ancak yeterince s\u0131nan\u0131p sorunsalla\u015ft\u0131r\u0131lmam\u0131\u015f Anadolu dinsel ve k\u00fclt\u00fcrel tarihine dair baz\u0131 varsay\u0131mlar \u2013bazen kimlik siyaseti arenas\u0131nda farkl\u0131 pozisyonlar\u0131 desteklemek i\u00e7in ters y\u00fcz edilerek de olsa\u2013 Alevi-Bekta\u015fi tarihine bak\u0131\u015f\u0131 b\u00fcy\u00fck oranda \u015fekillendirmeyi s\u00fcrd\u00fcrmektedir. Nitekim \u201cs\u00f6zl\u00fc k\u00fclt\u00fcr-yaz\u0131l\u0131 k\u00fclt\u00fcr\u201d, \u201cy\u00fcksek I\u0307sl\u00e2m-halk I\u0307sl\u00e2m\u0131\u201d, \u201cortodoksi-heterodoksi\u201d gibi \u00e7ift kutuplu kar\u015f\u0131tl\u0131klar ve \u201csenkretizm\u201d gibi normatif kavramsallas\u0327t\u0131rmalar ana ak\u0131m T\u00fcrkiye\/Osmanl\u0131 tarih\u00e7ilig\u0306i ile bu \u00e7izgiye muhalif ara\u015ft\u0131rmac\u0131lar\u0131n Alevi-Bektas\u0327i ge\u00e7mis\u0327ine bak\u0131s\u0327lar\u0131nda s\u0131kl\u0131kla g\u00f6zden ka\u00e7an bir ortakl\u0131k tes\u0327kil etmektedir. Yayg\u0131n kabul g\u00f6rm\u00fcs\u0327 bu varsay\u0131mlar\u0131n ve \u00fczerlerine in\u015fa edilen alternatif \u00fcst-anlat\u0131lar\u0131n, hem kavramsal d\u00fczeyde sorgulanmas\u0131 hem de yeni veriler \u0131\u015f\u0131\u011f\u0131nda test edilmesi bug\u00fcn geldi\u011fimiz noktada art\u0131k m\u00fcmk\u00fcn ve elzem g\u00f6r\u00fcnmektedir. Vefailik, Bekta\u015filik, K\u0131z\u0131lba\u015fl\u0131k, bu y\u00f6nde uzun y\u0131llara yay\u0131lm\u0131s\u0327 bir \u00e7aban\u0131n \u00fcr\u00fcn\u00fcd\u00fcr. Eserde yer alan makalelerin biri hari\u00e7 t\u00fcm\u00fc, 1990\u2019l\u0131 y\u0131llarda ya\u015fanan Alevi k\u00fclt\u00fcrel canlan\u0131\u015f\u0131n\u0131 takiben g\u00fcn y\u00fcz\u00fcne \u00e7\u0131kmaya ba\u015flayan, Alevi dede ailelerinin \u00f6zel ar\u015fivlerindeki belge ve yazmalara dayanmaktad\u0131r. Tarih\u00e7ilerin ilgisini hen\u00fcz yeterince \u00e7ekememi\u015f bu son derece \u00f6nemli yeni yaz\u0131l\u0131 kaynaklar Alevi-Bekta\u015fi tarihinin ana meseleleri hakk\u0131nda bize yepyeni veriler ve mevcut kal\u0131plar\u0131n \u00f6tesinde taze ve \u00e7ok daha n\u00fcansl\u0131 bak\u0131\u015f a\u00e7\u0131lar\u0131 sunmakla kalmamakta, ayn\u0131 zamanda Anadolu dinsel ve k\u00fclt\u00fcrel tarihine dair \u201cb\u00fcy\u00fck hik\u00e2ye\u201dyi de \u00f6nemli noktalarda tashih etmektedir.   Karakaya-Stump bu kitapta toplanan yaz\u0131lar\u0131nda \u015fimdiye dek kullan\u0131lmam\u0131\u015f belgeleri b\u00fcy\u00fck bir ustal\u0131kla konu\u015fturarak Alevi tarihi \u00e7al\u0131\u015fmalar\u0131nda yepyeni bir \u00e7\u0131\u011f\u0131r a\u00e7\u0131yor. Alevi tarihini b\u00fct\u00fcn zenginli\u011fini yans\u0131tarak yazabilmemiz i\u00e7in umar\u0131m ba\u015fkalar\u0131 da onun ard\u0131ndan ayn\u0131 sa\u011flam ve al\u0131\u015f\u0131lagelmi\u015f k\u00f6hne s\u00f6ylemleri k\u00f6k\u00fcnden sarsan ad\u0131mlarla y\u00fcr\u00fcyecektir. K\u0131sacas\u0131 bu kitap ger\u00e7ek Alevi tarihyaz\u0131m\u0131n\u0131n ilk derin solu\u011fu \u2013 sindirerek okumak gerek. \u2013         Prof. Dr. Ahmet Karamustafa, Maryland \u00dcniversitesi   Alevili\u011fin olu\u015fumu ve Osmanl\u0131 tarihi i\u00e7indeki yeri hakk\u0131nda bilgi sahibi olmak isteyenler bu kitab\u0131 okumal\u0131; bu konularda bilgi sahibi oldu\u011funu d\u00fc\u015f\u00fcnenler mutlaka okumal\u0131. Ezberbozan kelimesinin tam yerini buldu\u011fu nadir bir \u00f6rnek. \u2013         Prof. Dr. Cemal Kafadar, Harvard \u00dcniversitesi <\/p>\n","protected":false},"excerpt":{"rendered":"<p>Fuad K\u00f6pr\u00fcl\u00fc\u2019n\u00fcn 20. y\u00fczy\u0131l\u0131n ba\u015flar\u0131nda form\u00fcle etti\u011fi \u015fekliyle paradigmala\u015fm\u0131\u015f, ancak yeterince s\u0131nan\u0131p sorunsalla\u015ft\u0131r\u0131lmam\u0131\u015f Anadolu dinsel ve k\u00fclt\u00fcrel tarihine dair baz\u0131 varsay\u0131mlar \u2013bazen kimlik siyaseti arenas\u0131nda farkl\u0131<span class=\"excerpt-hellip\"> [\u2026]<\/span><\/p>\n","protected":false},"featured_media":0,"template":"","meta":{"_monsterinsights_skip_tracking":false,"_monsterinsights_sitenote_active":false,"_monsterinsights_sitenote_note":"","_monsterinsights_sitenote_category":0},"product_brand":[],"product_cat":[12573,12566],"product_tag":[],"class_list":{"0":"post-785403","1":"product","2":"type-product","3":"status-publish","5":"product_cat-akademik-kitaplar","6":"product_cat-egitim","7":"pa_cilt-ciltsiz","8":"pa_tur-kitap","9":"pa_yayinevi-bilgi-universitesi-yayinlari","10":"pa_yazar-ayfer-karakay","11":"pa_yazar-stump","13":"first","14":"instock","15":"sale","16":"shipping-taxable","17":"purchasable","18":"product-type-simple"},"_links":{"self":[{"href":"https:\/\/roveyayinevi.com.tr\/index.php\/wp-json\/wp\/v2\/product\/785403","targetHints":{"allow":["GET"]}}],"collection":[{"href":"https:\/\/roveyayinevi.com.tr\/index.php\/wp-json\/wp\/v2\/product"}],"about":[{"href":"https:\/\/roveyayinevi.com.tr\/index.php\/wp-json\/wp\/v2\/types\/product"}],"wp:attachment":[{"href":"https:\/\/roveyayinevi.com.tr\/index.php\/wp-json\/wp\/v2\/media?parent=785403"}],"wp:term":[{"taxonomy":"product_brand","embeddable":true,"href":"https:\/\/roveyayinevi.com.tr\/index.php\/wp-json\/wp\/v2\/product_brand?post=785403"},{"taxonomy":"product_cat","embeddable":true,"href":"https:\/\/roveyayinevi.com.tr\/index.php\/wp-json\/wp\/v2\/product_cat?post=785403"},{"taxonomy":"product_tag","embeddable":true,"href":"https:\/\/roveyayinevi.com.tr\/index.php\/wp-json\/wp\/v2\/product_tag?post=785403"}],"curies":[{"name":"wp","href":"https:\/\/api.w.org\/{rel}","templated":true}]}}