{"id":785401,"date":"2026-04-02T02:15:34","date_gmt":"2026-04-01T23:15:34","guid":{"rendered":"https:\/\/roveyayinevi.com.tr\/index.php\/urun\/descartes-felsefesinin-ilkeleri-ve-metafizik-dusunceler\/"},"modified":"2026-04-16T02:11:18","modified_gmt":"2026-04-15T23:11:18","slug":"descartes-felsefesinin-ilkeleri-ve-metafizik-dusunceler","status":"publish","type":"product","link":"https:\/\/roveyayinevi.com.tr\/index.php\/urun\/descartes-felsefesinin-ilkeleri-ve-metafizik-dusunceler\/","title":{"rendered":"Descartes Felsefesinin \u0130lkeleri ve Metafizik D\u00fc\u015f\u00fcnceler"},"content":{"rendered":"<p>Spinoza, bu kitaptaki iki metinden ilki olan Descartes Felsefesinin \u0130lkeleri\u2019nde, yer yer getirdi\u011fi ayr\u0131nt\u0131l\u0131 a\u00e7\u0131klamalar d\u0131\u015f\u0131nda, Descartes d\u00fc\u015f\u00fcncesinin i\u00e7eri\u011fine herhangi bir ekleme yapmadan, onu geometrik y\u00f6ntemle sunarak daha anla\u015f\u0131l\u0131r k\u0131lmay\u0131 hedefler. \u0130kinci metin olan Metafizik D\u00fc\u015f\u00fcnceler\u2019de ise, bu d\u00fc\u015f\u00fcncede y\u00f6ntemden \u00e7ok i\u00e7erik bak\u0131m\u0131ndan, yani b\u00fct\u00fcne ili\u015fkin bir eksiklik olarak g\u00f6rd\u00fc\u011f\u00fc \u015feyi tamamlamay\u0131 se\u00e7er. Bu a\u00e7\u0131dan, iki metin bir b\u00fct\u00fcn olarak d\u00fc\u015f\u00fcn\u00fcld\u00fc\u011f\u00fcnde, Spinoza\u2019ya g\u00f6re Descartes d\u00fc\u015f\u00fcncesinde nelerin, geometrik yolla g\u00f6sterilebildikleri \u00f6l\u00e7\u00fcde, Varl\u0131k&#8217;\u0131n bilgisine d\u00e2hil edilmeye de\u011fer olduklar\u0131 g\u00f6r\u00fcl\u00fcr. Ama \u00f6te yandan, metinler bu d\u00fc\u015f\u00fcncenin \u00e7\u0131k\u0131\u015f noktas\u0131 ve temel varsay\u0131mlar\u0131 gere\u011fi a\u00e7\u0131klanamadan kalan her \u015feyi de ortaya koyar. Bu nedenle Descartes Felsefesinin \u0130lkeleri ve Metafizik D\u00fc\u015f\u00fcnceler yaln\u0131z Descartes d\u00fc\u015f\u00fcncesi \u00fczerine yaz\u0131lm\u0131\u015f de\u011ferli bir kaynak de\u011fil, Spinoza\u2019n\u0131n kendi d\u00fc\u015f\u00fcncesini anlamak a\u00e7\u0131s\u0131ndan da b\u00fcy\u00fck \u00f6nem ta\u015f\u0131yan bir \u00e7al\u0131\u015fmad\u0131r.<\/p>\n","protected":false},"excerpt":{"rendered":"<p>Spinoza, bu kitaptaki iki metinden ilki olan Descartes Felsefesinin \u0130lkeleri\u2019nde, yer yer getirdi\u011fi ayr\u0131nt\u0131l\u0131 a\u00e7\u0131klamalar d\u0131\u015f\u0131nda, Descartes d\u00fc\u015f\u00fcncesinin i\u00e7eri\u011fine herhangi bir ekleme yapmadan, onu geometrik y\u00f6ntemle<span class=\"excerpt-hellip\"> [\u2026]<\/span><\/p>\n","protected":false},"featured_media":0,"template":"","meta":{"_monsterinsights_skip_tracking":false,"_monsterinsights_sitenote_active":false,"_monsterinsights_sitenote_note":"","_monsterinsights_sitenote_category":0},"product_brand":[],"product_cat":[12389,12388],"product_tag":[],"class_list":{"0":"post-785401","1":"product","2":"type-product","3":"status-publish","5":"product_cat-diger-felsefe","6":"product_cat-felsefe","7":"pa_cilt-ciltsiz","8":"pa_tur-kitap","9":"pa_yayinevi-dost-kitabevi-yayinlari","10":"pa_yazar-benedictus-spinoza","12":"first","13":"instock","14":"sale","15":"shipping-taxable","16":"purchasable","17":"product-type-simple"},"_links":{"self":[{"href":"https:\/\/roveyayinevi.com.tr\/index.php\/wp-json\/wp\/v2\/product\/785401","targetHints":{"allow":["GET"]}}],"collection":[{"href":"https:\/\/roveyayinevi.com.tr\/index.php\/wp-json\/wp\/v2\/product"}],"about":[{"href":"https:\/\/roveyayinevi.com.tr\/index.php\/wp-json\/wp\/v2\/types\/product"}],"wp:attachment":[{"href":"https:\/\/roveyayinevi.com.tr\/index.php\/wp-json\/wp\/v2\/media?parent=785401"}],"wp:term":[{"taxonomy":"product_brand","embeddable":true,"href":"https:\/\/roveyayinevi.com.tr\/index.php\/wp-json\/wp\/v2\/product_brand?post=785401"},{"taxonomy":"product_cat","embeddable":true,"href":"https:\/\/roveyayinevi.com.tr\/index.php\/wp-json\/wp\/v2\/product_cat?post=785401"},{"taxonomy":"product_tag","embeddable":true,"href":"https:\/\/roveyayinevi.com.tr\/index.php\/wp-json\/wp\/v2\/product_tag?post=785401"}],"curies":[{"name":"wp","href":"https:\/\/api.w.org\/{rel}","templated":true}]}}