{"id":785400,"date":"2026-04-02T02:04:33","date_gmt":"2026-04-01T23:04:33","guid":{"rendered":"https:\/\/roveyayinevi.com.tr\/index.php\/urun\/elestiri-ve-ideoloji-marksist-edebiyat-teorisi-uzerine-bir-calisma\/"},"modified":"2026-04-16T02:05:01","modified_gmt":"2026-04-15T23:05:01","slug":"elestiri-ve-ideoloji-marksist-edebiyat-teorisi-uzerine-bir-calisma","status":"publish","type":"product","link":"https:\/\/roveyayinevi.com.tr\/index.php\/urun\/elestiri-ve-ideoloji-marksist-edebiyat-teorisi-uzerine-bir-calisma\/","title":{"rendered":"Ele\u015ftiri ve \u0130deoloji: Marksist Edebiyat Teorisi \u00dczerine Bir \u00c7al\u0131\u015fma"},"content":{"rendered":"<p>Terry Eagleton, edebiyat ele\u015ftirisi tart\u0131\u015fmalar\u0131n\u0131n muzip, ac\u0131mas\u0131z ve otorite say\u0131lan \u00fcyelerinden biri. Ele\u015ftiri ve \u0130deoloji, modern edebiyat ele\u015ftirisi literat\u00fcr\u00fcn\u00fcn yap\u0131ta\u015flar\u0131ndan say\u0131l\u0131yor. Yaz\u0131ld\u0131\u011f\u0131 d\u00f6nemin yap\u0131salc\u0131 arg\u00fcmanlar\u0131n\u0131 ihtiva eden; metni, yazar\u0131, genel edebiyat teorisini ve ele\u015ftiri \u00f6\u011felerini ayn\u0131 ba\u011flam i\u00e7erisinde birbirleriyle tart\u0131\u015ft\u0131rarak ele alan Eagleton, yaln\u0131zca genelge\u00e7er bir ideoloji tart\u0131\u015fmas\u0131 yerine, metin ve edebiyat \u00fczerinden bunun arkeolojisine giri\u015fiyor. Marksizm ve edebiyat ele\u015ftirisi aras\u0131ndaki \u00f6zel ili\u015fkiyi yeniden ele al\u0131yor. Raymond Williams, Lenin, Tro\u00e7ki, Brecht, Adorno, Benjamin, Luk\u00e1cs ve Sartre\u2019\u0131n yap\u0131tlar\u0131ndan ilham alarak, geleneksel denebilecek edebiyat ele\u015ftirisinin kar\u015f\u0131s\u0131na, ideoloji konusunda da kapsaml\u0131 bir teorik arg\u00fcman setiyle ve yeni bir tart\u0131\u015fmayla \u00e7\u0131k\u0131yor. Eagleton kanonik yazarlardan George Eliot, Charles Dickens, Joseph Conrad, Henry James, T.S. Eliot, W.B. Yeats, James Joyce ve D.H. Lawrence\u2019\u0131 ele al\u0131rken, basit Marksist kategorilerden mesafelenerek, ideolojinin bahsi ge\u00e7en yazarlar\u0131n eserlerinde ne kadar \u00fcretici ve radikal bir rol oynad\u0131\u011f\u0131n\u0131 g\u00f6steriyor. <\/p>\n","protected":false},"excerpt":{"rendered":"<p>Terry Eagleton, edebiyat ele\u015ftirisi tart\u0131\u015fmalar\u0131n\u0131n muzip, ac\u0131mas\u0131z ve otorite say\u0131lan \u00fcyelerinden biri. Ele\u015ftiri ve \u0130deoloji, modern edebiyat ele\u015ftirisi literat\u00fcr\u00fcn\u00fcn yap\u0131ta\u015flar\u0131ndan say\u0131l\u0131yor. Yaz\u0131ld\u0131\u011f\u0131 d\u00f6nemin yap\u0131salc\u0131 arg\u00fcmanlar\u0131n\u0131 ihtiva<span class=\"excerpt-hellip\"> [\u2026]<\/span><\/p>\n","protected":false},"featured_media":0,"template":"","meta":{"_monsterinsights_skip_tracking":false,"_monsterinsights_sitenote_active":false,"_monsterinsights_sitenote_note":"","_monsterinsights_sitenote_category":0},"product_brand":[],"product_cat":[12291,12610],"product_tag":[],"class_list":{"0":"post-785400","1":"product","2":"type-product","3":"status-publish","5":"product_cat-edebiyat","6":"product_cat-elestiri-inceleme-kuram","7":"pa_cilt-ciltsiz","8":"pa_tur-kitap","9":"pa_yayinevi-iletisim-yayinlari","10":"pa_yazar-terry-eagleton","12":"first","13":"instock","14":"sale","15":"shipping-taxable","16":"purchasable","17":"product-type-simple"},"_links":{"self":[{"href":"https:\/\/roveyayinevi.com.tr\/index.php\/wp-json\/wp\/v2\/product\/785400","targetHints":{"allow":["GET"]}}],"collection":[{"href":"https:\/\/roveyayinevi.com.tr\/index.php\/wp-json\/wp\/v2\/product"}],"about":[{"href":"https:\/\/roveyayinevi.com.tr\/index.php\/wp-json\/wp\/v2\/types\/product"}],"wp:attachment":[{"href":"https:\/\/roveyayinevi.com.tr\/index.php\/wp-json\/wp\/v2\/media?parent=785400"}],"wp:term":[{"taxonomy":"product_brand","embeddable":true,"href":"https:\/\/roveyayinevi.com.tr\/index.php\/wp-json\/wp\/v2\/product_brand?post=785400"},{"taxonomy":"product_cat","embeddable":true,"href":"https:\/\/roveyayinevi.com.tr\/index.php\/wp-json\/wp\/v2\/product_cat?post=785400"},{"taxonomy":"product_tag","embeddable":true,"href":"https:\/\/roveyayinevi.com.tr\/index.php\/wp-json\/wp\/v2\/product_tag?post=785400"}],"curies":[{"name":"wp","href":"https:\/\/api.w.org\/{rel}","templated":true}]}}