{"id":785399,"date":"2026-04-02T02:04:07","date_gmt":"2026-04-01T23:04:07","guid":{"rendered":"https:\/\/roveyayinevi.com.tr\/index.php\/urun\/derleme-notlari-1-kitap\/"},"modified":"2026-04-16T02:04:41","modified_gmt":"2026-04-15T23:04:41","slug":"derleme-notlari-1-kitap","status":"publish","type":"product","link":"https:\/\/roveyayinevi.com.tr\/index.php\/urun\/derleme-notlari-1-kitap\/","title":{"rendered":"Derleme Notlar\u0131 1. Kitap"},"content":{"rendered":"<p>Bu kitap, rahmetli Y\u00f6netken&#8217;in, Anadolu&#8217;da kat\u0131ld\u0131\u011f\u0131 derleme \u00e7al\u0131\u015fmalar\u0131nda tuttu\u011fu notlardan olu\u015fuyor. Bu notlar, 50 -60 y\u0131l \u00f6nceki Anadolu&#8217;yu ve insanlar\u0131m\u0131z\u0131; geleneksel ya\u015fam i\u00e7inde halk\u0131n m\u00fczik k\u00fclt\u00fcr\u00fcn\u00fc ve m\u00fczik ya\u015fam\u0131n\u0131 g\u00fc\u00e7l\u00fc bir g\u00f6zlemle saptayan ve yans\u0131tan notlar.Merakla okunacak ve o d\u00f6nemlere ili\u015fkin bilgiler edinilecek, \u00e7ok de\u011ferli bir etnom\u00fczikoloji kitab\u0131 <\/p>\n","protected":false},"excerpt":{"rendered":"<p>Bu kitap, rahmetli Y\u00f6netken&#8217;in, Anadolu&#8217;da kat\u0131ld\u0131\u011f\u0131 derleme \u00e7al\u0131\u015fmalar\u0131nda tuttu\u011fu notlardan olu\u015fuyor. Bu notlar, 50 -60 y\u0131l \u00f6nceki Anadolu&#8217;yu ve insanlar\u0131m\u0131z\u0131; geleneksel ya\u015fam i\u00e7inde halk\u0131n m\u00fczik k\u00fclt\u00fcr\u00fcn\u00fc<span class=\"excerpt-hellip\"> [\u2026]<\/span><\/p>\n","protected":false},"featured_media":0,"template":"","meta":{"_monsterinsights_skip_tracking":false,"_monsterinsights_sitenote_active":false,"_monsterinsights_sitenote_note":"","_monsterinsights_sitenote_category":0},"product_brand":[],"product_cat":[14591,14556],"product_tag":[],"class_list":{"0":"post-785399","1":"product","2":"type-product","3":"status-publish","5":"product_cat-genel-kavramlar-kuram-ve-tarihce","6":"product_cat-muzik","7":"pa_cilt-ciltsiz","8":"pa_tur-kitap","9":"pa_yayinevi-sun-yayinevi","10":"pa_yazar-halil-bedi-yonetken","12":"first","13":"instock","14":"sale","15":"shipping-taxable","16":"purchasable","17":"product-type-simple"},"_links":{"self":[{"href":"https:\/\/roveyayinevi.com.tr\/index.php\/wp-json\/wp\/v2\/product\/785399","targetHints":{"allow":["GET"]}}],"collection":[{"href":"https:\/\/roveyayinevi.com.tr\/index.php\/wp-json\/wp\/v2\/product"}],"about":[{"href":"https:\/\/roveyayinevi.com.tr\/index.php\/wp-json\/wp\/v2\/types\/product"}],"wp:attachment":[{"href":"https:\/\/roveyayinevi.com.tr\/index.php\/wp-json\/wp\/v2\/media?parent=785399"}],"wp:term":[{"taxonomy":"product_brand","embeddable":true,"href":"https:\/\/roveyayinevi.com.tr\/index.php\/wp-json\/wp\/v2\/product_brand?post=785399"},{"taxonomy":"product_cat","embeddable":true,"href":"https:\/\/roveyayinevi.com.tr\/index.php\/wp-json\/wp\/v2\/product_cat?post=785399"},{"taxonomy":"product_tag","embeddable":true,"href":"https:\/\/roveyayinevi.com.tr\/index.php\/wp-json\/wp\/v2\/product_tag?post=785399"}],"curies":[{"name":"wp","href":"https:\/\/api.w.org\/{rel}","templated":true}]}}