{"id":785398,"date":"2026-04-02T02:03:22","date_gmt":"2026-04-01T23:03:22","guid":{"rendered":"https:\/\/roveyayinevi.com.tr\/index.php\/urun\/yeryuzunun-lanetlileri-2\/"},"modified":"2026-04-14T02:05:34","modified_gmt":"2026-04-13T23:05:34","slug":"yeryuzunun-lanetlileri-2","status":"publish","type":"product","link":"https:\/\/roveyayinevi.com.tr\/index.php\/urun\/yeryuzunun-lanetlileri-2\/","title":{"rendered":"Yery\u00fcz\u00fcn\u00fcn Lanetlileri"},"content":{"rendered":"<p>Frantz Fanon\u2019un s\u00f6m\u00fcrgecili\u011fin s\u00f6m\u00fcrge halklar\u0131 \u00fczerindeki psikolojik sonu\u00e7lar\u0131n\u0131 analiz etmeye \u00e7al\u0131\u015ft\u0131\u011f\u0131 en \u00fcnl\u00fc eseri olan Yery\u00fcz\u00fcn\u00fcn Lanetlileri s\u00f6m\u00fcrgecilik kar\u015f\u0131t\u0131 m\u00fccadelenin ve \u00dc\u00e7\u00fcnc\u00fc D\u00fcnya\u2019n\u0131n \u00f6zg\u00fcrl\u00fc\u011f\u00fcn\u00fcn manifestosu olarak bilinmektedir.<\/p>\n","protected":false},"excerpt":{"rendered":"<p>Frantz Fanon\u2019un s\u00f6m\u00fcrgecili\u011fin s\u00f6m\u00fcrge halklar\u0131 \u00fczerindeki psikolojik sonu\u00e7lar\u0131n\u0131 analiz etmeye \u00e7al\u0131\u015ft\u0131\u011f\u0131 en \u00fcnl\u00fc eseri olan Yery\u00fcz\u00fcn\u00fcn Lanetlileri s\u00f6m\u00fcrgecilik kar\u015f\u0131t\u0131 m\u00fccadelenin ve \u00dc\u00e7\u00fcnc\u00fc D\u00fcnya\u2019n\u0131n \u00f6zg\u00fcrl\u00fc\u011f\u00fcn\u00fcn manifestosu olarak<span class=\"excerpt-hellip\"> [\u2026]<\/span><\/p>\n","protected":false},"featured_media":0,"template":"","meta":{"_monsterinsights_skip_tracking":false,"_monsterinsights_sitenote_active":false,"_monsterinsights_sitenote_note":"","_monsterinsights_sitenote_category":0},"product_brand":[],"product_cat":[17574,13527],"product_tag":[],"class_list":{"0":"post-785398","1":"product","2":"type-product","3":"status-publish","5":"product_cat-politika","6":"product_cat-sureli-yayinlar","7":"pa_cilt-ciltsiz","8":"pa_tur-kitap","9":"pa_yayinevi-versus-yayinlari","10":"pa_yazar-frantz-fanon","12":"first","13":"instock","14":"sale","15":"shipping-taxable","16":"purchasable","17":"product-type-simple"},"_links":{"self":[{"href":"https:\/\/roveyayinevi.com.tr\/index.php\/wp-json\/wp\/v2\/product\/785398","targetHints":{"allow":["GET"]}}],"collection":[{"href":"https:\/\/roveyayinevi.com.tr\/index.php\/wp-json\/wp\/v2\/product"}],"about":[{"href":"https:\/\/roveyayinevi.com.tr\/index.php\/wp-json\/wp\/v2\/types\/product"}],"wp:attachment":[{"href":"https:\/\/roveyayinevi.com.tr\/index.php\/wp-json\/wp\/v2\/media?parent=785398"}],"wp:term":[{"taxonomy":"product_brand","embeddable":true,"href":"https:\/\/roveyayinevi.com.tr\/index.php\/wp-json\/wp\/v2\/product_brand?post=785398"},{"taxonomy":"product_cat","embeddable":true,"href":"https:\/\/roveyayinevi.com.tr\/index.php\/wp-json\/wp\/v2\/product_cat?post=785398"},{"taxonomy":"product_tag","embeddable":true,"href":"https:\/\/roveyayinevi.com.tr\/index.php\/wp-json\/wp\/v2\/product_tag?post=785398"}],"curies":[{"name":"wp","href":"https:\/\/api.w.org\/{rel}","templated":true}]}}