{"id":785396,"date":"2026-04-02T01:58:13","date_gmt":"2026-04-01T22:58:13","guid":{"rendered":"https:\/\/roveyayinevi.com.tr\/index.php\/urun\/bir-zamanlar-europada\/"},"modified":"2026-04-16T01:59:16","modified_gmt":"2026-04-15T22:59:16","slug":"bir-zamanlar-europada","status":"publish","type":"product","link":"https:\/\/roveyayinevi.com.tr\/index.php\/urun\/bir-zamanlar-europada\/","title":{"rendered":"Bir Zamanlar Europa&#8217;da"},"content":{"rendered":"<p>\u201cOnlar\u0131n Emeklerine\u201d \u00fc\u00e7lemesinin ikinci kitab\u0131 olan Bir Zamanlar EUROPA\u2019da, k\u00f6yl\u00fcl\u00fc\u011f\u00fcn d\u00f6n\u00fc\u015f\u00fcm\u00fcn\u00fc yeni bir k\u00fclt\u00fcrel ala\u015f\u0131m ve ya\u015fam tarz\u0131 imk\u00e2n\u0131 olarak anlatan bir modern zaman epi\u011fi. Berger, y\u00fczy\u0131llard\u0131r topra\u011fa ba\u011f\u0131ml\u0131 olan insanlar\u0131n metropollere g\u00f6\u00e7\u00fcn\u00fcn ula\u015ft\u0131\u011f\u0131 boyutlar\u0131, k\u00f6yl\u00fcl\u00fc\u011f\u00fcn yeni durumuna ili\u015fkin \u00f6zg\u00fcn tasvirlerle anlat\u0131yor. K\u00f6y\u00fc yery\u00fcz\u00fcnden silmeye kararl\u0131 metropol k\u00fclt\u00fcr\u00fcn\u00fcn topra\u011fa ba\u011f\u0131ml\u0131, geleneksel k\u00f6y hayat\u0131 ile kar\u015f\u0131la\u015fmas\u0131ndan do\u011fan gerilim kad\u0131nl\u0131\u011fa, erkekli\u011fe, a\u015fka dair \u00f6zg\u00fcn hik\u00e2yelere a\u00e7\u0131l\u0131yor. Bir \u00e7oban\u0131n burjuva bir han\u0131mefendiye sevdalanmas\u0131, gen\u00e7 ve ya\u015fam dolu bir kad\u0131n\u0131n y\u00f6redeki fabrikada \u00e7al\u0131\u015fan Rus\u2019a tutulmas\u0131, bir o\u011flan \u00e7ocu\u011funun ihtiyar annesine duydu\u011fu saplant\u0131l\u0131 sevgi&#8230; Usta yazar Berger\u2019\u0131n hik\u00e2yeleri yeni bir k\u00fclt\u00fcrel \u00e7e\u015fitlilik ve ala\u015f\u0131ma i\u015faret ederken anlat\u0131 \u00e7arp\u0131c\u0131 bir modern zaman epi\u011fine d\u00f6n\u00fc\u015f\u00fcyor. \u201cBir Zamanlar EUROPA\u2019da ola\u011fan\u00fcst\u00fc bir eser\u2026 Berger\u2019\u0131n dehas\u0131 bize tarihin bildi\u011fimiz insanlar\u0131 nas\u0131l de\u011fi\u015ftirdi\u011fini, nas\u0131l yabanc\u0131 k\u0131ld\u0131\u011f\u0131n\u0131 g\u00f6steriyor.\u201d Angela Carter<\/p>\n","protected":false},"excerpt":{"rendered":"<p>\u201cOnlar\u0131n Emeklerine\u201d \u00fc\u00e7lemesinin ikinci kitab\u0131 olan Bir Zamanlar EUROPA\u2019da, k\u00f6yl\u00fcl\u00fc\u011f\u00fcn d\u00f6n\u00fc\u015f\u00fcm\u00fcn\u00fc yeni bir k\u00fclt\u00fcrel ala\u015f\u0131m ve ya\u015fam tarz\u0131 imk\u00e2n\u0131 olarak anlatan bir modern zaman epi\u011fi. Berger,<span class=\"excerpt-hellip\"> [\u2026]<\/span><\/p>\n","protected":false},"featured_media":0,"template":"","meta":{"_monsterinsights_skip_tracking":false,"_monsterinsights_sitenote_active":false,"_monsterinsights_sitenote_note":"","_monsterinsights_sitenote_category":0},"product_brand":[],"product_cat":[12291,12866],"product_tag":[],"class_list":{"0":"post-785396","1":"product","2":"type-product","3":"status-publish","5":"product_cat-edebiyat","6":"product_cat-ingiliz-edebiyati","7":"pa_cilt-ciltsiz","8":"pa_tur-kitap","9":"pa_yayinevi-iletisim-yayinlari","10":"pa_yazar-john-berger","12":"first","13":"instock","14":"sale","15":"shipping-taxable","16":"purchasable","17":"product-type-simple"},"_links":{"self":[{"href":"https:\/\/roveyayinevi.com.tr\/index.php\/wp-json\/wp\/v2\/product\/785396","targetHints":{"allow":["GET"]}}],"collection":[{"href":"https:\/\/roveyayinevi.com.tr\/index.php\/wp-json\/wp\/v2\/product"}],"about":[{"href":"https:\/\/roveyayinevi.com.tr\/index.php\/wp-json\/wp\/v2\/types\/product"}],"wp:attachment":[{"href":"https:\/\/roveyayinevi.com.tr\/index.php\/wp-json\/wp\/v2\/media?parent=785396"}],"wp:term":[{"taxonomy":"product_brand","embeddable":true,"href":"https:\/\/roveyayinevi.com.tr\/index.php\/wp-json\/wp\/v2\/product_brand?post=785396"},{"taxonomy":"product_cat","embeddable":true,"href":"https:\/\/roveyayinevi.com.tr\/index.php\/wp-json\/wp\/v2\/product_cat?post=785396"},{"taxonomy":"product_tag","embeddable":true,"href":"https:\/\/roveyayinevi.com.tr\/index.php\/wp-json\/wp\/v2\/product_tag?post=785396"}],"curies":[{"name":"wp","href":"https:\/\/api.w.org\/{rel}","templated":true}]}}