{"id":785395,"date":"2026-04-01T03:39:23","date_gmt":"2026-04-01T00:39:23","guid":{"rendered":"https:\/\/roveyayinevi.com.tr\/index.php\/urun\/beyaz-guvercin-2\/"},"modified":"2026-04-15T03:48:54","modified_gmt":"2026-04-15T00:48:54","slug":"beyaz-guvercin-2","status":"publish","type":"product","link":"https:\/\/roveyayinevi.com.tr\/index.php\/urun\/beyaz-guvercin-2\/","title":{"rendered":"Beyaz G\u00fcvercin"},"content":{"rendered":"<p>Azad sustu. \u00c7\u00fcnk\u00fc sevdi\u011fi halde gitmeyi se\u00e7enler sonunda sessiz kal\u0131r. Boran konu\u015ftu. \u00c7\u00fcnk\u00fc sevmeyi cesaretli yapanlar\u0131n, korkacak hi\u00e7bir \u015feyi yoktu. Roza\u2026 \u0130ki adam\u0131n aras\u0131nda s\u0131k\u0131\u015fm\u0131\u015f kalbin ad\u0131d\u0131r. Biri ge\u00e7mi\u015fiyle ac\u0131tan, di\u011feri sarmaya gelen\u2026 Azad, duygular\u0131n\u0131 gizleyip hayat\u0131na bir ba\u015fkas\u0131n\u0131 ald\u0131\u011f\u0131nda, Roza ilk kez kalbinin ne kadar sessiz k\u0131r\u0131labilece\u011fini \u00f6\u011frendi. Tam da o g\u00fcnlerde kap\u0131s\u0131 \u00e7al\u0131nd\u0131. Bir g\u00f6r\u00fcc\u00fc geldi. Boran. Ama Boran, g\u00f6r\u00fcnd\u00fc\u011f\u00fc adam de\u011fildi. Yalanlar\u0131n ard\u0131na saklanm\u0131\u015f bir ge\u00e7mi\u015fi vard\u0131. Ve o yalanlar\u0131n i\u00e7indeki tek ger\u00e7ek\u2026 Roza\u2019ya duydu\u011fu sevgiydi. Roza ise sadece sevilmek istiyordu. Saklanmadan, yar\u0131m kalmadan, korkmadan\u2026 Ge\u00e7mi\u015fin g\u00f6lgesi pe\u015fini b\u0131rakmazken, Roza kendini bir se\u00e7imde buldu: Kalbini ac\u0131tan bir sessizlik mi, yoksa yalanlar\u0131n i\u00e7indeki tek do\u011fru mu? \u201cBeyaz G\u00fcvercin\u201d, sevmenin bazen susmakla, bazen de her \u015feyi g\u00f6ze almakla ba\u015flad\u0131\u011f\u0131n\u0131 anlatan \u00e7arp\u0131c\u0131 bir hik\u00e2ye. \u00c7\u00fcnk\u00fc baz\u0131 insanlar kalbini k\u0131rar. Baz\u0131lar\u0131 ise o kalbi yeniden atmay\u0131 \u00f6\u011fretir.<\/p>\n","protected":false},"excerpt":{"rendered":"<p>Azad sustu. \u00c7\u00fcnk\u00fc sevdi\u011fi halde gitmeyi se\u00e7enler sonunda sessiz kal\u0131r. Boran konu\u015ftu. \u00c7\u00fcnk\u00fc sevmeyi cesaretli yapanlar\u0131n, korkacak hi\u00e7bir \u015feyi yoktu. Roza\u2026 \u0130ki adam\u0131n aras\u0131nda s\u0131k\u0131\u015fm\u0131\u015f kalbin<span class=\"excerpt-hellip\"> [\u2026]<\/span><\/p>\n","protected":false},"featured_media":0,"template":"","meta":{"_monsterinsights_skip_tracking":false,"_monsterinsights_sitenote_active":false,"_monsterinsights_sitenote_note":"","_monsterinsights_sitenote_category":0},"product_brand":[],"product_cat":[12291,12711],"product_tag":[],"class_list":{"0":"post-785395","1":"product","2":"type-product","3":"status-publish","5":"product_cat-edebiyat","6":"product_cat-roman-oyku","7":"pa_cilt-ciltsiz","8":"pa_tur-kitap","9":"pa_yayinevi-eldra-yayinlari","10":"pa_yazar-berfin-samaraz","12":"first","13":"instock","14":"sale","15":"shipping-taxable","16":"purchasable","17":"product-type-simple"},"_links":{"self":[{"href":"https:\/\/roveyayinevi.com.tr\/index.php\/wp-json\/wp\/v2\/product\/785395","targetHints":{"allow":["GET"]}}],"collection":[{"href":"https:\/\/roveyayinevi.com.tr\/index.php\/wp-json\/wp\/v2\/product"}],"about":[{"href":"https:\/\/roveyayinevi.com.tr\/index.php\/wp-json\/wp\/v2\/types\/product"}],"wp:attachment":[{"href":"https:\/\/roveyayinevi.com.tr\/index.php\/wp-json\/wp\/v2\/media?parent=785395"}],"wp:term":[{"taxonomy":"product_brand","embeddable":true,"href":"https:\/\/roveyayinevi.com.tr\/index.php\/wp-json\/wp\/v2\/product_brand?post=785395"},{"taxonomy":"product_cat","embeddable":true,"href":"https:\/\/roveyayinevi.com.tr\/index.php\/wp-json\/wp\/v2\/product_cat?post=785395"},{"taxonomy":"product_tag","embeddable":true,"href":"https:\/\/roveyayinevi.com.tr\/index.php\/wp-json\/wp\/v2\/product_tag?post=785395"}],"curies":[{"name":"wp","href":"https:\/\/api.w.org\/{rel}","templated":true}]}}