{"id":785392,"date":"2026-04-01T03:39:16","date_gmt":"2026-04-01T00:39:16","guid":{"rendered":"https:\/\/roveyayinevi.com.tr\/index.php\/urun\/azerbaycan-edebiyatinda-yuksekogretim-sisteminin-sorunlari\/"},"modified":"2026-04-15T03:48:54","modified_gmt":"2026-04-15T00:48:54","slug":"azerbaycan-edebiyatinda-yuksekogretim-sisteminin-sorunlari","status":"publish","type":"product","link":"https:\/\/roveyayinevi.com.tr\/index.php\/urun\/azerbaycan-edebiyatinda-yuksekogretim-sisteminin-sorunlari\/","title":{"rendered":"Azerbaycan Edebiyat\u0131nda Y\u00fcksek\u00f6\u011fretim Sisteminin Sorunlar\u0131"},"content":{"rendered":"<p>I B\u00d6L\u00dcM TOPLUM\u2013EDEB\u0130YAT \u0130L\u0130\u015eK\u0130S\u0130 BA\u011eLAMINDA EDEB\u0130YATIN \u0130\u015eLEVLER\u0130II B\u00d6L\u00dcM AZERBAYCAN\u2019DA E\u011e\u0130T\u0130M: TOPLUMSAL D\u00d6N\u00dc\u015e\u00dcM VE KURUMSAL SORUNLARIII B\u00d6L\u00dcM Y\u00dcKSEK\u00d6\u011eRET\u0130M YOZLA\u015eMASININ \u0130RON\u0130K-SAT\u0130R\u0130K ELE\u015eT\u0130R\u0130S\u0130IV B\u00d6L\u00dcM ELE\u015eT\u0130REL REAL\u0130ZM BA\u011eLAMINDA Y\u00dcKSEK\u00d6\u011eRET\u0130M YOZLA\u015eMASI<\/p>\n","protected":false},"excerpt":{"rendered":"<p>I B\u00d6L\u00dcM TOPLUM\u2013EDEB\u0130YAT \u0130L\u0130\u015eK\u0130S\u0130 BA\u011eLAMINDA EDEB\u0130YATIN \u0130\u015eLEVLER\u0130II B\u00d6L\u00dcM AZERBAYCAN\u2019DA E\u011e\u0130T\u0130M: TOPLUMSAL D\u00d6N\u00dc\u015e\u00dcM VE KURUMSAL SORUNLARIII B\u00d6L\u00dcM Y\u00dcKSEK\u00d6\u011eRET\u0130M YOZLA\u015eMASININ \u0130RON\u0130K-SAT\u0130R\u0130K ELE\u015eT\u0130R\u0130S\u0130IV B\u00d6L\u00dcM ELE\u015eT\u0130REL REAL\u0130ZM BA\u011eLAMINDA Y\u00dcKSEK\u00d6\u011eRET\u0130M YOZLA\u015eMASI<\/p>\n","protected":false},"featured_media":0,"template":"","meta":{"_monsterinsights_skip_tracking":false,"_monsterinsights_sitenote_active":false,"_monsterinsights_sitenote_note":"","_monsterinsights_sitenote_category":0},"product_brand":[],"product_cat":[141304],"product_tag":[],"class_list":{"0":"post-785392","1":"product","2":"type-product","3":"status-publish","5":"product_cat-yeni-cikanlar","6":"pa_cilt-ciltsiz","7":"pa_tur-kitap","8":"pa_yayinevi-gazi-kitabevi","9":"pa_yazar-vusale-musali","11":"first","12":"instock","13":"sale","14":"shipping-taxable","15":"purchasable","16":"product-type-simple"},"_links":{"self":[{"href":"https:\/\/roveyayinevi.com.tr\/index.php\/wp-json\/wp\/v2\/product\/785392","targetHints":{"allow":["GET"]}}],"collection":[{"href":"https:\/\/roveyayinevi.com.tr\/index.php\/wp-json\/wp\/v2\/product"}],"about":[{"href":"https:\/\/roveyayinevi.com.tr\/index.php\/wp-json\/wp\/v2\/types\/product"}],"wp:attachment":[{"href":"https:\/\/roveyayinevi.com.tr\/index.php\/wp-json\/wp\/v2\/media?parent=785392"}],"wp:term":[{"taxonomy":"product_brand","embeddable":true,"href":"https:\/\/roveyayinevi.com.tr\/index.php\/wp-json\/wp\/v2\/product_brand?post=785392"},{"taxonomy":"product_cat","embeddable":true,"href":"https:\/\/roveyayinevi.com.tr\/index.php\/wp-json\/wp\/v2\/product_cat?post=785392"},{"taxonomy":"product_tag","embeddable":true,"href":"https:\/\/roveyayinevi.com.tr\/index.php\/wp-json\/wp\/v2\/product_tag?post=785392"}],"curies":[{"name":"wp","href":"https:\/\/api.w.org\/{rel}","templated":true}]}}