{"id":785391,"date":"2026-04-01T03:39:14","date_gmt":"2026-04-01T00:39:14","guid":{"rendered":"https:\/\/roveyayinevi.com.tr\/index.php\/urun\/deniz-dostlari-egenin-iki-yakasinda\/"},"modified":"2026-04-15T03:48:53","modified_gmt":"2026-04-15T00:48:53","slug":"deniz-dostlari-egenin-iki-yakasinda","status":"publish","type":"product","link":"https:\/\/roveyayinevi.com.tr\/index.php\/urun\/deniz-dostlari-egenin-iki-yakasinda\/","title":{"rendered":"Deniz Dostlar\u0131: Ege\u2019nin  \u0130ki Yakas\u0131nda"},"content":{"rendered":"<p>Deniz ve arkada\u015flar\u0131, tatilde serin sulara dald\u0131klar\u0131nda her \u015feyin yolunda gidece\u011fini san\u0131yorlard\u0131 ama denizin alt\u0131 onlara bamba\u015fka bir hik\u00e2ye anlatt\u0131: \u00e7\u00f6pler, plastikler ve sessiz bir yard\u0131m \u00e7a\u011fr\u0131s\u0131\u2026  Sanki deniz nefes alam\u0131yor, do\u011fa yard\u0131m istiyordu.<\/p>\n","protected":false},"excerpt":{"rendered":"<p>Deniz ve arkada\u015flar\u0131, tatilde serin sulara dald\u0131klar\u0131nda her \u015feyin yolunda gidece\u011fini san\u0131yorlard\u0131 ama denizin alt\u0131 onlara bamba\u015fka bir hik\u00e2ye anlatt\u0131: \u00e7\u00f6pler, plastikler ve sessiz bir yard\u0131m<span class=\"excerpt-hellip\"> [\u2026]<\/span><\/p>\n","protected":false},"featured_media":0,"template":"","meta":{"_monsterinsights_skip_tracking":false,"_monsterinsights_sitenote_active":false,"_monsterinsights_sitenote_note":"","_monsterinsights_sitenote_category":0},"product_brand":[],"product_cat":[12275,12274],"product_tag":[],"class_list":{"0":"post-785391","1":"product","2":"type-product","3":"status-publish","5":"product_cat-6-12-yas-kitaplari","6":"product_cat-cocuk-ve-genclik-kitaplari","7":"pa_cilt-ciltsiz","8":"pa_tur-kitap","9":"pa_yayinevi-beyaz-balina-yayinlari","10":"pa_yazar-gunsu-baser","12":"first","13":"instock","14":"sale","15":"shipping-taxable","16":"purchasable","17":"product-type-simple"},"_links":{"self":[{"href":"https:\/\/roveyayinevi.com.tr\/index.php\/wp-json\/wp\/v2\/product\/785391","targetHints":{"allow":["GET"]}}],"collection":[{"href":"https:\/\/roveyayinevi.com.tr\/index.php\/wp-json\/wp\/v2\/product"}],"about":[{"href":"https:\/\/roveyayinevi.com.tr\/index.php\/wp-json\/wp\/v2\/types\/product"}],"wp:attachment":[{"href":"https:\/\/roveyayinevi.com.tr\/index.php\/wp-json\/wp\/v2\/media?parent=785391"}],"wp:term":[{"taxonomy":"product_brand","embeddable":true,"href":"https:\/\/roveyayinevi.com.tr\/index.php\/wp-json\/wp\/v2\/product_brand?post=785391"},{"taxonomy":"product_cat","embeddable":true,"href":"https:\/\/roveyayinevi.com.tr\/index.php\/wp-json\/wp\/v2\/product_cat?post=785391"},{"taxonomy":"product_tag","embeddable":true,"href":"https:\/\/roveyayinevi.com.tr\/index.php\/wp-json\/wp\/v2\/product_tag?post=785391"}],"curies":[{"name":"wp","href":"https:\/\/api.w.org\/{rel}","templated":true}]}}