{"id":785389,"date":"2026-04-01T03:39:11","date_gmt":"2026-04-01T00:39:11","guid":{"rendered":"https:\/\/roveyayinevi.com.tr\/index.php\/urun\/caz-devri-hikayeleri\/"},"modified":"2026-04-15T03:48:53","modified_gmt":"2026-04-15T00:48:53","slug":"caz-devri-hikayeleri","status":"publish","type":"product","link":"https:\/\/roveyayinevi.com.tr\/index.php\/urun\/caz-devri-hikayeleri\/","title":{"rendered":"Caz Devri Hikayeleri"},"content":{"rendered":"<p>20. y\u00fczy\u0131l Amerikan edebiyat\u0131n\u0131n parlak ama sert seslerinden biri olan F. Scott Fitzgerald bu kitab\u0131nda Amerikan r\u00fcyas\u0131n\u0131n \u00e7\u00fcr\u00fcm\u00fc\u015f y\u00fcz\u00fcne ihti\u015faml\u0131 ve bir o kadar da sivri bir dille ayna tutuyor. Sinema uyarlamas\u0131yla k\u00fclt haline gelmi\u015f \u201cBenjamin Button\u2019\u0131n Esrarengiz Hayat\u0131\u201dn\u0131 da i\u00e7eren on bir \u00f6yk\u00fcy\u00fc bir araya getirdi\u011fi Caz Devri Hik\u00e2yeleri\u2019nde Fitzgerald bir d\u00f6nemim tepesinde par\u0131ldayan g\u00fcne\u015fi ve bu g\u00fcne\u015fin ard\u0131nda gizlenen kara bulutlar\u0131 resmediyor.  M\u00fczi\u011fin ritmine kendini kapt\u0131rarak a\u015fk\u0131n pe\u015finden ko\u015far ayak savrulanlar\u0131, ac\u0131s\u0131n\u0131 bir kadehte bo\u011fmaya \u00e7al\u0131\u015fanlar\u0131 ve hayata kocaman bir elmas par\u00e7as\u0131 merce\u011finden bakanlar\u0131 k\u00e2h h\u00fcz\u00fcnl\u00fc k\u00e2h ne\u015feli maskeleriyle g\u00f6sterirken, ya\u015fad\u0131\u011f\u0131 \u00e7a\u011f\u0131n m\u00fclemma hallerini kusursuz bir hik\u00e2ye anlat\u0131c\u0131l\u0131\u011f\u0131yla i\u015fliyor. Birinci D\u00fcnya Sava\u015f\u0131 sonras\u0131ndaki ekonomik refahla birlikte kitle k\u00fclt\u00fcr\u00fc, moda, e\u011flence, dans ve m\u00fczik \u00e7\u0131lg\u0131nl\u0131\u011f\u0131, b\u00fcy\u00fck sanatsal d\u00f6n\u00fc\u015f\u00fcm y\u0131llar\u0131 olarak bilinen Caz Devri\u2019ni her y\u00f6n\u00fcyle yans\u0131tan bu \u00f6yk\u00fc toplam\u0131n\u0131 Erdem H\u00fcrer\u2019in \u00f6zenli \u00e7evirisiyle sunuyoruz.<\/p>\n","protected":false},"excerpt":{"rendered":"<p>20. y\u00fczy\u0131l Amerikan edebiyat\u0131n\u0131n parlak ama sert seslerinden biri olan F. Scott Fitzgerald bu kitab\u0131nda Amerikan r\u00fcyas\u0131n\u0131n \u00e7\u00fcr\u00fcm\u00fc\u015f y\u00fcz\u00fcne ihti\u015faml\u0131 ve bir o kadar da sivri<span class=\"excerpt-hellip\"> [\u2026]<\/span><\/p>\n","protected":false},"featured_media":0,"template":"","meta":{"_monsterinsights_skip_tracking":false,"_monsterinsights_sitenote_active":false,"_monsterinsights_sitenote_note":"","_monsterinsights_sitenote_category":0},"product_brand":[],"product_cat":[12891,12291],"product_tag":[],"class_list":{"0":"post-785389","1":"product","2":"type-product","3":"status-publish","5":"product_cat-amerikan-edebiyati","6":"product_cat-edebiyat","7":"pa_cilt-ciltli","8":"pa_tur-kitap","9":"pa_yayinevi-koridor-yayincilik","10":"pa_yazar-f-scott-fitzgerald","12":"first","13":"instock","14":"sale","15":"shipping-taxable","16":"purchasable","17":"product-type-simple"},"_links":{"self":[{"href":"https:\/\/roveyayinevi.com.tr\/index.php\/wp-json\/wp\/v2\/product\/785389","targetHints":{"allow":["GET"]}}],"collection":[{"href":"https:\/\/roveyayinevi.com.tr\/index.php\/wp-json\/wp\/v2\/product"}],"about":[{"href":"https:\/\/roveyayinevi.com.tr\/index.php\/wp-json\/wp\/v2\/types\/product"}],"wp:attachment":[{"href":"https:\/\/roveyayinevi.com.tr\/index.php\/wp-json\/wp\/v2\/media?parent=785389"}],"wp:term":[{"taxonomy":"product_brand","embeddable":true,"href":"https:\/\/roveyayinevi.com.tr\/index.php\/wp-json\/wp\/v2\/product_brand?post=785389"},{"taxonomy":"product_cat","embeddable":true,"href":"https:\/\/roveyayinevi.com.tr\/index.php\/wp-json\/wp\/v2\/product_cat?post=785389"},{"taxonomy":"product_tag","embeddable":true,"href":"https:\/\/roveyayinevi.com.tr\/index.php\/wp-json\/wp\/v2\/product_tag?post=785389"}],"curies":[{"name":"wp","href":"https:\/\/api.w.org\/{rel}","templated":true}]}}