{"id":785386,"date":"2026-04-01T03:39:06","date_gmt":"2026-04-01T00:39:06","guid":{"rendered":"https:\/\/roveyayinevi.com.tr\/index.php\/urun\/agda-zamani\/"},"modified":"2026-04-15T03:48:50","modified_gmt":"2026-04-15T00:48:50","slug":"agda-zamani","status":"publish","type":"product","link":"https:\/\/roveyayinevi.com.tr\/index.php\/urun\/agda-zamani\/","title":{"rendered":"A\u011fda  Zaman\u0131"},"content":{"rendered":"<p>1980 Akademi Kitabevi  \u00d6yk\u00fc Ba\u015far\u0131 \u00d6d\u00fcl\u00fcKad\u0131n olmak, toplumsal roller i\u00e7inde var olmaya \u00e7al\u0131\u015fmak, suskunlukla ba\u015fkald\u0131r\u0131 aras\u0131nda s\u0131k\u0131\u015f\u0131p kalmak&#8230; \u0130nci Aral\u2019\u0131n 1979 y\u0131l\u0131nda yay\u0131mlanan ilk kitab\u0131 olan A\u011fda Zaman\u0131, bar\u0131nd\u0131rd\u0131\u011f\u0131 \u00f6yk\u00fclerle kad\u0131nlar\u0131n i\u00e7 d\u00fcnyas\u0131na, hayal k\u0131r\u0131kl\u0131klar\u0131na, umutlar\u0131na ve diren\u00e7lerine ayna tutuyor.Bir kuaf\u00f6r salonunda ge\u00e7en k\u0131sa ama derinlikli bir an, yaln\u0131zl\u0131\u011f\u0131n a\u011f\u0131r sessizli\u011fi, ge\u00e7mi\u015fle hesapla\u015fan karakterler ve hayat\u0131n k\u00fc\u00e7\u00fck ama derin izler b\u0131rakan kesitleri&#8230; \u0130nci Aral\u2019\u0131n ger\u00e7ek\u00e7i ve etkileyici anlat\u0131m\u0131yla \u015fekillenen bu \u00f6yk\u00fcler, okuyucuyu tan\u0131d\u0131k ama sars\u0131c\u0131 bir yolculu\u011fa \u00e7\u0131kar\u0131yor.\u0130nsan\u0131n en mahrem anlar\u0131na, bast\u0131r\u0131lm\u0131\u015f duygular\u0131na ve k\u0131r\u0131lganl\u0131klar\u0131na dokunan A\u011fda Zaman\u0131, T\u00fcrk edebiyat\u0131nda kad\u0131n hik\u00e2yelerini g\u00fc\u00e7l\u00fc bir \u015fekilde dile getiren en \u00f6nemli eserlerden biri olmaya devam ediyor.\u201cBir yalan s\u00f6yle bana,\u201d dedim. \u201cUmuttan uzak ama ger\u00e7e\u011fe yak\u0131n.\u201d<\/p>\n","protected":false},"excerpt":{"rendered":"<p>1980 Akademi Kitabevi \u00d6yk\u00fc Ba\u015far\u0131 \u00d6d\u00fcl\u00fcKad\u0131n olmak, toplumsal roller i\u00e7inde var olmaya \u00e7al\u0131\u015fmak, suskunlukla ba\u015fkald\u0131r\u0131 aras\u0131nda s\u0131k\u0131\u015f\u0131p kalmak&#8230; \u0130nci Aral\u2019\u0131n 1979 y\u0131l\u0131nda yay\u0131mlanan ilk kitab\u0131 olan<span class=\"excerpt-hellip\"> [\u2026]<\/span><\/p>\n","protected":false},"featured_media":0,"template":"","meta":{"_monsterinsights_skip_tracking":false,"_monsterinsights_sitenote_active":false,"_monsterinsights_sitenote_note":"","_monsterinsights_sitenote_category":0},"product_brand":[],"product_cat":[12291,18202],"product_tag":[],"class_list":{"0":"post-785386","1":"product","2":"type-product","3":"status-publish","5":"product_cat-edebiyat","6":"product_cat-hikaye","7":"pa_cilt-ciltsiz","8":"pa_tur-kitap","9":"pa_yayinevi-everest-yayinlari","10":"pa_yazar-inci-aral","12":"first","13":"instock","14":"sale","15":"shipping-taxable","16":"purchasable","17":"product-type-simple"},"_links":{"self":[{"href":"https:\/\/roveyayinevi.com.tr\/index.php\/wp-json\/wp\/v2\/product\/785386","targetHints":{"allow":["GET"]}}],"collection":[{"href":"https:\/\/roveyayinevi.com.tr\/index.php\/wp-json\/wp\/v2\/product"}],"about":[{"href":"https:\/\/roveyayinevi.com.tr\/index.php\/wp-json\/wp\/v2\/types\/product"}],"wp:attachment":[{"href":"https:\/\/roveyayinevi.com.tr\/index.php\/wp-json\/wp\/v2\/media?parent=785386"}],"wp:term":[{"taxonomy":"product_brand","embeddable":true,"href":"https:\/\/roveyayinevi.com.tr\/index.php\/wp-json\/wp\/v2\/product_brand?post=785386"},{"taxonomy":"product_cat","embeddable":true,"href":"https:\/\/roveyayinevi.com.tr\/index.php\/wp-json\/wp\/v2\/product_cat?post=785386"},{"taxonomy":"product_tag","embeddable":true,"href":"https:\/\/roveyayinevi.com.tr\/index.php\/wp-json\/wp\/v2\/product_tag?post=785386"}],"curies":[{"name":"wp","href":"https:\/\/api.w.org\/{rel}","templated":true}]}}