{"id":785385,"date":"2026-04-01T03:39:04","date_gmt":"2026-04-01T00:39:04","guid":{"rendered":"https:\/\/roveyayinevi.com.tr\/index.php\/urun\/korsan-aydinlanma-yahut-gercek-libertalia\/"},"modified":"2026-04-15T03:48:50","modified_gmt":"2026-04-15T00:48:50","slug":"korsan-aydinlanma-yahut-gercek-libertalia","status":"publish","type":"product","link":"https:\/\/roveyayinevi.com.tr\/index.php\/urun\/korsan-aydinlanma-yahut-gercek-libertalia\/","title":{"rendered":"Korsan Ayd\u0131nlanma (Yahut) Ger\u00e7ek Libertalia"},"content":{"rendered":"<p>\u201cOn yedinci ve on sekizinci y\u00fczy\u0131llarda Madagaskar k\u0131y\u0131lar\u0131, efsanevi korsan krallar\u0131n, hayali krall\u0131klar\u0131n ve siyasi deneylerin sahnesiydi.\u201dBor\u00e7 ve T\u0131r\u0131\u015fkadan \u0130\u015fler adl\u0131 kitaplar\u0131yla toplumsal e\u015fitsizli\u011fi ve ekonomik adaletsizli\u011fi irdeleyen David Graeber, Korsan Ayd\u0131nlanma\u2019da, Madagaskar k\u0131y\u0131lar\u0131ndaki korsan topluluklar\u0131n\u0131 ve onlar\u0131n Malga\u015f halklar\u0131yla kurdu\u011fu ili\u015fkileri inceliyor; ar\u015fiv belgeleri, antropolojik g\u00f6zlemler ve unutulmu\u015f hik\u00e2yeler \u00fczerinden korsan yerle\u015fimlerinin nas\u0131l radikal toplumsal deneyimlerin merkezine d\u00f6n\u00fc\u015ft\u00fc\u011f\u00fcn\u00fc ortaya koyuyor. Graeber, Libertalia efsanesinden Betsimisaraka Konfederasyonu\u2019na uzanarak, korsanlar\u0131n d\u00fc\u015f\u00fcn\u00fcld\u00fc\u011f\u00fc gibi yaln\u0131zca denizlerin kanun tan\u0131maz haydutlar\u0131 de\u011fil, modern \u00f6zg\u00fcrl\u00fck d\u00fc\u015f\u00fcncesinin erken temsilcileri oldu\u011funu savunarak tarihe bir not d\u00fc\u015f\u00fcyor.Antropolojiyi tarihle bulu\u015fturan bu kitap, korsan topluluklar\u0131n\u0131nortak m\u00fclkiyet, do\u011frudan demokrasi ve halk meclisleri \u00fczerindengeli\u015ftirdikleri radikal uygulamalar\u0131 g\u00fcn y\u00fcz\u00fcne \u00e7\u0131kar\u0131yor.\u201cDavid Graeber son derece \u00f6zg\u00fcn bir d\u00fc\u015f\u00fcn\u00fcr ve ola\u011fan\u00fcst\u00fc biryazar. Her \u015feyden \u00f6nce, zorlu sorular\u0131 aray\u0131p bulan ve onlara \u00e7\u00f6z\u00fcmbulmaya \u00e7al\u0131\u015fan biri.\u201d-Peter Frankopan, New York Times Book Review<\/p>\n","protected":false},"excerpt":{"rendered":"<p>\u201cOn yedinci ve on sekizinci y\u00fczy\u0131llarda Madagaskar k\u0131y\u0131lar\u0131, efsanevi korsan krallar\u0131n, hayali krall\u0131klar\u0131n ve siyasi deneylerin sahnesiydi.\u201dBor\u00e7 ve T\u0131r\u0131\u015fkadan \u0130\u015fler adl\u0131 kitaplar\u0131yla toplumsal e\u015fitsizli\u011fi ve ekonomik<span class=\"excerpt-hellip\"> [\u2026]<\/span><\/p>\n","protected":false},"featured_media":0,"template":"","meta":{"_monsterinsights_skip_tracking":false,"_monsterinsights_sitenote_active":false,"_monsterinsights_sitenote_note":"","_monsterinsights_sitenote_category":0},"product_brand":[],"product_cat":[15499,13488],"product_tag":[],"class_list":{"0":"post-785385","1":"product","2":"type-product","3":"status-publish","5":"product_cat-antropoloji","6":"product_cat-toplum-ve-insan","7":"pa_cilt-ciltsiz","8":"pa_tur-kitap","9":"pa_yayinevi-everest-yayinlari","10":"pa_yazar-david-graeber","12":"first","13":"instock","14":"sale","15":"shipping-taxable","16":"purchasable","17":"product-type-simple"},"_links":{"self":[{"href":"https:\/\/roveyayinevi.com.tr\/index.php\/wp-json\/wp\/v2\/product\/785385","targetHints":{"allow":["GET"]}}],"collection":[{"href":"https:\/\/roveyayinevi.com.tr\/index.php\/wp-json\/wp\/v2\/product"}],"about":[{"href":"https:\/\/roveyayinevi.com.tr\/index.php\/wp-json\/wp\/v2\/types\/product"}],"wp:attachment":[{"href":"https:\/\/roveyayinevi.com.tr\/index.php\/wp-json\/wp\/v2\/media?parent=785385"}],"wp:term":[{"taxonomy":"product_brand","embeddable":true,"href":"https:\/\/roveyayinevi.com.tr\/index.php\/wp-json\/wp\/v2\/product_brand?post=785385"},{"taxonomy":"product_cat","embeddable":true,"href":"https:\/\/roveyayinevi.com.tr\/index.php\/wp-json\/wp\/v2\/product_cat?post=785385"},{"taxonomy":"product_tag","embeddable":true,"href":"https:\/\/roveyayinevi.com.tr\/index.php\/wp-json\/wp\/v2\/product_tag?post=785385"}],"curies":[{"name":"wp","href":"https:\/\/api.w.org\/{rel}","templated":true}]}}