{"id":785383,"date":"2026-04-01T03:38:59","date_gmt":"2026-04-01T00:38:59","guid":{"rendered":"https:\/\/roveyayinevi.com.tr\/index.php\/urun\/long-island\/"},"modified":"2026-04-08T03:45:23","modified_gmt":"2026-04-08T00:45:23","slug":"long-island","status":"publish","type":"product","link":"https:\/\/roveyayinevi.com.tr\/index.php\/urun\/long-island\/","title":{"rendered":"Long Island"},"content":{"rendered":"<p>\u201cEilis adam\u0131n ziyaretini kafas\u0131ndan atmaya \u00e7al\u0131\u015f\u0131yordu ama olmad\u0131k anlarda sesi akl\u0131na geliyordu. \u00d6yle anlarda, s\u0131cakl\u0131kta ya da \u0131\u015f\u0131kta bir de\u011fi\u015fim olmu\u015f gibi \u00fcrperiyordu.\u201d\u00c7a\u011fda\u015f \u0130rlanda edebiyat\u0131n\u0131n en b\u00fcy\u00fck isimlerinden Colm T\u00f3ib\u00edn\u2019in b\u00fcy\u00fck ilgi g\u00f6ren ve Observer gazetesi taraf\u0131ndan en iyi on tarihi romandan biri olarak g\u00f6sterilen roman\u0131 Brooklyn\u2019in devam\u0131 Long Island\u2019da, kurdu\u011fu hayata ad\u0131m ad\u0131m tan\u0131k oldu\u011fumuz Eilis Lacey ile y\u0131llar sonra yeniden kar\u015f\u0131la\u015f\u0131yoruz.Eilis art\u0131k Long Island\u2019da, e\u015fi Tony ve iki \u00e7ocu\u011fuyla ya\u015famaktad\u0131r; Tony\u2019nin ailesi de hemen yan\u0131 ba\u015flar\u0131ndad\u0131r. Bir g\u00fcn kap\u0131lar\u0131na gelen beklenmedik bir ziyaret\u00e7i, Eilis\u2019in y\u0131llard\u0131r dikkatle kurdu\u011fu d\u00fczeni tek bir c\u00fcmleyle \u00e7atlat\u0131r. O ana kadar konu\u015fulmam\u0131\u015f olanlar, ertelenmi\u015f sorular ve eski k\u0131rg\u0131nl\u0131klar birer birer g\u00f6r\u00fcn\u00fcr hale gelir.Eilis, ger\u00e7e\u011fi \u00f6\u011frenmek ve kendi pay\u0131na d\u00fc\u015fen karar\u0131 verebilmek i\u00e7in yeniden \u0130rlanda\u2019ya d\u00f6nmek zorunda kal\u0131r; Enniscorthy\u2019de onu bekleyen \u015feyse yaln\u0131zca ge\u00e7mi\u015fin hat\u0131ralar\u0131 de\u011fildir.Colm T\u00f3ib\u00edn, g\u00f6steri\u015fsiz ama son derece etkili anlat\u0131m\u0131yla aileyi, sadakati, s\u0131n\u0131f\u0131, yuvay\u0131 soru\u015fturuyor. Long Island, duyguyu b\u00fcy\u00fctmeden derinle\u015ftiren, sars\u0131nt\u0131s\u0131n\u0131 okurun i\u00e7inde yava\u015f yava\u015f biriktiren g\u00fc\u00e7l\u00fc bir roman.<\/p>\n","protected":false},"excerpt":{"rendered":"<p>\u201cEilis adam\u0131n ziyaretini kafas\u0131ndan atmaya \u00e7al\u0131\u015f\u0131yordu ama olmad\u0131k anlarda sesi akl\u0131na geliyordu. \u00d6yle anlarda, s\u0131cakl\u0131kta ya da \u0131\u015f\u0131kta bir de\u011fi\u015fim olmu\u015f gibi \u00fcrperiyordu.\u201d\u00c7a\u011fda\u015f \u0130rlanda edebiyat\u0131n\u0131n en<span class=\"excerpt-hellip\"> [\u2026]<\/span><\/p>\n","protected":false},"featured_media":0,"template":"","meta":{"_monsterinsights_skip_tracking":false,"_monsterinsights_sitenote_active":false,"_monsterinsights_sitenote_note":"","_monsterinsights_sitenote_category":0},"product_brand":[],"product_cat":[12291,12711],"product_tag":[],"class_list":{"0":"post-785383","1":"product","2":"type-product","3":"status-publish","5":"product_cat-edebiyat","6":"product_cat-roman-oyku","7":"pa_cilt-ciltsiz","8":"pa_tur-kitap","9":"pa_yayinevi-everest-yayinlari","10":"pa_yazar-colm-toibin","12":"first","13":"instock","14":"sale","15":"shipping-taxable","16":"purchasable","17":"product-type-simple"},"_links":{"self":[{"href":"https:\/\/roveyayinevi.com.tr\/index.php\/wp-json\/wp\/v2\/product\/785383","targetHints":{"allow":["GET"]}}],"collection":[{"href":"https:\/\/roveyayinevi.com.tr\/index.php\/wp-json\/wp\/v2\/product"}],"about":[{"href":"https:\/\/roveyayinevi.com.tr\/index.php\/wp-json\/wp\/v2\/types\/product"}],"wp:attachment":[{"href":"https:\/\/roveyayinevi.com.tr\/index.php\/wp-json\/wp\/v2\/media?parent=785383"}],"wp:term":[{"taxonomy":"product_brand","embeddable":true,"href":"https:\/\/roveyayinevi.com.tr\/index.php\/wp-json\/wp\/v2\/product_brand?post=785383"},{"taxonomy":"product_cat","embeddable":true,"href":"https:\/\/roveyayinevi.com.tr\/index.php\/wp-json\/wp\/v2\/product_cat?post=785383"},{"taxonomy":"product_tag","embeddable":true,"href":"https:\/\/roveyayinevi.com.tr\/index.php\/wp-json\/wp\/v2\/product_tag?post=785383"}],"curies":[{"name":"wp","href":"https:\/\/api.w.org\/{rel}","templated":true}]}}