{"id":785382,"date":"2026-04-01T03:38:57","date_gmt":"2026-04-01T00:38:57","guid":{"rendered":"https:\/\/roveyayinevi.com.tr\/index.php\/urun\/bustos-domecqin-yeni-hikayeleri\/"},"modified":"2026-04-15T03:48:50","modified_gmt":"2026-04-15T00:48:50","slug":"bustos-domecqin-yeni-hikayeleri","status":"publish","type":"product","link":"https:\/\/roveyayinevi.com.tr\/index.php\/urun\/bustos-domecqin-yeni-hikayeleri\/","title":{"rendered":"Bustos Domecq\u2019in  Yeni Hik\u00e2yeleri"},"content":{"rendered":"<p>Borges ve Casares\u2019in ortak mahlas\u0131 H. Bustos Domecq, bu kitapta okuru hem zek\u00e2n\u0131n incelikleriyle hem de ironinin keskinli\u011fiyle \u00f6r\u00fcl\u00fc yeni bir edebi evrene davet ediyor. Hik\u00e2yelerde s\u0131radan g\u00f6r\u00fcnen dostluklardan aristokrasinin gizemli d\u00fcnyas\u0131na, mafya entrikalar\u0131ndan toplumsal hicve uzanan bir yelpazede, ger\u00e7ek ile kurmacan\u0131n s\u0131n\u0131rlar\u0131 bulan\u0131kla\u015f\u0131yor.Metinler bir yandan sahici anlat\u0131y\u0131 parodiyle sorgularken, Arjantin toplumunun al\u0131\u015fkanl\u0131klar\u0131n\u0131, zaaflar\u0131n\u0131 ve maskelerini alayc\u0131 bir dille g\u00f6r\u00fcn\u00fcr k\u0131l\u0131yor. Bu hik\u00e2yeler hem Latin Amerika edebiyat\u0131n\u0131n hem de d\u00fcnya edebiyat\u0131n\u0131n yarat\u0131c\u0131 ortak \u00e7al\u0131\u015fmalar\u0131ndan birine tan\u0131kl\u0131k etmek isteyen okur i\u00e7in vazge\u00e7ilmez.\u0130nsan bazen i\u00e7ini d\u00f6kmek ister. Bunu, gelip ge\u00e7en bir ku\u015fla, sigaran\u0131n son duman\u0131 gibi kay\u0131plara kar\u0131\u015facak sade bir vatanda\u015fa yapmak icap eder.<\/p>\n","protected":false},"excerpt":{"rendered":"<p>Borges ve Casares\u2019in ortak mahlas\u0131 H. Bustos Domecq, bu kitapta okuru hem zek\u00e2n\u0131n incelikleriyle hem de ironinin keskinli\u011fiyle \u00f6r\u00fcl\u00fc yeni bir edebi evrene davet ediyor. Hik\u00e2yelerde<span class=\"excerpt-hellip\"> [\u2026]<\/span><\/p>\n","protected":false},"featured_media":0,"template":"","meta":{"_monsterinsights_skip_tracking":false,"_monsterinsights_sitenote_active":false,"_monsterinsights_sitenote_note":"","_monsterinsights_sitenote_category":0},"product_brand":[],"product_cat":[12291,18202],"product_tag":[],"class_list":{"0":"post-785382","1":"product","2":"type-product","3":"status-publish","5":"product_cat-edebiyat","6":"product_cat-hikaye","7":"pa_cilt-ciltsiz","8":"pa_tur-kitap","9":"pa_yayinevi-everest-yayinlari","10":"pa_yazar-jorge-luis-borges","12":"first","13":"instock","14":"sale","15":"shipping-taxable","16":"purchasable","17":"product-type-simple"},"_links":{"self":[{"href":"https:\/\/roveyayinevi.com.tr\/index.php\/wp-json\/wp\/v2\/product\/785382","targetHints":{"allow":["GET"]}}],"collection":[{"href":"https:\/\/roveyayinevi.com.tr\/index.php\/wp-json\/wp\/v2\/product"}],"about":[{"href":"https:\/\/roveyayinevi.com.tr\/index.php\/wp-json\/wp\/v2\/types\/product"}],"wp:attachment":[{"href":"https:\/\/roveyayinevi.com.tr\/index.php\/wp-json\/wp\/v2\/media?parent=785382"}],"wp:term":[{"taxonomy":"product_brand","embeddable":true,"href":"https:\/\/roveyayinevi.com.tr\/index.php\/wp-json\/wp\/v2\/product_brand?post=785382"},{"taxonomy":"product_cat","embeddable":true,"href":"https:\/\/roveyayinevi.com.tr\/index.php\/wp-json\/wp\/v2\/product_cat?post=785382"},{"taxonomy":"product_tag","embeddable":true,"href":"https:\/\/roveyayinevi.com.tr\/index.php\/wp-json\/wp\/v2\/product_tag?post=785382"}],"curies":[{"name":"wp","href":"https:\/\/api.w.org\/{rel}","templated":true}]}}