{"id":785380,"date":"2026-04-01T03:38:54","date_gmt":"2026-04-01T00:38:54","guid":{"rendered":"https:\/\/roveyayinevi.com.tr\/index.php\/urun\/uc-kutuplu-turkiye\/"},"modified":"2026-04-15T03:48:50","modified_gmt":"2026-04-15T00:48:50","slug":"uc-kutuplu-turkiye","status":"publish","type":"product","link":"https:\/\/roveyayinevi.com.tr\/index.php\/urun\/uc-kutuplu-turkiye\/","title":{"rendered":"\u00dc\u00e7 Kutuplu T\u00fcrkiye"},"content":{"rendered":"<p>\u201cBug\u00fcn gelinen noktada, T\u00fcrkiye&#8217;nin derin bir kutupla\u015fma ya\u015fad\u0131\u011f\u0131 ve duygusal olarak \u00fc\u00e7e b\u00f6l\u00fcnd\u00fc\u011f\u00fc a\u00e7\u0131k\u00e7a g\u00f6r\u00fclmektedir. Bu durumun ta\u015f\u0131d\u0131\u011f\u0131 temel tehlike, ekonomi politikalar\u0131, d\u0131\u015f politika ve k\u00fclt\u00fcr gibi modern siyaset alanlar\u0131nda farkl\u0131la\u015fabilecek iki yap\u0131n\u0131n (sa\u011f ve sol) yerini, binlerce y\u0131la dayanan dini, etnik ve milliyet\u00e7i ayr\u0131mlar\u0131n almas\u0131d\u0131r. Bu t\u00fcr ayr\u0131\u015fmalar, \u00fclkenin b\u00fct\u00fcnl\u00fc\u011f\u00fcn\u00fc tehdit ederek potansiyel bir b\u00f6l\u00fcnmeye yol a\u00e7abilir. Bizler, \u00fclkenin b\u00f6l\u00fcnmesine kar\u015f\u0131 \u00e7\u0131karak, T\u00fcrkiye&#8217;de ya\u015fayan her kesimin insan haklar\u0131na uygun \u015fekilde birinci s\u0131n\u0131f yurtta\u015f muamelesi g\u00f6rmesini, yarg\u0131n\u0131n herkese e\u015fit uygulanmas\u0131n\u0131 ve k\u00fclt\u00fcrel haklar\u0131n\u0131n tan\u0131narak diline ve k\u00fclt\u00fcr\u00fcne sayg\u0131 duyulmas\u0131n\u0131 savunduk. Zaman\u0131nda \u2018b\u00f6l\u00fcc\u00fcl\u00fck\u2019 olarak nitelendirilen ve su\u00e7land\u0131\u011f\u0131m\u0131z bu yakla\u015f\u0131m, asl\u0131nda demokratik, daha b\u00fct\u00fcnle\u015fmi\u015f, \u00e7a\u011fda\u015f, geli\u015fmi\u015f ve herkesin refah\u0131na y\u00f6nelik bir T\u00fcrkiye in\u015fa etme \u00e7abas\u0131yd\u0131. Son d\u00f6nemlerde T\u00fcrkiye \u00fc\u00e7 kutbu bir araya getirmenin form\u00fclleri ile \u00e7alkalan\u0131yor. Ama bu ge\u00e7mi\u015fe g\u00f6re daha zor ve karma\u015f\u0131k yollardan ge\u00e7meyi gerektiriyor. Halbuki i\u015f hi\u00e7 bu noktalara gelmeyebilirdi.\u201dZ\u00fclf\u00fc Livaneli<\/p>\n","protected":false},"excerpt":{"rendered":"<p>\u201cBug\u00fcn gelinen noktada, T\u00fcrkiye&#8217;nin derin bir kutupla\u015fma ya\u015fad\u0131\u011f\u0131 ve duygusal olarak \u00fc\u00e7e b\u00f6l\u00fcnd\u00fc\u011f\u00fc a\u00e7\u0131k\u00e7a g\u00f6r\u00fclmektedir. Bu durumun ta\u015f\u0131d\u0131\u011f\u0131 temel tehlike, ekonomi politikalar\u0131, d\u0131\u015f politika ve k\u00fclt\u00fcr<span class=\"excerpt-hellip\"> [\u2026]<\/span><\/p>\n","protected":false},"featured_media":0,"template":"","meta":{"_monsterinsights_skip_tracking":false,"_monsterinsights_sitenote_active":false,"_monsterinsights_sitenote_note":"","_monsterinsights_sitenote_category":0},"product_brand":[],"product_cat":[13059,12337],"product_tag":[],"class_list":{"0":"post-785380","1":"product","2":"type-product","3":"status-publish","5":"product_cat-diger-politika-siyaset","6":"product_cat-politika-siyaset","7":"pa_cilt-ciltsiz","8":"pa_tur-kitap","9":"pa_yayinevi-inkilap-kitabevi","10":"pa_yazar-zulfu-livaneli","12":"first","13":"instock","14":"sale","15":"shipping-taxable","16":"purchasable","17":"product-type-simple"},"_links":{"self":[{"href":"https:\/\/roveyayinevi.com.tr\/index.php\/wp-json\/wp\/v2\/product\/785380","targetHints":{"allow":["GET"]}}],"collection":[{"href":"https:\/\/roveyayinevi.com.tr\/index.php\/wp-json\/wp\/v2\/product"}],"about":[{"href":"https:\/\/roveyayinevi.com.tr\/index.php\/wp-json\/wp\/v2\/types\/product"}],"wp:attachment":[{"href":"https:\/\/roveyayinevi.com.tr\/index.php\/wp-json\/wp\/v2\/media?parent=785380"}],"wp:term":[{"taxonomy":"product_brand","embeddable":true,"href":"https:\/\/roveyayinevi.com.tr\/index.php\/wp-json\/wp\/v2\/product_brand?post=785380"},{"taxonomy":"product_cat","embeddable":true,"href":"https:\/\/roveyayinevi.com.tr\/index.php\/wp-json\/wp\/v2\/product_cat?post=785380"},{"taxonomy":"product_tag","embeddable":true,"href":"https:\/\/roveyayinevi.com.tr\/index.php\/wp-json\/wp\/v2\/product_tag?post=785380"}],"curies":[{"name":"wp","href":"https:\/\/api.w.org\/{rel}","templated":true}]}}