{"id":785379,"date":"2026-04-01T03:38:52","date_gmt":"2026-04-01T00:38:52","guid":{"rendered":"https:\/\/roveyayinevi.com.tr\/index.php\/urun\/korlarin-alacakaranligi-ember-hollow-ejderhalari-1\/"},"modified":"2026-04-15T03:48:49","modified_gmt":"2026-04-15T00:48:49","slug":"korlarin-alacakaranligi-ember-hollow-ejderhalari-1","status":"publish","type":"product","link":"https:\/\/roveyayinevi.com.tr\/index.php\/urun\/korlarin-alacakaranligi-ember-hollow-ejderhalari-1\/","title":{"rendered":"Korlar\u0131n Alacakaranl\u0131\u011f\u0131  &#8211; Ember Hollow Ejderhalar\u0131 1"},"content":{"rendered":"<p>Hayden Parrish, Ember Hollow\u2019daki Evergreen \u00dcniversitesi\u2019ne geldi\u011finde tek istedi\u011fi yeni bir ba\u015flang\u0131\u00e7t\u0131. Anne ve babas\u0131n\u0131 kaybetti\u011fi gece olanlar\u0131, o g\u00fcnden sonra i\u00e7ine hapsoldu\u011fu karanl\u0131\u011f\u0131 kimsenin bilmedi\u011fi yepyeni bir hayata at\u0131l\u0131yordu nihayet. Ancak kamp\u00fcse ad\u0131m atar atmaz kar\u015f\u0131la\u015ft\u0131\u011f\u0131 bir yabanc\u0131dan s\u0131rlar\u0131n\u0131 saklamas\u0131 hi\u00e7 kolay olmayacakt\u0131.Knox Gallagher sadece \u00e7ekici, \u00f6zg\u00fcvenli ve tehlikeli derecede dikkatli biri de\u011fildi. Kasaban\u0131n uzak ucunda kendi se\u00e7ti\u011fi ailesiyle beraber ya\u015f\u0131yordu ve Hayden\u2019\u0131 ait oldu\u011funu bilmedi\u011fi bir d\u00fcnyaya \u00e7ekecekti. \u0130kiz karde\u015fi Easton, \u00fcniversitede profes\u00f6r olan Maddox, Vikingleri and\u0131ran C\u00e1el ve milyarder Cillian da ka\u00e7\u0131n\u0131lmaz sonun bir par\u00e7as\u0131yd\u0131.Hayden kadim ve gizemli bir ger\u00e7e\u011fi \u00f6\u011frenmek \u00fczereydi. \u00d6yle ki tek bir dokunu\u015f d\u00fcnyas\u0131n\u0131 yak\u0131p k\u00fcl etmeye yeterdi.<\/p>\n","protected":false},"excerpt":{"rendered":"<p>Hayden Parrish, Ember Hollow\u2019daki Evergreen \u00dcniversitesi\u2019ne geldi\u011finde tek istedi\u011fi yeni bir ba\u015flang\u0131\u00e7t\u0131. Anne ve babas\u0131n\u0131 kaybetti\u011fi gece olanlar\u0131, o g\u00fcnden sonra i\u00e7ine hapsoldu\u011fu karanl\u0131\u011f\u0131 kimsenin bilmedi\u011fi<span class=\"excerpt-hellip\"> [\u2026]<\/span><\/p>\n","protected":false},"featured_media":0,"template":"","meta":{"_monsterinsights_skip_tracking":false,"_monsterinsights_sitenote_active":false,"_monsterinsights_sitenote_note":"","_monsterinsights_sitenote_category":0},"product_brand":[],"product_cat":[12291,14777],"product_tag":[],"class_list":{"0":"post-785379","1":"product","2":"type-product","3":"status-publish","5":"product_cat-edebiyat","6":"product_cat-fantastik","7":"pa_cilt-ciltsiz","8":"pa_tur-kitap","9":"pa_yayinevi-nox-yayinlari","10":"pa_yazar-tessa-hale","12":"first","13":"instock","14":"sale","15":"shipping-taxable","16":"purchasable","17":"product-type-simple"},"_links":{"self":[{"href":"https:\/\/roveyayinevi.com.tr\/index.php\/wp-json\/wp\/v2\/product\/785379","targetHints":{"allow":["GET"]}}],"collection":[{"href":"https:\/\/roveyayinevi.com.tr\/index.php\/wp-json\/wp\/v2\/product"}],"about":[{"href":"https:\/\/roveyayinevi.com.tr\/index.php\/wp-json\/wp\/v2\/types\/product"}],"wp:attachment":[{"href":"https:\/\/roveyayinevi.com.tr\/index.php\/wp-json\/wp\/v2\/media?parent=785379"}],"wp:term":[{"taxonomy":"product_brand","embeddable":true,"href":"https:\/\/roveyayinevi.com.tr\/index.php\/wp-json\/wp\/v2\/product_brand?post=785379"},{"taxonomy":"product_cat","embeddable":true,"href":"https:\/\/roveyayinevi.com.tr\/index.php\/wp-json\/wp\/v2\/product_cat?post=785379"},{"taxonomy":"product_tag","embeddable":true,"href":"https:\/\/roveyayinevi.com.tr\/index.php\/wp-json\/wp\/v2\/product_tag?post=785379"}],"curies":[{"name":"wp","href":"https:\/\/api.w.org\/{rel}","templated":true}]}}