{"id":785377,"date":"2026-04-01T03:38:49","date_gmt":"2026-04-01T00:38:49","guid":{"rendered":"https:\/\/roveyayinevi.com.tr\/index.php\/urun\/cor-vita-demir-protokolu\/"},"modified":"2026-04-03T03:40:28","modified_gmt":"2026-04-03T00:40:28","slug":"cor-vita-demir-protokolu","status":"publish","type":"product","link":"https:\/\/roveyayinevi.com.tr\/index.php\/urun\/cor-vita-demir-protokolu\/","title":{"rendered":"Cor Vita: Demir Protokol\u00fc"},"content":{"rendered":"<p>Daha gen\u00e7 bir kalp, daha uzun bir hayat.   Kalp ve damar hastal\u0131klar\u0131 h\u00e2l\u00e2 d\u00fcnyada bir numaral\u0131 \u00f6l\u00fcm nedeni ve \u00e7ok ciddi bir sa\u011fl\u0131k sorunudur.   Bilim art\u0131k g\u00f6steriyor ki kalbin ve damarlar\u0131n biyolojik ya\u015f\u0131n\u0131 gen\u00e7le\u015ftirmek, ya\u015fam s\u00fcresini ve ya\u015fam kalitesini belirleyen en \u00f6nemli fakt\u00f6rlerden biridir.   Bu kitap, beslenme, inflamasyon, mikrobiyota, metabolik sa\u011fl\u0131k, \u00e7evresel toksinler ve modern kardiyoloji tedavileri aras\u0131ndaki ba\u011flant\u0131lar\u0131 g\u00fcncel bilimsel kan\u0131tlarla a\u00e7\u0131klayan kapsaml\u0131 bir rehberdir. Ama\u00e7 yaln\u0131zca hastal\u0131\u011f\u0131 ve semptomlar\u0131 y\u00f6netmek de\u011fil, kalp ve damar sistemini b\u00fct\u00fcnc\u00fcl bir yakla\u015f\u0131mla korumak, g\u00fc\u00e7lendirmek ve gen\u00e7 tutmakt\u0131r.   Demir Protokol\u00fc temelinde geli\u015ftirilen cardiolongevity yakla\u015f\u0131m\u0131, klasik t\u0131bb\u0131n kan\u0131tlar\u0131n\u0131, ya\u015fam tarz\u0131 t\u0131bb\u0131n\u0131n g\u00fcc\u00fcn\u00fc ve yeni nesil tedavilerin imk\u00e2nlar\u0131n\u0131 bir araya getirerek daha uzun, daha sa\u011fl\u0131kl\u0131 ve daha kaliteli bir ya\u015fam i\u00e7in bilimsel bir yol haritas\u0131 sunuyor.   Bu eser kendi kalbini de iyile\u015ftirmeye \u00e7al\u0131\u015fan bir kardiyolog ve ila\u00e7 bilimcinin profesyonel birikimiyle haz\u0131rlanm\u0131\u015ft\u0131r.<\/p>\n","protected":false},"excerpt":{"rendered":"<p>Daha gen\u00e7 bir kalp, daha uzun bir hayat. Kalp ve damar hastal\u0131klar\u0131 h\u00e2l\u00e2 d\u00fcnyada bir numaral\u0131 \u00f6l\u00fcm nedeni ve \u00e7ok ciddi bir sa\u011fl\u0131k sorunudur. Bilim art\u0131k<span class=\"excerpt-hellip\"> [\u2026]<\/span><\/p>\n","protected":false},"featured_media":0,"template":"","meta":{"_monsterinsights_skip_tracking":false,"_monsterinsights_sitenote_active":false,"_monsterinsights_sitenote_note":"","_monsterinsights_sitenote_category":0},"product_brand":[],"product_cat":[13402,13365],"product_tag":[],"class_list":{"0":"post-785377","1":"product","2":"type-product","3":"status-publish","5":"product_cat-beslenme-ve-diyet","6":"product_cat-saglik","7":"pa_cilt-ciltsiz","8":"pa_tur-kitap","9":"pa_yayinevi-destek-yayinlari","10":"pa_yazar-bulent-demir","12":"first","13":"instock","14":"sale","15":"shipping-taxable","16":"purchasable","17":"product-type-simple"},"_links":{"self":[{"href":"https:\/\/roveyayinevi.com.tr\/index.php\/wp-json\/wp\/v2\/product\/785377","targetHints":{"allow":["GET"]}}],"collection":[{"href":"https:\/\/roveyayinevi.com.tr\/index.php\/wp-json\/wp\/v2\/product"}],"about":[{"href":"https:\/\/roveyayinevi.com.tr\/index.php\/wp-json\/wp\/v2\/types\/product"}],"wp:attachment":[{"href":"https:\/\/roveyayinevi.com.tr\/index.php\/wp-json\/wp\/v2\/media?parent=785377"}],"wp:term":[{"taxonomy":"product_brand","embeddable":true,"href":"https:\/\/roveyayinevi.com.tr\/index.php\/wp-json\/wp\/v2\/product_brand?post=785377"},{"taxonomy":"product_cat","embeddable":true,"href":"https:\/\/roveyayinevi.com.tr\/index.php\/wp-json\/wp\/v2\/product_cat?post=785377"},{"taxonomy":"product_tag","embeddable":true,"href":"https:\/\/roveyayinevi.com.tr\/index.php\/wp-json\/wp\/v2\/product_tag?post=785377"}],"curies":[{"name":"wp","href":"https:\/\/api.w.org\/{rel}","templated":true}]}}